{"id":6574,"date":"2023-11-14T09:50:35","date_gmt":"2023-11-14T14:50:35","guid":{"rendered":"https:\/\/procana.org\/site\/?page_id=6574"},"modified":"2023-11-23T15:36:55","modified_gmt":"2023-11-23T20:36:55","slug":"programas-sectoriales","status":"publish","type":"page","link":"https:\/\/procana.org\/site\/programas-sectoriales\/","title":{"rendered":"Programas Sectoriales"},"content":{"rendered":"<p>[et_pb_section fb_built=&#8221;1&#8243; custom_padding_last_edited=&#8221;on|phone&#8221; disabled_on=&#8221;on|on|off&#8221; admin_label=&#8221;Section&#8221; module_id=&#8221;timeline&#8221; _builder_version=&#8221;4.8.1&#8243; _module_preset=&#8221;default&#8221; background_color=&#8221;rgba(10,10,10,0.03)&#8221; background_image=&#8221;https:\/\/procana.org\/site\/wp-content\/uploads\/2021\/03\/banner-quienes-somos-01.png&#8221; background_size=&#8221;contain&#8221; custom_margin=&#8221;30px||||false|false&#8221; custom_margin_tablet=&#8221;&#8221; custom_margin_phone=&#8221;&#8221; custom_margin_last_edited=&#8221;on|phone&#8221; custom_padding=&#8221;360px||0px|0px|false|false&#8221; custom_padding_tablet=&#8221;&#8221; custom_padding_phone=&#8221;|||60px|false|false&#8221; custom_css_main_element=&#8221;top:0px;||width:100%;&#8221; locked=&#8221;off&#8221;][\/et_pb_section][et_pb_section fb_built=&#8221;1&#8243; custom_padding_last_edited=&#8221;on|phone&#8221; disabled_on=&#8221;off|off|on&#8221; admin_label=&#8221;Section&#8221; module_id=&#8221;timeline&#8221; _builder_version=&#8221;4.8.1&#8243; _module_preset=&#8221;default&#8221; background_color=&#8221;rgba(10,10,10,0.03)&#8221; background_image=&#8221;https:\/\/procana.org\/site\/wp-content\/uploads\/2021\/03\/banner-quienes-somos-01.png&#8221; background_size=&#8221;contain&#8221; background_position=&#8221;center_right&#8221; custom_margin=&#8221;0px||-15px||false|false&#8221; custom_margin_tablet=&#8221;&#8221; custom_margin_phone=&#8221;&#8221; custom_margin_last_edited=&#8221;on|phone&#8221; custom_padding=&#8221;200px||0px|0px|false|false&#8221; custom_padding_tablet=&#8221;&#8221; custom_padding_phone=&#8221;|||60px|false|false&#8221; custom_css_main_element=&#8221;top:0px;||width:100%;&#8221; locked=&#8221;off&#8221;][\/et_pb_section][et_pb_section fb_built=&#8221;1&#8243; _builder_version=&#8221;4.8.1&#8243; _module_preset=&#8221;default&#8221; custom_padding=&#8221;19px|||||&#8221;][et_pb_row _builder_version=&#8221;4.8.1&#8243; _module_preset=&#8221;default&#8221; background_enable_image=&#8221;off&#8221; background_position=&#8221;top_center&#8221; width=&#8221;90%&#8221; max_width=&#8221;100%&#8221; custom_margin=&#8221;0px|auto||auto|false|false&#8221;][et_pb_column type=&#8221;4_4&#8243; _builder_version=&#8221;4.8.1&#8243; _module_preset=&#8221;default&#8221;][et_pb_text disabled_on=&#8221;on|on|off&#8221; _builder_version=&#8221;4.8.1&#8243; _module_preset=&#8221;default&#8221; text_font=&#8221;Oswald||||||||&#8221; custom_margin=&#8221;-3px||-2px||false|false&#8221; custom_padding=&#8221;|||71px|false|false&#8221; hover_enabled=&#8221;0&#8243; sticky_enabled=&#8221;0&#8243;]<\/p>\n<h1 style=\"color: #e36f1b;\">PROGRAMAS<\/h1>\n<p>[\/et_pb_text][et_pb_text disabled_on=&#8221;off|off|off&#8221; _builder_version=&#8221;4.8.1&#8243; _module_preset=&#8221;default&#8221; custom_padding=&#8221;|||46px|false|false&#8221;][\/et_pb_text][et_pb_text _builder_version=&#8221;4.8.1&#8243; _module_preset=&#8221;default&#8221; text_font=&#8221;Montserrat||||||||&#8221; custom_padding=&#8221;0px|40px|0px|40px|true|false&#8221;]<\/p>\n<p align=\"left\" style=\"text-align: justify;\"><img loading=\"lazy\" decoding=\"async\" src=\"https:\/\/procana.org\/site\/wp-content\/uploads\/2023\/11\/corazon-de-cana-logo-300x199.png\" width=\"300\" height=\"199\" alt=\"\" class=\"wp-image-6584 alignleft size-medium\" \/><span><strong><span style=\"color: #339966;\">Coraz\u00f3n de Ca\u00f1a:<\/span><\/strong><\/p>\n<p>Muestra el arraigo de las comunidades con el sector de la ca\u00f1a de az\u00facar evidenciando el impacto sobre la vida de las personas que ratifican los testimonios de sus protagonistas.<\/span><\/p>\n<p>[\/et_pb_text][et_pb_image src=&#8221;https:\/\/procana.org\/site\/wp-content\/uploads\/2023\/11\/line.jpg&#8221; title_text=&#8221;line&#8221; show_bottom_space=&#8221;off&#8221; force_fullwidth=&#8221;on&#8221; _builder_version=&#8221;4.8.1&#8243; _module_preset=&#8221;default&#8221; background_enable_image=&#8221;off&#8221; background_size=&#8221;contain&#8221;][\/et_pb_image][et_pb_text admin_label=&#8221;Text&#8221; _builder_version=&#8221;4.8.1&#8243; _module_preset=&#8221;default&#8221; text_font=&#8221;Montserrat||||||||&#8221; custom_padding=&#8221;0px|40px|0px|40px|true|false&#8221;]<\/p>\n<p align=\"left\" style=\"text-align: justify;\"><span><strong><span style=\"color: #339966;\"><img loading=\"lazy\" decoding=\"async\" src=\"https:\/\/procana.org\/site\/wp-content\/uploads\/2023\/11\/Nuevas-Generaciones-300x243.jpg\" width=\"300\" height=\"243\" alt=\"\" class=\"wp-image-6589 alignleft size-medium\" \/>Nuevas Generaciones:<\/span><\/strong><\/span><\/p>\n<p>Es un programa que tiene como objetivo motivar a los hijos de los agricultores de ca\u00f1a a participar en la actividad agr\u00edcola y gremial.  Actualmente el grupo est\u00e1 conformado por m\u00e1s de 120 j\u00f3venes algunos de los cuales hacen parte de los comit\u00e9s de direcci\u00f3n y de la junta directiva del gremio.<\/p>\n<p>La mayor motivaci\u00f3n de los j\u00f3venes es aportar sus destrezas en programas que contribuyen a la sostenibilidad del sector y de la agricultura como base para el desarrollo social, ambiental y econ\u00f3mico donde la tecnolog\u00eda y la innovaci\u00f3n son fundamentales.[\/et_pb_text][et_pb_image src=&#8221;https:\/\/procana.org\/site\/wp-content\/uploads\/2023\/11\/line.jpg&#8221; title_text=&#8221;line&#8221; show_bottom_space=&#8221;off&#8221; force_fullwidth=&#8221;on&#8221; _builder_version=&#8221;4.8.1&#8243; _module_preset=&#8221;default&#8221; background_enable_image=&#8221;off&#8221; background_size=&#8221;contain&#8221;][\/et_pb_image][et_pb_text admin_label=&#8221;Text&#8221; _builder_version=&#8221;4.8.1&#8243; _module_preset=&#8221;default&#8221; text_font=&#8221;Montserrat||||||||&#8221; custom_padding=&#8221;0px|40px|0px|40px|true|false&#8221;]<\/p>\n<p align=\"left\" style=\"text-align: justify;\"><span><strong><span style=\"color: #339966;\"><img loading=\"lazy\" decoding=\"async\" src=\"https:\/\/procana.org\/site\/wp-content\/uploads\/2023\/11\/LogosCompromisoRural-300x225.png\" width=\"300\" height=\"225\" alt=\"\" class=\"wp-image-6588 alignleft size-medium\" \/>Compromiso Rural:<\/span><\/strong><\/span><\/p>\n<p>Primer modelo en Colombia de capacitaci\u00f3n y  generaci\u00f3n de empleo rural en alianza con Asoca\u00f1a,  Azucari, Cenica\u00f1a, y el  apoyo de  la  pol\u00edtica p\u00fablica  con   entidades   como   el   Sena   e   ICBF- que   naci\u00f3   en  2021. El  prop\u00f3sito es  brindar capacitaci\u00f3n y empleo  en 28 municipios del Valle del Cauca, Cauca y  Risaralda. Hasta la  fecha, ha  generado 1.750 empleos  y apoy\u00f3 cerca de 700 emprendimientos locales en  diferentes sectores. Los beneficiarios pueden  fortalecer sus habilidades de liderazgo y recibir  formaci\u00f3n t\u00e9cnica para el trabajo rural.[\/et_pb_text][et_pb_image src=&#8221;https:\/\/procana.org\/site\/wp-content\/uploads\/2023\/11\/line.jpg&#8221; title_text=&#8221;line&#8221; show_bottom_space=&#8221;off&#8221; force_fullwidth=&#8221;on&#8221; _builder_version=&#8221;4.8.1&#8243; _module_preset=&#8221;default&#8221; background_enable_image=&#8221;off&#8221; background_size=&#8221;contain&#8221;][\/et_pb_image][et_pb_text admin_label=&#8221;Text&#8221; _builder_version=&#8221;4.8.1&#8243; _module_preset=&#8221;default&#8221; text_font=&#8221;Montserrat||||||||&#8221; custom_padding=&#8221;0px|40px|0px|40px|true|false&#8221;]<\/p>\n<p align=\"left\" style=\"text-align: justify;\"><span><strong><span style=\"color: #339966;\"><img loading=\"lazy\" decoding=\"async\" src=\"https:\/\/procana.org\/site\/wp-content\/uploads\/2023\/11\/logo-INTEGRA-300x166.png\" width=\"300\" height=\"166\" alt=\"\" class=\"wp-image-6585 alignleft size-medium\" \/>Integra &#8211; Gu\u00eda de Ca\u00f1a Sostenible:<\/span><\/strong><\/span><\/p>\n<p>Proca\u00f1a lider\u00f3 en 2015, la implementaci\u00f3n de lo que hoy es el programa INTEGRA que apoya la transici\u00f3n del agricultor hacia pr\u00e1cticas m\u00e1s sostenibles a trav\u00e9s de una plataforma tecnol\u00f3gica en la nube que permite la autoevaluaci\u00f3n y autogesti\u00f3n del productor. El acceso al programa es gratuito y le permite el cumplimiento de indicadores de gesti\u00f3n a trav\u00e9s de un plan de acci\u00f3n que incluye aspectos agroambientales, sociales y econ\u00f3micos. Actualmente beneficia a m\u00e1s de 41.150 ha y es liderado por el Centro de Investigaci\u00f3n CENICA\u00d1A con el apoyo de agricultores, ingenios, CVC y otras entidades.<\/p>\n<p>[\/et_pb_text][et_pb_image src=&#8221;https:\/\/procana.org\/site\/wp-content\/uploads\/2023\/11\/line.jpg&#8221; title_text=&#8221;line&#8221; show_bottom_space=&#8221;off&#8221; force_fullwidth=&#8221;on&#8221; _builder_version=&#8221;4.8.1&#8243; _module_preset=&#8221;default&#8221; background_enable_image=&#8221;off&#8221; background_size=&#8221;contain&#8221;][\/et_pb_image][et_pb_text admin_label=&#8221;Text&#8221; _builder_version=&#8221;4.8.1&#8243; _module_preset=&#8221;default&#8221; text_font=&#8221;Montserrat||||||||&#8221; custom_padding=&#8221;0px|40px|0px|40px|true|false&#8221;]<\/p>\n<p align=\"left\" style=\"text-align: justify;\"><span><strong><span style=\"color: #339966;\"><img loading=\"lazy\" decoding=\"async\" src=\"https:\/\/procana.org\/site\/wp-content\/uploads\/2023\/11\/AldeasLogoColor-big-271x300.png\" width=\"271\" height=\"300\" alt=\"\" class=\"wp-image-6595 alignleft size-medium\" \/>ALDEAS, Alianza para el Desarrollo Ambiental y Social:<\/span><\/strong><\/span><\/p>\n<p>En el 2022 consolidamos la Alianza con la Fundaci\u00f3n Caicedo Gonz\u00e1lez y la Fundaci\u00f3n Mariana Hoyos para promover iniciativas que contribuyan a generar oportunidades sociales, econ\u00f3micas y ambientales en municipios del valle del cauca y norte del cauca.<\/p>\n<p>Mediante este programa se han invertido en el \u00faltimo a\u00f1o $ 1.610.015.200 en m\u00e1s de1.227 huertas que benefician 1.251 familias en dos departamentos y 59 corregimientos y<br \/> veredas; han participado 14 organizaciones sociales, 6 resguardos 5 consejos comunitarios y producido m\u00e1s de 400.000 kilos de alimentos como fr\u00edjol, ma\u00edz lechuga tomate y zanahoria entre otros alimentos que han servido para la dieta alimentaria para la familia y los excedentes se han utilizado para canjear y vender generando ingresos adicionales.<\/p>\n<p>[\/et_pb_text][et_pb_image src=&#8221;https:\/\/procana.org\/site\/wp-content\/uploads\/2023\/11\/line.jpg&#8221; title_text=&#8221;line&#8221; show_bottom_space=&#8221;off&#8221; force_fullwidth=&#8221;on&#8221; _builder_version=&#8221;4.8.1&#8243; _module_preset=&#8221;default&#8221; background_enable_image=&#8221;off&#8221; background_size=&#8221;contain&#8221;][\/et_pb_image][et_pb_text admin_label=&#8221;Text&#8221; _builder_version=&#8221;4.8.1&#8243; _module_preset=&#8221;default&#8221; text_font=&#8221;Montserrat||||||||&#8221; custom_padding=&#8221;0px|40px|0px|40px|true|false&#8221;]<\/p>\n<p align=\"left\" style=\"text-align: justify;\"><span><strong><span style=\"color: #339966;\"><img loading=\"lazy\" decoding=\"async\" src=\"https:\/\/procana.org\/site\/wp-content\/uploads\/2023\/11\/LogoFondoSocial-300x208.png\" width=\"300\" height=\"208\" alt=\"\" class=\"wp-image-6586 alignleft size-medium\" \/>Fondo Social:<\/span><\/strong><\/span><\/p>\n<p>Desde 2019, agricultores e ingenios constituyeron este  fondo, el cual es el \u00fanico en su g\u00e9nero en Colombia; las  donaciones voluntarias se invierten en las comunidades  rurales de la zona de ladera y alta monta\u00f1a. Cada peso  donado ha logrado conseguir 1,5 pesos con  aliados como  la Gobernaci\u00f3n del Valle. Se han invertido m\u00e1s de $ 5 mil  millones en mejorar v\u00edas terciarias, beneficiando a  asociaciones de campesinos y m\u00e1s de 5.000 habitantes.[\/et_pb_text][\/et_pb_column][\/et_pb_row][\/et_pb_section]<\/p>\n","protected":false},"excerpt":{"rendered":"<p>PROGRAMASCoraz\u00f3n de Ca\u00f1a: Muestra el arraigo de las comunidades con el sector de la ca\u00f1a de az\u00facar evidenciando el impacto sobre la vida de las personas que ratifican los testimonios de sus protagonistas.Nuevas Generaciones: Es un programa que tiene como objetivo motivar a los hijos de los agricultores de ca\u00f1a a participar en la actividad [&hellip;]<\/p>\n","protected":false},"author":681,"featured_media":0,"parent":0,"menu_order":0,"comment_status":"closed","ping_status":"closed","template":"","meta":{"_et_pb_use_builder":"on","_et_pb_old_content":"","_et_gb_content_width":"","footnotes":""},"class_list":["post-6574","page","type-page","status-publish","hentry"],"_links":{"self":[{"href":"https:\/\/procana.org\/site\/wp-json\/wp\/v2\/pages\/6574","targetHints":{"allow":["GET"]}}],"collection":[{"href":"https:\/\/procana.org\/site\/wp-json\/wp\/v2\/pages"}],"about":[{"href":"https:\/\/procana.org\/site\/wp-json\/wp\/v2\/types\/page"}],"author":[{"embeddable":true,"href":"https:\/\/procana.org\/site\/wp-json\/wp\/v2\/users\/681"}],"replies":[{"embeddable":true,"href":"https:\/\/procana.org\/site\/wp-json\/wp\/v2\/comments?post=6574"}],"version-history":[{"count":5,"href":"https:\/\/procana.org\/site\/wp-json\/wp\/v2\/pages\/6574\/revisions"}],"predecessor-version":[{"id":6679,"href":"https:\/\/procana.org\/site\/wp-json\/wp\/v2\/pages\/6574\/revisions\/6679"}],"wp:attachment":[{"href":"https:\/\/procana.org\/site\/wp-json\/wp\/v2\/media?parent=6574"}],"curies":[{"name":"wp","href":"https:\/\/api.w.org\/{rel}","templated":true}]}}