{"id":276,"date":"2021-01-21T04:45:25","date_gmt":"2021-01-21T09:45:25","guid":{"rendered":"http:\/\/localhost\/procana\/?page_id=276"},"modified":"2023-09-05T11:01:46","modified_gmt":"2023-09-05T16:01:46","slug":"historia-del-alcohol-carburante","status":"publish","type":"page","link":"https:\/\/procana.org\/site\/historia-del-alcohol-carburante\/","title":{"rendered":"Historia del Alcohol Carburante"},"content":{"rendered":"<p>[et_pb_section fb_built=&#8221;1&#8243; custom_padding_last_edited=&#8221;on|phone&#8221; disabled_on=&#8221;on|on|off&#8221; admin_label=&#8221;Section&#8221; _builder_version=&#8221;4.8.1&#8243; _module_preset=&#8221;default&#8221; background_color=&#8221;rgba(10,10,10,0.03)&#8221; background_image=&#8221;https:\/\/procana.org\/site\/wp-content\/uploads\/2021\/03\/banner-lacana-01.png&#8221; background_size=&#8221;contain&#8221; custom_margin=&#8221;30px||||false|false&#8221; custom_margin_tablet=&#8221;&#8221; custom_margin_phone=&#8221;&#8221; custom_margin_last_edited=&#8221;on|phone&#8221; custom_padding=&#8221;360px||0px|0px|false|false&#8221; custom_padding_tablet=&#8221;&#8221; custom_padding_phone=&#8221;|||60px|false|false&#8221; custom_css_main_element=&#8221;top:0px;||width:100%;&#8221; locked=&#8221;off&#8221;][\/et_pb_section][et_pb_section fb_built=&#8221;1&#8243; custom_padding_last_edited=&#8221;on|phone&#8221; disabled_on=&#8221;off|off|on&#8221; admin_label=&#8221;Section&#8221; _builder_version=&#8221;4.8.1&#8243; _module_preset=&#8221;default&#8221; background_color=&#8221;rgba(10,10,10,0.03)&#8221; background_image=&#8221;https:\/\/procana.org\/site\/wp-content\/uploads\/2021\/03\/banner-lacana-01.png&#8221; background_size=&#8221;contain&#8221; background_position=&#8221;center_right&#8221; custom_margin=&#8221;0px||-15px||false|false&#8221; custom_margin_tablet=&#8221;&#8221; custom_margin_phone=&#8221;&#8221; custom_margin_last_edited=&#8221;on|phone&#8221; custom_padding=&#8221;200px||0px|0px|false|false&#8221; custom_padding_tablet=&#8221;&#8221; custom_padding_phone=&#8221;|||60px|false|false&#8221; custom_css_main_element=&#8221;top:0px;||width:100%;&#8221; locked=&#8221;off&#8221;][\/et_pb_section][et_pb_section fb_built=&#8221;1&#8243; _builder_version=&#8221;4.8.1&#8243; _module_preset=&#8221;default&#8221; custom_padding=&#8221;19px|||||&#8221;][et_pb_row _builder_version=&#8221;4.8.1&#8243; _module_preset=&#8221;default&#8221; background_enable_image=&#8221;off&#8221; background_position=&#8221;top_center&#8221; width=&#8221;90%&#8221; max_width=&#8221;100%&#8221; custom_margin=&#8221;0px|auto||auto|false|false&#8221; locked=&#8221;off&#8221;][et_pb_column type=&#8221;4_4&#8243; _builder_version=&#8221;4.8.1&#8243; _module_preset=&#8221;default&#8221;][et_pb_text disabled_on=&#8221;off|off|off&#8221; _builder_version=&#8221;4.8.1&#8243; _module_preset=&#8221;default&#8221; text_font=&#8221;Oswald||||||||&#8221; custom_margin=&#8221;-3px||-2px||false|false&#8221; custom_padding=&#8221;|||80px|false|false&#8221;]<\/p>\n<h1 style=\"color: #173b72;\">La historia del Alcohol Carburante<\/h1>\n<p>[\/et_pb_text][\/et_pb_column][\/et_pb_row][et_pb_row column_structure=&#8221;2_3,1_3&#8243; _builder_version=&#8221;4.8.1&#8243; _module_preset=&#8221;default&#8221; max_width=&#8221;80%&#8221; custom_margin=&#8221;0px|auto||auto|false|false&#8221;][et_pb_column type=&#8221;2_3&#8243; _builder_version=&#8221;4.8.1&#8243; _module_preset=&#8221;default&#8221;][et_pb_text _builder_version=&#8221;4.8.1&#8243; _module_preset=&#8221;default&#8221; text_font=&#8221;Montserrat||||||||&#8221; text_text_color=&#8221;#000000&#8243; text_font_size=&#8221;13px&#8221; header_font=&#8221;Oswald|300|||||||&#8221;]<\/p>\n<p style=\"text-align: justify;\">La historia del Alcohol Carburante o Bioetanol no es nueva, es un combustible que se ha implementado hace varios a\u00f1os en pa\u00edses desarrollados como Estados Unidos que lo produce a partir del ma\u00edz. Rusia, centro y norte de Europa, de la remolacha. En pa\u00edses ubicados en el tr\u00f3pico la materia prima ha sido la yuca.<br \/> En Am\u00e9rica Latina Brasil lo empez\u00f3 a usar hace m\u00e1s de 25 a\u00f1os, Rep\u00fablica Dominicana y Ecuador, comienzan a implementarlo.<\/p>\n<p style=\"text-align: justify;\">Colombia no es ajena a este movimiento y comienza a escribir su historia desde inicios de la d\u00e9cada del <strong>2000<\/strong> cuando se comenz\u00f3 a promover su producci\u00f3n con el objetivo de reducir la dependencia sobre combustibles f\u00f3siles.<br \/> Ingenios como Manuelita, Incauca, Mayag\u00fcez, Providencia destinan un porcentaje de su producci\u00f3n de az\u00facar crudo a la elaboraci\u00f3n de este biocombustible que permite la incursi\u00f3n en la producci\u00f3n de energ\u00edas renovables.<\/p>\n<p style=\"text-align: justify;\">El Alcohol Carburante es un Compuesto inflamable que no tiene color y tiene olor caracter\u00edstico de los alcoholes. Se puede producir a partir de ma\u00edz, papa, remolacha, yuca, sorgo o de la ca\u00f1a de az\u00facar, todos ellos tienen la propiedad de contener carbohidratos que al fermentarse se transforman en alcohol.<\/p>\n<p style=\"text-align: justify;\">En Colombia se mezcla con la gasolina que es utilizada para abastecer los veh\u00edculos. La ley 693 de <strong>2001<\/strong>, estableci\u00f3 que desde septiembre del a\u00f1o <strong>2005<\/strong>, las ciudades con m\u00e1s de 500 mil habitantes, como sucede en Bogot\u00e1, Cali, Medell\u00edn y Barranquilla, deber\u00edan utilizar gasolina en una mezcla 10% de Alcohol carburante por razones como:<\/p>\n<p style=\"text-align: justify; padding-left: 30px;\"><strong>1.<\/strong> La preocupaci\u00f3n por el medio ambiente, ya que los carros lanzan al aire cantidades enormes de gases que ocasionan enfermedades a las personas y que propician el calentamiento del mundo. El alcohol carburante ayuda a disminuir estos gases.<\/p>\n<p style=\"text-align: justify; padding-left: 30px;\"><strong>2.<\/strong> Los combustibles que provienen del petr\u00f3leo, que es una fuente no renovable de energ\u00eda, se est\u00e1n agotando poco a poco.<\/p>\n<p><strong>Proceso<\/strong><\/p>\n<p style=\"text-align: justify;\">En el caso del alcohol carburante que proviene de la ca\u00f1a de az\u00facar se consigue con la fermentaci\u00f3n que es un proceso donde los azucares contenidos en los jugos y las mieles de los cultivos se transforman en alcohol con la ayuda de levaduras.<br \/> Despu\u00e9s el alcohol fermentado pasa a unas columnas de destilaci\u00f3n, donde a trav\u00e9s de un proceso de evaporaci\u00f3n se separa compuestos, obteni\u00e9ndose el alcohol m\u00e1s puro y la vinaza.<\/p>\n<p style=\"text-align: justify;\">La etapa final es la deshidrataci\u00f3n, donde se retira el agua del alcohol y se obtiene el alcohol carburante o el alcohol anhidro que significa alcohol sin agua.<\/p>\n<p><strong>Las vinazas<\/strong><\/p>\n<p style=\"text-align: justify;\">Es un producto que posee minerales como f\u00f3sforo, potasio y aluminio que nunca se deben verter a las corrientes de agua, pero que se puede utilizar como fertilizante en forma dosificada, teniendo en cuenta las condiciones del suelo para evitar la contaminaci\u00f3n.<\/p>\n<p style=\"text-align: justify;\">En Colombia existen varias regiones que por su ubicaci\u00f3n geogr\u00e1fica, cerca de las ciudades donde inicialmente se dar\u00e1 la mezcla, y por su vocaci\u00f3n agropecuaria, estar\u00edan privilegiadas para la ubicaci\u00f3n de las destiler\u00edas de alcohol carburante.<\/p>\n<p style=\"text-align: justify;\">Dichas regiones son: El altiplano cundiboyacense, la hoya del r\u00edo Su\u00e1rez en los departamentos de Boyac\u00e1 y Santander (a 150 Kil\u00f3metros de Bogot\u00e1), el Valle del Cauca, el eje cafetero, Villeta y Sasaima en Cundinamarca, la zona de Vegachi en Antioquia y los departamentos Cesar y Huila.<\/p>\n<p>[\/et_pb_text][\/et_pb_column][et_pb_column type=&#8221;1_3&#8243; _builder_version=&#8221;4.8.1&#8243; _module_preset=&#8221;default&#8221;][et_pb_image src=&#8221;https:\/\/procana.org\/site\/wp-content\/uploads\/2021\/03\/quienes_somos_historiadeprocana-V2.png&#8221; title_text=&#8221;quienes_somos_historiadeprocana-V2&#8243; align=&#8221;center&#8221; _builder_version=&#8221;4.8.1&#8243; _module_preset=&#8221;default&#8221;][\/et_pb_image][\/et_pb_column][\/et_pb_row][\/et_pb_section]<\/p>\n","protected":false},"excerpt":{"rendered":"<p>La historia del Alcohol CarburanteLa historia del Alcohol Carburante o Bioetanol no es nueva, es un combustible que se ha implementado hace varios a\u00f1os en pa\u00edses desarrollados como Estados Unidos que lo produce a partir del ma\u00edz. Rusia, centro y norte de Europa, de la remolacha. En pa\u00edses ubicados en el tr\u00f3pico la materia prima [&hellip;]<\/p>\n","protected":false},"author":1,"featured_media":0,"parent":0,"menu_order":0,"comment_status":"closed","ping_status":"closed","template":"","meta":{"_et_pb_use_builder":"on","_et_pb_old_content":"<!-- wp:divi\/placeholder \/-->","_et_gb_content_width":"","footnotes":""},"class_list":["post-276","page","type-page","status-publish","hentry"],"_links":{"self":[{"href":"https:\/\/procana.org\/site\/wp-json\/wp\/v2\/pages\/276","targetHints":{"allow":["GET"]}}],"collection":[{"href":"https:\/\/procana.org\/site\/wp-json\/wp\/v2\/pages"}],"about":[{"href":"https:\/\/procana.org\/site\/wp-json\/wp\/v2\/types\/page"}],"author":[{"embeddable":true,"href":"https:\/\/procana.org\/site\/wp-json\/wp\/v2\/users\/1"}],"replies":[{"embeddable":true,"href":"https:\/\/procana.org\/site\/wp-json\/wp\/v2\/comments?post=276"}],"version-history":[{"count":8,"href":"https:\/\/procana.org\/site\/wp-json\/wp\/v2\/pages\/276\/revisions"}],"predecessor-version":[{"id":6253,"href":"https:\/\/procana.org\/site\/wp-json\/wp\/v2\/pages\/276\/revisions\/6253"}],"wp:attachment":[{"href":"https:\/\/procana.org\/site\/wp-json\/wp\/v2\/media?parent=276"}],"curies":[{"name":"wp","href":"https:\/\/api.w.org\/{rel}","templated":true}]}}