{"id":266,"date":"2021-01-21T04:43:51","date_gmt":"2021-01-21T09:43:51","guid":{"rendered":"http:\/\/localhost\/procana\/?page_id=266"},"modified":"2025-08-04T10:38:26","modified_gmt":"2025-08-04T15:38:26","slug":"junta-directiva","status":"publish","type":"page","link":"https:\/\/procana.org\/site\/junta-directiva\/","title":{"rendered":"Junta Directiva"},"content":{"rendered":"<p>[et_pb_section fb_built=&#8221;1&#8243; custom_padding_last_edited=&#8221;on|phone&#8221; disabled_on=&#8221;on|on|off&#8221; admin_label=&#8221;Section&#8221; _builder_version=&#8221;4.16&#8243; _module_preset=&#8221;default&#8221; background_color=&#8221;rgba(10,10,10,0.03)&#8221; background_image=&#8221;https:\/\/procana.org\/site\/wp-content\/uploads\/2021\/03\/banner-codigo-buen-gobierno-01.png&#8221; background_size=&#8221;contain&#8221; custom_margin=&#8221;30px||||false|false&#8221; custom_margin_tablet=&#8221;&#8221; custom_margin_phone=&#8221;&#8221; custom_margin_last_edited=&#8221;on|phone&#8221; custom_padding=&#8221;360px||0px|0px|false|false&#8221; custom_padding_tablet=&#8221;&#8221; custom_padding_phone=&#8221;|||60px|false|false&#8221; custom_css_main_element=&#8221;top:0px;||width:100%;&#8221; locked=&#8221;off&#8221; global_colors_info=&#8221;{}&#8221;][\/et_pb_section][et_pb_section fb_built=&#8221;1&#8243; custom_padding_last_edited=&#8221;on|phone&#8221; disabled_on=&#8221;off|off|on&#8221; admin_label=&#8221;Section&#8221; _builder_version=&#8221;4.16&#8243; _module_preset=&#8221;default&#8221; background_color=&#8221;rgba(10,10,10,0.03)&#8221; background_image=&#8221;https:\/\/procana.org\/site\/wp-content\/uploads\/2021\/03\/banner-codigo-buen-gobierno-01.png&#8221; background_size=&#8221;contain&#8221; background_position=&#8221;center_right&#8221; custom_margin=&#8221;0px||-15px||false|false&#8221; custom_margin_tablet=&#8221;&#8221; custom_margin_phone=&#8221;&#8221; custom_margin_last_edited=&#8221;on|phone&#8221; custom_padding=&#8221;200px||0px|0px|false|false&#8221; custom_padding_tablet=&#8221;&#8221; custom_padding_phone=&#8221;|||60px|false|false&#8221; custom_css_main_element=&#8221;top:0px;||width:100%;&#8221; locked=&#8221;off&#8221; global_colors_info=&#8221;{}&#8221;][\/et_pb_section][et_pb_section fb_built=&#8221;1&#8243; _builder_version=&#8221;4.16&#8243; _module_preset=&#8221;default&#8221; custom_padding=&#8221;19px|||||&#8221; global_colors_info=&#8221;{}&#8221;][et_pb_row _builder_version=&#8221;4.16&#8243; _module_preset=&#8221;default&#8221; background_enable_image=&#8221;off&#8221; background_position=&#8221;top_center&#8221; width=&#8221;90%&#8221; max_width=&#8221;100%&#8221; custom_margin=&#8221;0px|auto||auto|false|false&#8221; global_colors_info=&#8221;{}&#8221;][et_pb_column type=&#8221;4_4&#8243; _builder_version=&#8221;4.16&#8243; _module_preset=&#8221;default&#8221; global_colors_info=&#8221;{}&#8221;][et_pb_text disabled_on=&#8221;on|on|off&#8221; _builder_version=&#8221;4.27.0&#8243; _module_preset=&#8221;default&#8221; text_font=&#8221;Oswald||||||||&#8221; custom_margin=&#8221;-3px||-2px||false|false&#8221; custom_padding=&#8221;|||80px|false|false&#8221; hover_enabled=&#8221;0&#8243; global_colors_info=&#8221;{}&#8221; sticky_enabled=&#8221;0&#8243;]<\/p>\n<h1 style=\"color: #173b72;\">Junta Directiva Proca\u00f1a 2025 &#8211; 2027<\/h1>\n<p>[\/et_pb_text][et_pb_text disabled_on=&#8221;off|off|on&#8221; _builder_version=&#8221;4.27.0&#8243; _module_preset=&#8221;default&#8221; text_font=&#8221;Oswald||||||||&#8221; custom_margin=&#8221;||-2px||false|false&#8221; custom_padding=&#8221;|||0px|false|false&#8221; hover_enabled=&#8221;0&#8243; global_colors_info=&#8221;{}&#8221; sticky_enabled=&#8221;0&#8243;]<\/p>\n<h1 style=\"color: #173b72;\">Junta Directiva Proca\u00f1a 2025 &#8211; 2027<\/h1>\n<p>[\/et_pb_text][\/et_pb_column][\/et_pb_row][\/et_pb_section][et_pb_section fb_built=&#8221;1&#8243; specialty=&#8221;on&#8221; _builder_version=&#8221;4.16&#8243; _module_preset=&#8221;default&#8221; background_enable_image=&#8221;off&#8221; background_size=&#8221;contain&#8221; global_colors_info=&#8221;{}&#8221;][et_pb_column type=&#8221;1_3&#8243; _builder_version=&#8221;4.16&#8243; custom_padding=&#8221;|||&#8221; global_colors_info=&#8221;{}&#8221; custom_padding__hover=&#8221;|||&#8221;][et_pb_team_member name=&#8221;GUILLERMO REBOLLEDO MEJ\u00cdA&#8221; position=&#8221;PRESIDENTE&#8221; _builder_version=&#8221;4.27.0&#8243; _module_preset=&#8221;default&#8221; header_font=&#8221;Oswald|300|||||||&#8221; header_font_size=&#8221;18px&#8221; body_font=&#8221;Oswald|300|||||||&#8221; body_font_size=&#8221;17px&#8221; text_orientation=&#8221;center&#8221; global_colors_info=&#8221;{}&#8221;][\/et_pb_team_member][et_pb_team_member name=&#8221;FELIPE OTOYA  CASASFRANCO&#8221; position=&#8221;VICEPRESIDENTE&#8221; _builder_version=&#8221;4.27.0&#8243; _module_preset=&#8221;default&#8221; header_font=&#8221;Oswald|300|||||||&#8221; header_font_size=&#8221;18px&#8221; body_font=&#8221;Oswald|300|||||||&#8221; body_font_size=&#8221;17px&#8221; text_orientation=&#8221;center&#8221; global_colors_info=&#8221;{}&#8221;][\/et_pb_team_member][et_pb_image src=&#8221;https:\/\/procana.org\/site\/wp-content\/uploads\/2021\/03\/watermark-procana-1.png&#8221; title_text=&#8221;watermark-procana&#8221; disabled_on=&#8221;on|on|off&#8221; _builder_version=&#8221;4.16&#8243; _module_preset=&#8221;default&#8221; global_colors_info=&#8221;{}&#8221;][\/et_pb_image][\/et_pb_column][et_pb_column type=&#8221;2_3&#8243; specialty_columns=&#8221;2&#8243; _builder_version=&#8221;4.16&#8243; custom_padding=&#8221;|||&#8221; global_colors_info=&#8221;{}&#8221; custom_padding__hover=&#8221;|||&#8221;][et_pb_row_inner column_structure=&#8221;1_4,1_4,1_4,1_4&#8243; _builder_version=&#8221;4.16&#8243; _module_preset=&#8221;default&#8221; global_colors_info=&#8221;{}&#8221;][et_pb_column_inner type=&#8221;1_4&#8243; saved_specialty_column_type=&#8221;2_3&#8243; _builder_version=&#8221;4.16&#8243; _module_preset=&#8221;default&#8221; global_colors_info=&#8221;{}&#8221;][et_pb_team_member _builder_version=&#8221;4.27.0&#8243; _module_preset=&#8221;default&#8221; header_font=&#8221;Oswald|300|||||||&#8221; header_font_size=&#8221;14px&#8221; body_font=&#8221;Oswald|300|||||||&#8221; body_font_size=&#8221;17px&#8221; text_orientation=&#8221;center&#8221; global_colors_info=&#8221;{}&#8221;]<\/p>\n<p>ANA MAR\u00cdA PAYERAS TENORIO<\/p>\n<p>[\/et_pb_team_member][et_pb_team_member _builder_version=&#8221;4.27.0&#8243; _module_preset=&#8221;default&#8221; header_font=&#8221;Oswald|300|||||||&#8221; header_font_size=&#8221;22px&#8221; body_font=&#8221;Oswald|300|||||||&#8221; body_font_size=&#8221;17px&#8221; text_orientation=&#8221;center&#8221; global_colors_info=&#8221;{}&#8221;]<\/p>\n<p>JUAN MANUEL SALCEDO CABAL<\/p>\n<p>[\/et_pb_team_member][et_pb_team_member _builder_version=&#8221;4.27.0&#8243; _module_preset=&#8221;default&#8221; header_font=&#8221;Oswald|300|||||||&#8221; header_font_size=&#8221;22px&#8221; body_font=&#8221;Oswald|300|||||||&#8221; body_font_size=&#8221;17px&#8221; text_orientation=&#8221;center&#8221; global_colors_info=&#8221;{}&#8221;]<\/p>\n<p>ALEJANDRA DOM\u00cdNGUEZ CABAL<\/p>\n<p>[\/et_pb_team_member][et_pb_team_member _builder_version=&#8221;4.27.0&#8243; _module_preset=&#8221;default&#8221; header_font=&#8221;Oswald|300|||||||&#8221; header_font_size=&#8221;22px&#8221; body_font=&#8221;Oswald|300|||||||&#8221; body_font_size=&#8221;17px&#8221; text_orientation=&#8221;center&#8221; global_colors_info=&#8221;{}&#8221;]<\/p>\n<p>KJELL VON SNEIDERN CABRERA<\/p>\n<p>[\/et_pb_team_member][\/et_pb_column_inner][et_pb_column_inner type=&#8221;1_4&#8243; saved_specialty_column_type=&#8221;2_3&#8243; _builder_version=&#8221;4.16&#8243; _module_preset=&#8221;default&#8221; global_colors_info=&#8221;{}&#8221;][et_pb_team_member _builder_version=&#8221;4.27.0&#8243; _module_preset=&#8221;default&#8221; header_font=&#8221;Oswald|300|||||||&#8221; header_font_size=&#8221;14px&#8221; body_font=&#8221;Oswald|300|||||||&#8221; body_font_size=&#8221;17px&#8221; text_orientation=&#8221;center&#8221; global_colors_info=&#8221;{}&#8221;]<\/p>\n<p>ANGELA MAR\u00cdA CABAL BARONA<\/p>\n<p>[\/et_pb_team_member][et_pb_team_member _builder_version=&#8221;4.27.0&#8243; _module_preset=&#8221;default&#8221; header_font=&#8221;Oswald|300|||||||&#8221; header_font_size=&#8221;22px&#8221; body_font=&#8221;Oswald|300|||||||&#8221; body_font_size=&#8221;17px&#8221; text_orientation=&#8221;center&#8221; global_colors_info=&#8221;{}&#8221;]<\/p>\n<p>JUAN RAM\u00d3N GUZM\u00c1N S\u00c1NCHEZ<\/p>\n<p>[\/et_pb_team_member][et_pb_team_member _builder_version=&#8221;4.27.0&#8243; _module_preset=&#8221;default&#8221; header_font=&#8221;Oswald|300|||||||&#8221; header_font_size=&#8221;22px&#8221; body_font=&#8221;Oswald|300|||||||&#8221; body_font_size=&#8221;17px&#8221; text_orientation=&#8221;center&#8221; global_colors_info=&#8221;{}&#8221;]<\/p>\n<p>\u00c1LVARO JOS\u00c9 MOLINA CABAL<\/p>\n<p>[\/et_pb_team_member][et_pb_team_member _builder_version=&#8221;4.27.0&#8243; _module_preset=&#8221;default&#8221; header_font=&#8221;Oswald|300|||||||&#8221; header_font_size=&#8221;22px&#8221; body_font=&#8221;Oswald|300|||||||&#8221; body_font_size=&#8221;17px&#8221; text_orientation=&#8221;center&#8221; global_colors_info=&#8221;{}&#8221;]<\/p>\n<p>MAURICIO MEJ\u00cdA MEDINA<\/p>\n<p>[\/et_pb_team_member][\/et_pb_column_inner][et_pb_column_inner type=&#8221;1_4&#8243; saved_specialty_column_type=&#8221;2_3&#8243; _builder_version=&#8221;4.16&#8243; _module_preset=&#8221;default&#8221; global_colors_info=&#8221;{}&#8221;][et_pb_team_member _builder_version=&#8221;4.27.0&#8243; _module_preset=&#8221;default&#8221; header_font=&#8221;Oswald|300|||||||&#8221; header_font_size=&#8221;14px&#8221; body_font=&#8221;Oswald|300|||||||&#8221; body_font_size=&#8221;17px&#8221; text_orientation=&#8221;center&#8221; global_colors_info=&#8221;{}&#8221;]<\/p>\n<p>AXEL VON SNEIDERN CALERO<\/p>\n<p>[\/et_pb_team_member][et_pb_team_member _builder_version=&#8221;4.27.0&#8243; _module_preset=&#8221;default&#8221; header_font=&#8221;Oswald|300|||||||&#8221; header_font_size=&#8221;22px&#8221; body_font=&#8221;Oswald|300|||||||&#8221; body_font_size=&#8221;17px&#8221; text_orientation=&#8221;center&#8221; global_colors_info=&#8221;{}&#8221;]<\/p>\n<p>MARTHA LINCE CABAL<\/p>\n<p>[\/et_pb_team_member][et_pb_team_member _builder_version=&#8221;4.27.0&#8243; _module_preset=&#8221;default&#8221; header_font=&#8221;Oswald|300|||||||&#8221; header_font_size=&#8221;22px&#8221; body_font=&#8221;Oswald|300|||||||&#8221; body_font_size=&#8221;17px&#8221; text_orientation=&#8221;center&#8221; global_colors_info=&#8221;{}&#8221;]<\/p>\n<p>BEATRIZ EUGENIA MEJ\u00cdA ARANGO<\/p>\n<p>[\/et_pb_team_member][et_pb_team_member _builder_version=&#8221;4.27.0&#8243; _module_preset=&#8221;default&#8221; header_font=&#8221;Oswald|300|||||||&#8221; header_font_size=&#8221;22px&#8221; body_font=&#8221;Oswald|300|||||||&#8221; body_font_size=&#8221;17px&#8221; text_orientation=&#8221;center&#8221; global_colors_info=&#8221;{}&#8221;]<\/p>\n<p>MONICA BARONA FIGUEROA<\/p>\n<p>[\/et_pb_team_member][\/et_pb_column_inner][et_pb_column_inner type=&#8221;1_4&#8243; saved_specialty_column_type=&#8221;2_3&#8243; _builder_version=&#8221;4.16&#8243; _module_preset=&#8221;default&#8221; global_colors_info=&#8221;{}&#8221;][et_pb_team_member _builder_version=&#8221;4.27.0&#8243; _module_preset=&#8221;default&#8221; header_font=&#8221;Oswald|300|||||||&#8221; header_font_size=&#8221;14px&#8221; body_font=&#8221;Oswald|300|||||||&#8221; body_font_size=&#8221;17px&#8221; text_orientation=&#8221;center&#8221; global_colors_info=&#8221;{}&#8221;]<\/p>\n<p>FELIPE MEJ\u00cdA VILLEGAS<\/p>\n<p>[\/et_pb_team_member][et_pb_team_member _builder_version=&#8221;4.27.0&#8243; _module_preset=&#8221;default&#8221; header_font=&#8221;Oswald|300|||||||&#8221; header_font_size=&#8221;22px&#8221; body_font=&#8221;Oswald|300|||||||&#8221; body_font_size=&#8221;17px&#8221; text_orientation=&#8221;center&#8221; global_colors_info=&#8221;{}&#8221;]<\/p>\n<p>\u00d3SCAR FL\u00d3REZ CAICEDO<\/p>\n<p>[\/et_pb_team_member][et_pb_team_member _builder_version=&#8221;4.27.0&#8243; _module_preset=&#8221;default&#8221; header_font=&#8221;Oswald|300|||||||&#8221; header_font_size=&#8221;22px&#8221; body_font=&#8221;Oswald|300|||||||&#8221; body_font_size=&#8221;17px&#8221; text_orientation=&#8221;center&#8221; global_colors_info=&#8221;{}&#8221;]<\/p>\n<p>GENARO CAICEDO MU\u00d1OZ<\/p>\n<p>[\/et_pb_team_member][et_pb_team_member _builder_version=&#8221;4.27.0&#8243; _module_preset=&#8221;default&#8221; header_font=&#8221;Oswald|300|||||||&#8221; header_font_size=&#8221;22px&#8221; body_font=&#8221;Oswald|300|||||||&#8221; body_font_size=&#8221;17px&#8221; text_orientation=&#8221;center&#8221; global_colors_info=&#8221;{}&#8221;]<\/p>\n<p>PAULO ANDR\u00c9S LONDO\u00d1O SALCEDO<\/p>\n<p>[\/et_pb_team_member][\/et_pb_column_inner][\/et_pb_row_inner][\/et_pb_column][\/et_pb_section]<\/p>\n","protected":false},"excerpt":{"rendered":"<p>Junta Directiva Proca\u00f1a 2025 &#8211; 2027Junta Directiva Proca\u00f1a 2025 &#8211; 2027ANA MAR\u00cdA PAYERAS TENORIOJUAN MANUEL SALCEDO CABALALEJANDRA DOM\u00cdNGUEZ CABALKJELL VON SNEIDERN CABRERAANGELA MAR\u00cdA CABAL BARONAJUAN RAM\u00d3N GUZM\u00c1N S\u00c1NCHEZ\u00c1LVARO JOS\u00c9 MOLINA CABALMAURICIO MEJ\u00cdA MEDINAAXEL VON SNEIDERN CALEROMARTHA LINCE CABALBEATRIZ EUGENIA MEJ\u00cdA ARANGOMONICA BARONA FIGUEROAFELIPE MEJ\u00cdA VILLEGAS\u00d3SCAR FL\u00d3REZ CAICEDOGENARO CAICEDO MU\u00d1OZPAULO ANDR\u00c9S LONDO\u00d1O SALCEDO<\/p>\n","protected":false},"author":1,"featured_media":0,"parent":0,"menu_order":0,"comment_status":"closed","ping_status":"closed","template":"","meta":{"_et_pb_use_builder":"on","_et_pb_old_content":"<!-- wp:divi\/placeholder \/-->","_et_gb_content_width":"","footnotes":""},"class_list":["post-266","page","type-page","status-publish","hentry"],"yoast_head":"<!-- This site is optimized with the Yoast SEO plugin v27.2 - https:\/\/yoast.com\/product\/yoast-seo-wordpress\/ -->\n<title>Junta Directiva - Procana<\/title>\n<meta name=\"robots\" content=\"index, follow, max-snippet:-1, max-image-preview:large, max-video-preview:-1\" \/>\n<link rel=\"canonical\" href=\"https:\/\/procana.org\/site\/junta-directiva\/\" \/>\n<meta property=\"og:locale\" content=\"es_ES\" \/>\n<meta property=\"og:type\" content=\"article\" \/>\n<meta property=\"og:title\" content=\"Junta Directiva - Procana\" \/>\n<meta property=\"og:description\" content=\"Junta Directiva Proca\u00f1a 2025 - 2027Junta Directiva Proca\u00f1a 2025 - 2027ANA MAR\u00cdA PAYERAS TENORIOJUAN MANUEL SALCEDO CABALALEJANDRA DOM\u00cdNGUEZ CABALKJELL VON SNEIDERN CABRERAANGELA MAR\u00cdA CABAL BARONAJUAN RAM\u00d3N GUZM\u00c1N S\u00c1NCHEZ\u00c1LVARO JOS\u00c9 MOLINA CABALMAURICIO MEJ\u00cdA MEDINAAXEL VON SNEIDERN CALEROMARTHA LINCE CABALBEATRIZ EUGENIA MEJ\u00cdA ARANGOMONICA BARONA FIGUEROAFELIPE MEJ\u00cdA VILLEGAS\u00d3SCAR FL\u00d3REZ CAICEDOGENARO CAICEDO MU\u00d1OZPAULO ANDR\u00c9S LONDO\u00d1O SALCEDO\" \/>\n<meta property=\"og:url\" content=\"https:\/\/procana.org\/site\/junta-directiva\/\" \/>\n<meta property=\"og:site_name\" content=\"Procana\" \/>\n<meta property=\"article:publisher\" content=\"https:\/\/www.facebook.com\/procanacol\/?ref=embed_page\" \/>\n<meta property=\"article:modified_time\" content=\"2025-08-04T15:38:26+00:00\" \/>\n<meta name=\"twitter:card\" content=\"summary_large_image\" \/>\n<meta name=\"twitter:site\" content=\"@ProcanaCol\" \/>\n<meta name=\"twitter:label1\" content=\"Tiempo de lectura\" \/>\n\t<meta name=\"twitter:data1\" content=\"6 minutos\" \/>\n<script type=\"application\/ld+json\" class=\"yoast-schema-graph\">{\"@context\":\"https:\/\/schema.org\",\"@graph\":[{\"@type\":\"WebPage\",\"@id\":\"https:\/\/procana.org\/site\/junta-directiva\/\",\"url\":\"https:\/\/procana.org\/site\/junta-directiva\/\",\"name\":\"Junta Directiva - Procana\",\"isPartOf\":{\"@id\":\"https:\/\/procana.org\/site\/#website\"},\"datePublished\":\"2021-01-21T09:43:51+00:00\",\"dateModified\":\"2025-08-04T15:38:26+00:00\",\"breadcrumb\":{\"@id\":\"https:\/\/procana.org\/site\/junta-directiva\/#breadcrumb\"},\"inLanguage\":\"es-CO\",\"potentialAction\":[{\"@type\":\"ReadAction\",\"target\":[\"https:\/\/procana.org\/site\/junta-directiva\/\"]}]},{\"@type\":\"BreadcrumbList\",\"@id\":\"https:\/\/procana.org\/site\/junta-directiva\/#breadcrumb\",\"itemListElement\":[{\"@type\":\"ListItem\",\"position\":1,\"name\":\"Inicio\",\"item\":\"https:\/\/procana.org\/site\/\"},{\"@type\":\"ListItem\",\"position\":2,\"name\":\"Junta Directiva\"}]},{\"@type\":\"WebSite\",\"@id\":\"https:\/\/procana.org\/site\/#website\",\"url\":\"https:\/\/procana.org\/site\/\",\"name\":\"Procana\",\"description\":\"Asociaci\u00f3n Colombiana de Productores y Proveedores de Ca\u00f1a de Az\u00facar\",\"publisher\":{\"@id\":\"https:\/\/procana.org\/site\/#organization\"},\"potentialAction\":[{\"@type\":\"SearchAction\",\"target\":{\"@type\":\"EntryPoint\",\"urlTemplate\":\"https:\/\/procana.org\/site\/?s={search_term_string}\"},\"query-input\":{\"@type\":\"PropertyValueSpecification\",\"valueRequired\":true,\"valueName\":\"search_term_string\"}}],\"inLanguage\":\"es-CO\"},{\"@type\":\"Organization\",\"@id\":\"https:\/\/procana.org\/site\/#organization\",\"name\":\"Procana\",\"url\":\"https:\/\/procana.org\/site\/\",\"logo\":{\"@type\":\"ImageObject\",\"inLanguage\":\"es-CO\",\"@id\":\"https:\/\/procana.org\/site\/#\/schema\/logo\/image\/\",\"url\":\"https:\/\/procana.org\/site\/wp-content\/uploads\/2023\/04\/logo-procana-corazon-cana.png\",\"contentUrl\":\"https:\/\/procana.org\/site\/wp-content\/uploads\/2023\/04\/logo-procana-corazon-cana.png\",\"width\":1769,\"height\":529,\"caption\":\"Procana\"},\"image\":{\"@id\":\"https:\/\/procana.org\/site\/#\/schema\/logo\/image\/\"},\"sameAs\":[\"https:\/\/www.facebook.com\/procanacol\/?ref=embed_page\",\"https:\/\/x.com\/ProcanaCol\",\"https:\/\/www.instagram.com\/procanacol\/\"]}]}<\/script>\n<!-- \/ Yoast SEO plugin. -->","yoast_head_json":{"title":"Junta Directiva - Procana","robots":{"index":"index","follow":"follow","max-snippet":"max-snippet:-1","max-image-preview":"max-image-preview:large","max-video-preview":"max-video-preview:-1"},"canonical":"https:\/\/procana.org\/site\/junta-directiva\/","og_locale":"es_ES","og_type":"article","og_title":"Junta Directiva - Procana","og_description":"Junta Directiva Proca\u00f1a 2025 - 2027Junta Directiva Proca\u00f1a 2025 - 2027ANA MAR\u00cdA PAYERAS TENORIOJUAN MANUEL SALCEDO CABALALEJANDRA DOM\u00cdNGUEZ CABALKJELL VON SNEIDERN CABRERAANGELA MAR\u00cdA CABAL BARONAJUAN RAM\u00d3N GUZM\u00c1N S\u00c1NCHEZ\u00c1LVARO JOS\u00c9 MOLINA CABALMAURICIO MEJ\u00cdA MEDINAAXEL VON SNEIDERN CALEROMARTHA LINCE CABALBEATRIZ EUGENIA MEJ\u00cdA ARANGOMONICA BARONA FIGUEROAFELIPE MEJ\u00cdA VILLEGAS\u00d3SCAR FL\u00d3REZ CAICEDOGENARO CAICEDO MU\u00d1OZPAULO ANDR\u00c9S LONDO\u00d1O SALCEDO","og_url":"https:\/\/procana.org\/site\/junta-directiva\/","og_site_name":"Procana","article_publisher":"https:\/\/www.facebook.com\/procanacol\/?ref=embed_page","article_modified_time":"2025-08-04T15:38:26+00:00","twitter_card":"summary_large_image","twitter_site":"@ProcanaCol","twitter_misc":{"Tiempo de lectura":"6 minutos"},"schema":{"@context":"https:\/\/schema.org","@graph":[{"@type":"WebPage","@id":"https:\/\/procana.org\/site\/junta-directiva\/","url":"https:\/\/procana.org\/site\/junta-directiva\/","name":"Junta Directiva - Procana","isPartOf":{"@id":"https:\/\/procana.org\/site\/#website"},"datePublished":"2021-01-21T09:43:51+00:00","dateModified":"2025-08-04T15:38:26+00:00","breadcrumb":{"@id":"https:\/\/procana.org\/site\/junta-directiva\/#breadcrumb"},"inLanguage":"es-CO","potentialAction":[{"@type":"ReadAction","target":["https:\/\/procana.org\/site\/junta-directiva\/"]}]},{"@type":"BreadcrumbList","@id":"https:\/\/procana.org\/site\/junta-directiva\/#breadcrumb","itemListElement":[{"@type":"ListItem","position":1,"name":"Inicio","item":"https:\/\/procana.org\/site\/"},{"@type":"ListItem","position":2,"name":"Junta Directiva"}]},{"@type":"WebSite","@id":"https:\/\/procana.org\/site\/#website","url":"https:\/\/procana.org\/site\/","name":"Procana","description":"Asociaci\u00f3n Colombiana de Productores y Proveedores de Ca\u00f1a de Az\u00facar","publisher":{"@id":"https:\/\/procana.org\/site\/#organization"},"potentialAction":[{"@type":"SearchAction","target":{"@type":"EntryPoint","urlTemplate":"https:\/\/procana.org\/site\/?s={search_term_string}"},"query-input":{"@type":"PropertyValueSpecification","valueRequired":true,"valueName":"search_term_string"}}],"inLanguage":"es-CO"},{"@type":"Organization","@id":"https:\/\/procana.org\/site\/#organization","name":"Procana","url":"https:\/\/procana.org\/site\/","logo":{"@type":"ImageObject","inLanguage":"es-CO","@id":"https:\/\/procana.org\/site\/#\/schema\/logo\/image\/","url":"https:\/\/procana.org\/site\/wp-content\/uploads\/2023\/04\/logo-procana-corazon-cana.png","contentUrl":"https:\/\/procana.org\/site\/wp-content\/uploads\/2023\/04\/logo-procana-corazon-cana.png","width":1769,"height":529,"caption":"Procana"},"image":{"@id":"https:\/\/procana.org\/site\/#\/schema\/logo\/image\/"},"sameAs":["https:\/\/www.facebook.com\/procanacol\/?ref=embed_page","https:\/\/x.com\/ProcanaCol","https:\/\/www.instagram.com\/procanacol\/"]}]}},"_links":{"self":[{"href":"https:\/\/procana.org\/site\/wp-json\/wp\/v2\/pages\/266","targetHints":{"allow":["GET"]}}],"collection":[{"href":"https:\/\/procana.org\/site\/wp-json\/wp\/v2\/pages"}],"about":[{"href":"https:\/\/procana.org\/site\/wp-json\/wp\/v2\/types\/page"}],"author":[{"embeddable":true,"href":"https:\/\/procana.org\/site\/wp-json\/wp\/v2\/users\/1"}],"replies":[{"embeddable":true,"href":"https:\/\/procana.org\/site\/wp-json\/wp\/v2\/comments?post=266"}],"version-history":[{"count":13,"href":"https:\/\/procana.org\/site\/wp-json\/wp\/v2\/pages\/266\/revisions"}],"predecessor-version":[{"id":9679,"href":"https:\/\/procana.org\/site\/wp-json\/wp\/v2\/pages\/266\/revisions\/9679"}],"wp:attachment":[{"href":"https:\/\/procana.org\/site\/wp-json\/wp\/v2\/media?parent=266"}],"curies":[{"name":"wp","href":"https:\/\/api.w.org\/{rel}","templated":true}]}}