{"id":2475,"date":"2021-03-29T11:06:27","date_gmt":"2021-03-29T16:06:27","guid":{"rendered":"https:\/\/procana.org\/site\/?page_id=2475"},"modified":"2021-03-29T11:25:12","modified_gmt":"2021-03-29T16:25:12","slug":"sg-sst","status":"publish","type":"page","link":"https:\/\/procana.org\/site\/sg-sst\/","title":{"rendered":"SG-SST"},"content":{"rendered":"<p>[et_pb_section fb_built=&#8221;1&#8243; custom_padding_last_edited=&#8221;on|phone&#8221; disabled_on=&#8221;on|on|off&#8221; admin_label=&#8221;Section&#8221; _builder_version=&#8221;4.8.1&#8243; _module_preset=&#8221;default&#8221; background_color=&#8221;rgba(10,10,10,0.03)&#8221; background_image=&#8221;https:\/\/procana.org\/site\/wp-content\/uploads\/2021\/03\/banner-calidad-01.png&#8221; background_size=&#8221;contain&#8221; custom_margin=&#8221;30px||||false|false&#8221; custom_margin_tablet=&#8221;&#8221; custom_margin_phone=&#8221;&#8221; custom_margin_last_edited=&#8221;on|phone&#8221; custom_padding=&#8221;360px||0px|0px|false|false&#8221; custom_padding_tablet=&#8221;&#8221; custom_padding_phone=&#8221;|||60px|false|false&#8221; custom_css_main_element=&#8221;top:0px;||width:100%;&#8221; locked=&#8221;off&#8221;][\/et_pb_section][et_pb_section fb_built=&#8221;1&#8243; custom_padding_last_edited=&#8221;on|phone&#8221; disabled_on=&#8221;off|off|on&#8221; admin_label=&#8221;Section&#8221; _builder_version=&#8221;4.8.1&#8243; _module_preset=&#8221;default&#8221; background_color=&#8221;rgba(10,10,10,0.03)&#8221; background_image=&#8221;https:\/\/procana.org\/site\/wp-content\/uploads\/2021\/03\/banner-calidad-01.png&#8221; background_size=&#8221;contain&#8221; background_position=&#8221;center_right&#8221; custom_margin=&#8221;0px||-15px||false|false&#8221; custom_margin_tablet=&#8221;&#8221; custom_margin_phone=&#8221;&#8221; custom_margin_last_edited=&#8221;on|phone&#8221; custom_padding=&#8221;200px||0px|0px|false|false&#8221; custom_padding_tablet=&#8221;&#8221; custom_padding_phone=&#8221;|||60px|false|false&#8221; custom_css_main_element=&#8221;top:0px;||width:100%;&#8221; locked=&#8221;off&#8221;][\/et_pb_section][et_pb_section fb_built=&#8221;1&#8243; _builder_version=&#8221;4.8.1&#8243; _module_preset=&#8221;default&#8221; custom_padding=&#8221;19px|||||&#8221;][et_pb_row _builder_version=&#8221;4.8.1&#8243; _module_preset=&#8221;default&#8221; background_enable_image=&#8221;off&#8221; background_position=&#8221;top_center&#8221; width=&#8221;90%&#8221; max_width=&#8221;100%&#8221; custom_margin=&#8221;0px|auto||auto|false|false&#8221; locked=&#8221;off&#8221;][et_pb_column type=&#8221;4_4&#8243; _builder_version=&#8221;4.8.1&#8243; _module_preset=&#8221;default&#8221;][et_pb_text disabled_on=&#8221;off|off|off&#8221; _builder_version=&#8221;4.8.1&#8243; _module_preset=&#8221;default&#8221; text_font=&#8221;Oswald||||||||&#8221; custom_margin=&#8221;-3px||-2px||false|false&#8221; custom_padding=&#8221;|||80px|false|false&#8221; hover_enabled=&#8221;0&#8243; sticky_enabled=&#8221;0&#8243;]<\/p>\n<h1 style=\"color: #173b72;\"><strong><span>Sistema de Gesti\u00f3n de Salud y Seguridad en el Trabajo<\/span><\/strong><\/h1>\n<p>[\/et_pb_text][\/et_pb_column][\/et_pb_row][et_pb_row _builder_version=&#8221;4.8.1&#8243; _module_preset=&#8221;default&#8221; max_width=&#8221;80%&#8221; custom_margin=&#8221;0px|auto||auto|false|false&#8221;][et_pb_column type=&#8221;4_4&#8243; _builder_version=&#8221;4.8.1&#8243; _module_preset=&#8221;default&#8221;][et_pb_text _builder_version=&#8221;4.8.1&#8243; _module_preset=&#8221;default&#8221; text_font=&#8221;Montserrat||||||||&#8221; text_text_color=&#8221;#000000&#8243; header_font=&#8221;Oswald|300|||||||&#8221; hover_enabled=&#8221;0&#8243; sticky_enabled=&#8221;0&#8243;]<\/p>\n<p style=\"text-align: justify;\">En cumplimiento de la normatividad legal y con el objetivo de mejorar las condiciones de salud y seguridad de los trabajadores, contratistas y otros grupos de inter\u00e9s en los lugares donde prestamos los servicios, Proca\u00f1a ha implementado el Sistema de Gesti\u00f3n de Salud y Seguridad en el trabajo SG-SST, bajo la normatividad establecida en el Decreto 1072 de 2015 y la Resoluci\u00f3n 312 de 2019, con el apoyo de un asesor especializado y una herramienta tecnol\u00f3gica que permite la trazabilidad y el mejoramiento del sistema.<\/p>\n<p><strong><span style=\"color: #173b72;\">Pol\u00edtica SG-SST<\/span><\/strong><\/p>\n<p style=\"text-align: justify;\">La Asociaci\u00f3n Colombiana de Productores y Proveedores de Ca\u00f1a de Az\u00facar &#8211; Proca\u00f1a organizaci\u00f3n dedicada a la representaci\u00f3n de los cultivadores de ca\u00f1a ante el sector y dem\u00e1s partes interesadas, se compromete a proporcionar los recursos necesarios a nivel econ\u00f3mico, tecnol\u00f3gico y del talento humano para promover y mantener el bienestar f\u00edsico, mental y social de los colaboradores, as\u00ed mismo proteger su seguridad y salud independiente de su forma de contrataci\u00f3n o vinculaci\u00f3n, mediante la mejora continua del Sistema de Gesti\u00f3n de la Seguridad y Salud en el Trabajo SG-SST, identificando los peligros, evaluando, valorando los riesgos y estableciendo los controles necesarios con el fin de evitar y disminuir los accidentes de trabajo, enfermedades laborales o lesiones personales, que puedan surgir en el desarrollo de la prestaci\u00f3n del servicio, dando cumplimiento de la normatividad nacional vigente aplicable, en materia de riesgos laborales y otros requisitos que la organizaci\u00f3n suscriba.<\/p>\n<p><strong><span style=\"color: #173b72;\">Alcance SG-SST<\/span><\/strong><\/p>\n<p style=\"text-align: justify;\">Esta pol\u00edtica cubre a todos los empleados independiente de su forma de contrataci\u00f3n y dem\u00e1s puntos de trabajo.<\/p>\n<p><strong><span style=\"color: #173b72;\">Objetivos SG-SST<\/span><\/strong><\/p>\n<p style=\"text-align: justify;\">Implementar eficazmente las medidas de prevenci\u00f3n y control de acuerdo a la identificaci\u00f3n de peligros, evaluaci\u00f3n y valoraci\u00f3n de los riesgos.<\/p>\n<p style=\"text-align: justify;\">Disminuir los accidentes de trabajo, enfermedades laborales o lesiones personales, que puedan surgir en el desarrollo de la prestaci\u00f3n del servicio.<\/p>\n<p style=\"text-align: justify;\">Cumplir la normatividad nacional vigente aplicable, en materia de riesgos laborales y otros requisitos que la organizaci\u00f3n suscriba.<\/p>\n<p style=\"text-align: justify;\">Proporcionar los recursos necesarios a nivel econ\u00f3mico, tecnol\u00f3gico y del talento humano, para el desarrollo del sistema de gesti\u00f3n y seguridad en el trabajo.<\/p>\n<p style=\"text-align: justify;\">Mejorar continuamente el Sistema de Gesti\u00f3n de la Seguridad y Salud en el Trabajo SG-SST.<\/p>\n<p style=\"text-align: justify;\">\n[\/et_pb_text][\/et_pb_column][\/et_pb_row][\/et_pb_section]<\/p>\n","protected":false},"excerpt":{"rendered":"<p>Sistema de Gesti\u00f3n de Salud y Seguridad en el Trabajo En cumplimiento de la normatividad legal y con el objetivo de mejorar las condiciones de salud y seguridad de los trabajadores, contratistas y otros grupos de inter\u00e9s en los lugares donde prestamos los servicios, Proca\u00f1a ha implementado el Sistema de Gesti\u00f3n de Salud y Seguridad [&hellip;]<\/p>\n","protected":false},"author":681,"featured_media":0,"parent":0,"menu_order":0,"comment_status":"closed","ping_status":"closed","template":"","meta":{"_et_pb_use_builder":"on","_et_pb_old_content":"","_et_gb_content_width":"","footnotes":""},"class_list":["post-2475","page","type-page","status-publish","hentry"],"yoast_head":"<!-- This site is optimized with the Yoast SEO plugin v27.2 - https:\/\/yoast.com\/product\/yoast-seo-wordpress\/ -->\n<title>SG-SST - Procana<\/title>\n<meta name=\"robots\" content=\"index, follow, max-snippet:-1, max-image-preview:large, max-video-preview:-1\" \/>\n<link rel=\"canonical\" href=\"https:\/\/procana.org\/site\/sg-sst\/\" \/>\n<meta property=\"og:locale\" content=\"es_ES\" \/>\n<meta property=\"og:type\" content=\"article\" \/>\n<meta property=\"og:title\" content=\"SG-SST - Procana\" \/>\n<meta property=\"og:description\" content=\"Sistema de Gesti\u00f3n de Salud y Seguridad en el Trabajo En cumplimiento de la normatividad legal y con el objetivo de mejorar las condiciones de salud y seguridad de los trabajadores, contratistas y otros grupos de inter\u00e9s en los lugares donde prestamos los servicios, Proca\u00f1a ha implementado el Sistema de Gesti\u00f3n de Salud y Seguridad [&hellip;]\" \/>\n<meta property=\"og:url\" content=\"https:\/\/procana.org\/site\/sg-sst\/\" \/>\n<meta property=\"og:site_name\" content=\"Procana\" \/>\n<meta property=\"article:publisher\" content=\"https:\/\/www.facebook.com\/procanacol\/?ref=embed_page\" \/>\n<meta property=\"article:modified_time\" content=\"2021-03-29T16:25:12+00:00\" \/>\n<meta name=\"twitter:card\" content=\"summary_large_image\" \/>\n<meta name=\"twitter:site\" content=\"@ProcanaCol\" \/>\n<meta name=\"twitter:label1\" content=\"Tiempo de lectura\" \/>\n\t<meta name=\"twitter:data1\" content=\"4 minutos\" \/>\n<script type=\"application\/ld+json\" class=\"yoast-schema-graph\">{\"@context\":\"https:\/\/schema.org\",\"@graph\":[{\"@type\":\"WebPage\",\"@id\":\"https:\/\/procana.org\/site\/sg-sst\/\",\"url\":\"https:\/\/procana.org\/site\/sg-sst\/\",\"name\":\"SG-SST - Procana\",\"isPartOf\":{\"@id\":\"https:\/\/procana.org\/site\/#website\"},\"datePublished\":\"2021-03-29T16:06:27+00:00\",\"dateModified\":\"2021-03-29T16:25:12+00:00\",\"breadcrumb\":{\"@id\":\"https:\/\/procana.org\/site\/sg-sst\/#breadcrumb\"},\"inLanguage\":\"es-CO\",\"potentialAction\":[{\"@type\":\"ReadAction\",\"target\":[\"https:\/\/procana.org\/site\/sg-sst\/\"]}]},{\"@type\":\"BreadcrumbList\",\"@id\":\"https:\/\/procana.org\/site\/sg-sst\/#breadcrumb\",\"itemListElement\":[{\"@type\":\"ListItem\",\"position\":1,\"name\":\"Inicio\",\"item\":\"https:\/\/procana.org\/site\/\"},{\"@type\":\"ListItem\",\"position\":2,\"name\":\"SG-SST\"}]},{\"@type\":\"WebSite\",\"@id\":\"https:\/\/procana.org\/site\/#website\",\"url\":\"https:\/\/procana.org\/site\/\",\"name\":\"Procana\",\"description\":\"Asociaci\u00f3n Colombiana de Productores y Proveedores de Ca\u00f1a de Az\u00facar\",\"publisher\":{\"@id\":\"https:\/\/procana.org\/site\/#organization\"},\"potentialAction\":[{\"@type\":\"SearchAction\",\"target\":{\"@type\":\"EntryPoint\",\"urlTemplate\":\"https:\/\/procana.org\/site\/?s={search_term_string}\"},\"query-input\":{\"@type\":\"PropertyValueSpecification\",\"valueRequired\":true,\"valueName\":\"search_term_string\"}}],\"inLanguage\":\"es-CO\"},{\"@type\":\"Organization\",\"@id\":\"https:\/\/procana.org\/site\/#organization\",\"name\":\"Procana\",\"url\":\"https:\/\/procana.org\/site\/\",\"logo\":{\"@type\":\"ImageObject\",\"inLanguage\":\"es-CO\",\"@id\":\"https:\/\/procana.org\/site\/#\/schema\/logo\/image\/\",\"url\":\"https:\/\/procana.org\/site\/wp-content\/uploads\/2023\/04\/logo-procana-corazon-cana.png\",\"contentUrl\":\"https:\/\/procana.org\/site\/wp-content\/uploads\/2023\/04\/logo-procana-corazon-cana.png\",\"width\":1769,\"height\":529,\"caption\":\"Procana\"},\"image\":{\"@id\":\"https:\/\/procana.org\/site\/#\/schema\/logo\/image\/\"},\"sameAs\":[\"https:\/\/www.facebook.com\/procanacol\/?ref=embed_page\",\"https:\/\/x.com\/ProcanaCol\",\"https:\/\/www.instagram.com\/procanacol\/\"]}]}<\/script>\n<!-- \/ Yoast SEO plugin. -->","yoast_head_json":{"title":"SG-SST - Procana","robots":{"index":"index","follow":"follow","max-snippet":"max-snippet:-1","max-image-preview":"max-image-preview:large","max-video-preview":"max-video-preview:-1"},"canonical":"https:\/\/procana.org\/site\/sg-sst\/","og_locale":"es_ES","og_type":"article","og_title":"SG-SST - Procana","og_description":"Sistema de Gesti\u00f3n de Salud y Seguridad en el Trabajo En cumplimiento de la normatividad legal y con el objetivo de mejorar las condiciones de salud y seguridad de los trabajadores, contratistas y otros grupos de inter\u00e9s en los lugares donde prestamos los servicios, Proca\u00f1a ha implementado el Sistema de Gesti\u00f3n de Salud y Seguridad [&hellip;]","og_url":"https:\/\/procana.org\/site\/sg-sst\/","og_site_name":"Procana","article_publisher":"https:\/\/www.facebook.com\/procanacol\/?ref=embed_page","article_modified_time":"2021-03-29T16:25:12+00:00","twitter_card":"summary_large_image","twitter_site":"@ProcanaCol","twitter_misc":{"Tiempo de lectura":"4 minutos"},"schema":{"@context":"https:\/\/schema.org","@graph":[{"@type":"WebPage","@id":"https:\/\/procana.org\/site\/sg-sst\/","url":"https:\/\/procana.org\/site\/sg-sst\/","name":"SG-SST - Procana","isPartOf":{"@id":"https:\/\/procana.org\/site\/#website"},"datePublished":"2021-03-29T16:06:27+00:00","dateModified":"2021-03-29T16:25:12+00:00","breadcrumb":{"@id":"https:\/\/procana.org\/site\/sg-sst\/#breadcrumb"},"inLanguage":"es-CO","potentialAction":[{"@type":"ReadAction","target":["https:\/\/procana.org\/site\/sg-sst\/"]}]},{"@type":"BreadcrumbList","@id":"https:\/\/procana.org\/site\/sg-sst\/#breadcrumb","itemListElement":[{"@type":"ListItem","position":1,"name":"Inicio","item":"https:\/\/procana.org\/site\/"},{"@type":"ListItem","position":2,"name":"SG-SST"}]},{"@type":"WebSite","@id":"https:\/\/procana.org\/site\/#website","url":"https:\/\/procana.org\/site\/","name":"Procana","description":"Asociaci\u00f3n Colombiana de Productores y Proveedores de Ca\u00f1a de Az\u00facar","publisher":{"@id":"https:\/\/procana.org\/site\/#organization"},"potentialAction":[{"@type":"SearchAction","target":{"@type":"EntryPoint","urlTemplate":"https:\/\/procana.org\/site\/?s={search_term_string}"},"query-input":{"@type":"PropertyValueSpecification","valueRequired":true,"valueName":"search_term_string"}}],"inLanguage":"es-CO"},{"@type":"Organization","@id":"https:\/\/procana.org\/site\/#organization","name":"Procana","url":"https:\/\/procana.org\/site\/","logo":{"@type":"ImageObject","inLanguage":"es-CO","@id":"https:\/\/procana.org\/site\/#\/schema\/logo\/image\/","url":"https:\/\/procana.org\/site\/wp-content\/uploads\/2023\/04\/logo-procana-corazon-cana.png","contentUrl":"https:\/\/procana.org\/site\/wp-content\/uploads\/2023\/04\/logo-procana-corazon-cana.png","width":1769,"height":529,"caption":"Procana"},"image":{"@id":"https:\/\/procana.org\/site\/#\/schema\/logo\/image\/"},"sameAs":["https:\/\/www.facebook.com\/procanacol\/?ref=embed_page","https:\/\/x.com\/ProcanaCol","https:\/\/www.instagram.com\/procanacol\/"]}]}},"_links":{"self":[{"href":"https:\/\/procana.org\/site\/wp-json\/wp\/v2\/pages\/2475","targetHints":{"allow":["GET"]}}],"collection":[{"href":"https:\/\/procana.org\/site\/wp-json\/wp\/v2\/pages"}],"about":[{"href":"https:\/\/procana.org\/site\/wp-json\/wp\/v2\/types\/page"}],"author":[{"embeddable":true,"href":"https:\/\/procana.org\/site\/wp-json\/wp\/v2\/users\/681"}],"replies":[{"embeddable":true,"href":"https:\/\/procana.org\/site\/wp-json\/wp\/v2\/comments?post=2475"}],"version-history":[{"count":7,"href":"https:\/\/procana.org\/site\/wp-json\/wp\/v2\/pages\/2475\/revisions"}],"predecessor-version":[{"id":2498,"href":"https:\/\/procana.org\/site\/wp-json\/wp\/v2\/pages\/2475\/revisions\/2498"}],"wp:attachment":[{"href":"https:\/\/procana.org\/site\/wp-json\/wp\/v2\/media?parent=2475"}],"curies":[{"name":"wp","href":"https:\/\/api.w.org\/{rel}","templated":true}]}}