{"id":2173,"date":"2021-03-15T10:29:42","date_gmt":"2021-03-15T15:29:42","guid":{"rendered":"https:\/\/procana.org\/site\/?page_id=2173"},"modified":"2021-03-15T15:00:38","modified_gmt":"2021-03-15T20:00:38","slug":"menu-conocenos","status":"publish","type":"page","link":"https:\/\/procana.org\/site\/menu-conocenos\/","title":{"rendered":"Men\u00fa Con\u00f3cenos"},"content":{"rendered":"<p>[et_pb_section fb_built=&#8221;1&#8243; custom_padding_last_edited=&#8221;on|phone&#8221; disabled_on=&#8221;on|on|off&#8221; admin_label=&#8221;Section&#8221; _builder_version=&#8221;4.8.1&#8243; _module_preset=&#8221;default&#8221; background_color=&#8221;rgba(10,10,10,0.03)&#8221; background_image=&#8221;https:\/\/procana.org\/site\/wp-content\/uploads\/2021\/03\/banner-quienes-somos-01.png&#8221; background_size=&#8221;contain&#8221; custom_margin=&#8221;30px||||false|false&#8221; custom_margin_tablet=&#8221;&#8221; custom_margin_phone=&#8221;&#8221; custom_margin_last_edited=&#8221;on|phone&#8221; custom_padding=&#8221;360px||0px|0px|false|false&#8221; custom_padding_tablet=&#8221;&#8221; custom_padding_phone=&#8221;|||60px|false|false&#8221; custom_css_main_element=&#8221;top:0px;||width:100%;&#8221;][\/et_pb_section][et_pb_section fb_built=&#8221;1&#8243; custom_padding_last_edited=&#8221;on|phone&#8221; disabled_on=&#8221;off|off|on&#8221; admin_label=&#8221;Section&#8221; _builder_version=&#8221;4.8.1&#8243; _module_preset=&#8221;default&#8221; background_color=&#8221;rgba(10,10,10,0.03)&#8221; background_image=&#8221;https:\/\/procana.org\/site\/wp-content\/uploads\/2021\/03\/banner-quienes-somos-01.png&#8221; background_size=&#8221;contain&#8221; background_position=&#8221;center_right&#8221; custom_margin=&#8221;0px||-15px||false|false&#8221; custom_margin_tablet=&#8221;&#8221; custom_margin_phone=&#8221;&#8221; custom_margin_last_edited=&#8221;on|phone&#8221; custom_padding=&#8221;200px||0px|0px|false|false&#8221; custom_padding_tablet=&#8221;&#8221; custom_padding_phone=&#8221;|||60px|false|false&#8221; custom_css_main_element=&#8221;top:0px;||width:100%;&#8221;][\/et_pb_section][et_pb_section fb_built=&#8221;1&#8243; _builder_version=&#8221;4.8.1&#8243; _module_preset=&#8221;default&#8221; min_height=&#8221;806.3px&#8221; custom_padding=&#8221;19px|||||&#8221;][et_pb_row _builder_version=&#8221;4.8.1&#8243; _module_preset=&#8221;default&#8221;][et_pb_column type=&#8221;4_4&#8243; _builder_version=&#8221;4.8.1&#8243; _module_preset=&#8221;default&#8221;][et_pb_text _builder_version=&#8221;4.8.1&#8243; _module_preset=&#8221;default&#8221; text_font=&#8221;Oswald||||||||&#8221;]<\/p>\n<h2 style=\"color: #32a457;\">Mapa Sitio<\/h2>\n<p>[\/et_pb_text][et_pb_text _builder_version=&#8221;4.8.1&#8243; _module_preset=&#8221;default&#8221; hover_enabled=&#8221;0&#8243; sticky_enabled=&#8221;0&#8243;]<\/p>\n<p><strong><span style=\"color: #008080;\"><a href=\"https:\/\/procana.org\/site\/\" style=\"color: #008080;\">Inicio<\/a><\/span><\/strong><\/p>\n<p><span><strong><\/strong><\/span><\/p>\n<p><span><strong><\/strong><\/span><\/p>\n<p><span id=\"conocenos\"><strong>Con\u00f3cenos<\/strong><\/span><\/p>\n<p>Cultura Proca\u00f1a<\/p>\n<ul>\n<li><span style=\"color: #008080;\"><a href=\"https:\/\/procana.org\/site\/mision-vision-valores\/\" style=\"color: #008080;\">Misi\u00f3n &#8211; Visi\u00f3n &#8211; Valores<\/a><\/span><\/li>\n<li><a href=\"https:\/\/procana.org\/site\/historia-de-procana\/\"><span style=\"color: #008080;\">Historia de Proca\u00f1a<\/span><\/a><\/li>\n<li><a href=\"https:\/\/procana.org\/site\/menciones-y-reconocimientos\/\"><span style=\"color: #008080;\">Menciones y Reconocimientos<\/span><\/a><\/li>\n<\/ul>\n<p>Gobierno Corporativo<\/p>\n<ul>\n<li><span style=\"color: #008080;\"><a href=\"https:\/\/procana.org\/site\/codigo-de-buen-gobierno\/\" style=\"color: #008080;\">C\u00f3digo de Buen Gobierno<\/a><\/span><\/li>\n<li><span style=\"color: #008080;\"><a href=\"https:\/\/procana.org\/site\/equipo-procana\/\" style=\"color: #008080;\">Equipo Proca\u00f1a<\/a><\/span><\/li>\n<li><span style=\"color: #008080;\"><a href=\"https:\/\/procana.org\/site\/estatutos-de-procana\/\" style=\"color: #008080;\">Estatutos Proca\u00f1a<\/a><\/span><\/li>\n<li><span style=\"color: #008080;\"><a href=\"https:\/\/procana.org\/site\/junta-directiva\/\" style=\"color: #008080;\">Junta Directiva Proca\u00f1a<\/a><\/span><\/li>\n<\/ul>\n<p>La Ca\u00f1a<\/p>\n<ul>\n<li><span style=\"color: #008080;\"><a href=\"https:\/\/procana.org\/site\/historia-de-la-cana\/\" style=\"color: #008080;\">Historia de la Ca\u00f1a<\/a><\/span><\/li>\n<li><span style=\"color: #008080;\"><a href=\"https:\/\/procana.org\/site\/historia-del-alcohol-carburante\/\" style=\"color: #008080;\">La historia del Alcohol Carburante<\/a><\/span><\/li>\n<li><span style=\"color: #008080;\"><a href=\"https:\/\/procana.org\/site\/subproductos-y-derivados-de-la-cana\/\" style=\"color: #008080;\">Subproductos y Derivados de la Ca\u00f1a<\/a><\/span><\/li>\n<\/ul>\n<p>Gesti\u00f3n de Calidad<\/p>\n<ul>\n<li><span style=\"color: #008080;\"><a href=\"https:\/\/procana.org\/site\/gestion-de-calidad\/\" style=\"color: #008080;\">Gesti\u00f3n de Calidad<\/a><\/span><span style=\"color: #008080;\"><\/span><\/li>\n<\/ul>\n<p><strong><span style=\"color: #000000;\"><\/span><\/strong><\/p>\n<p><strong><span style=\"color: #000000;\"><\/span><\/strong><\/p>\n<p><strong><span style=\"color: #000000;\" id=\"afiliados\">Afiliados<\/span><\/strong><\/p>\n<p><span style=\"color: #000000;\">Afiliaciones<\/span><\/p>\n<ul>\n<li><span style=\"color: #008080;\"><a href=\"https:\/\/procana.org\/site\/porque-afiliarse\/\" style=\"color: #008080;\">Por qu\u00e9 Afiliarse<\/a><\/span><\/li>\n<\/ul>\n<p><span style=\"color: #000000;\">Estad\u00edsticas<\/span><\/p>\n<ul>\n<li><span style=\"color: #008080;\"><a href=\"https:\/\/procana.org\/site\/costos-de-produccion\/\" style=\"color: #008080;\">Costos de producci\u00f3n<\/a><\/span><\/li>\n<li><span style=\"color: #008080;\"><a href=\"https:\/\/procana.org\/site\/precios-ponderados\/\" style=\"color: #008080;\">Precios ponderados<\/a><\/span><\/li>\n<li><span style=\"color: #008080;\"><a href=\"https:\/\/procana.org\/site\/ajustes-de-exportancion\/\" style=\"color: #008080;\">Ajustes de Exportaci\u00f3n<\/a><\/span><\/li>\n<li><span style=\"color: #008080;\"><a href=\"https:\/\/procana.org\/site\/importaciones-y-exportaciones\/\" style=\"color: #008080;\">Importaciones y Exportaciones<\/a><\/span><\/li>\n<li><span style=\"color: #008080;\"><a href=\"https:\/\/procana.org\/site\/indicadores\/\" style=\"color: #008080;\">Indicadores<\/a><\/span><\/li>\n<\/ul>\n<p><span style=\"color: #000000;\">Biblioteca de Soluciones<\/span><\/p>\n<ul>\n<li><span style=\"color: #008080;\"><a href=\"https:\/\/procana.org\/site\/terminos\/\" style=\"color: #008080;\">Biblioteca de Proca\u00f1a<\/a><\/span><\/li>\n<\/ul>\n<p><span style=\"color: #000000;\">Servicios Gremiales<\/span><\/p>\n<ul>\n<li><span style=\"color: #008080;\"><a href=\"https:\/\/procana.org\/site\/representacion-gremial\/\" style=\"color: #008080;\">Representaci\u00f3n Gremial<\/a><\/span><\/li>\n<li><span style=\"color: #008080;\"><a href=\"https:\/\/procana.org\/site\/capacitacion\/\" style=\"color: #008080;\">Capacitaci\u00f3n<\/a><\/span><\/li>\n<li><span style=\"color: #008080;\"><a href=\"https:\/\/procana.org\/site\/programas-de-sostenibilidad\/\" style=\"color: #008080;\">Programas de Sostenibilidad<\/a><\/span><\/li>\n<li><span style=\"color: #008080;\"><a href=\"https:\/\/procana.org\/site\/estadisticas-del-sector\/\" style=\"color: #008080;\">Estad\u00edsticas del Sector<\/a><\/span><\/li>\n<li><span style=\"color: #008080;\"><a href=\"https:\/\/procana.org\/site\/asistencia-tecnica-integral\/\" style=\"color: #008080;\">Asistencia T\u00e9cnica Integral<\/a><\/span><\/li>\n<li><span style=\"color: #008080;\"><a href=\"https:\/\/procana.org\/site\/comunicaciones\/\" style=\"color: #008080;\">Comunicaciones<\/a><\/span><\/li>\n<li><span style=\"color: #008080;\"><a href=\"https:\/\/procana.org\/site\/convenios-y-alianzas\/\" style=\"color: #008080;\">Convenios y Alianzas<\/a><\/span><span style=\"color: #008080;\"><\/span><\/li>\n<\/ul>\n<p><span style=\"color: #000000;\"><strong><\/strong><\/span><\/p>\n<p><span style=\"color: #000000;\"><strong><\/strong><\/span><\/p>\n<p><span style=\"color: #000000;\" id=\"publicaciones\"><strong>Publicaciones<\/strong><\/span><\/p>\n<ul>\n<li><span style=\"color: #008080;\"><a href=\"https:\/\/procana.org\/site\/revistas\/\" style=\"color: #008080;\">Revistas<\/a><\/span><\/li>\n<li><span style=\"color: #008080;\"><a href=\"https:\/\/procana.org\/site\/boletines\/\" style=\"color: #008080;\">Boletines<\/a><\/span><\/li>\n<li><span style=\"color: #008080;\"><a href=\"https:\/\/procana.org\/site\/sala-prensa\/\" style=\"color: #008080;\">Sala de Prensa<\/a><\/span><\/li>\n<\/ul>\n<p><strong><span><\/span><\/strong><\/p>\n<p><strong><span><\/span><\/strong><\/p>\n<p><strong><span id=\"pagos\">Pagos en l\u00ednea<\/span><\/strong><\/p>\n<ul>\n<li><span style=\"color: #008080;\"><a href=\"https:\/\/procana.org\/site\/instructivo-pagos\/\" style=\"color: #008080;\">Instructivo Pagos<\/a><\/span><\/li>\n<li><span style=\"color: #008080;\"><a href=\"https:\/\/www.zonapagos.com\/t_proca\/formas.asp?estado=crear&amp;codigo=408A7B7B57DF286F6F60BD9E4D29050AAAA41EF952BD6F6B&amp;registro_externo=F69AF2985B771CF0FAC7FE8046BBC96C28C999C0EA390B6E\" style=\"color: #008080;\">Pagar en l\u00ednea<\/a><\/span><\/li>\n<\/ul>\n<p><span style=\"color: #008080;\"><strong><\/strong><\/span><\/p>\n<p><span style=\"color: #008080;\"><strong><\/strong><\/span><\/p>\n<p><span style=\"color: #008080;\"><strong><a href=\"https:\/\/procana.org\/site\/contactenos\/\" style=\"color: #008080;\">Contacto<\/a><\/strong><\/span><\/p>\n<p>[\/et_pb_text][\/et_pb_column][\/et_pb_row][\/et_pb_section]<\/p>\n","protected":false},"excerpt":{"rendered":"<p>Mapa SitioInicio Con\u00f3cenos Cultura Proca\u00f1a Misi\u00f3n &#8211; Visi\u00f3n &#8211; Valores Historia de Proca\u00f1a Menciones y Reconocimientos Gobierno Corporativo C\u00f3digo de Buen Gobierno Equipo Proca\u00f1a Estatutos Proca\u00f1a Junta Directiva Proca\u00f1a La Ca\u00f1a Historia de la Ca\u00f1a La historia del Alcohol Carburante Subproductos y Derivados de la Ca\u00f1a Gesti\u00f3n de Calidad Gesti\u00f3n de Calidad Afiliados Afiliaciones Por [&hellip;]<\/p>\n","protected":false},"author":1,"featured_media":0,"parent":0,"menu_order":0,"comment_status":"closed","ping_status":"closed","template":"","meta":{"_et_pb_use_builder":"on","_et_pb_old_content":"","_et_gb_content_width":"","footnotes":""},"class_list":["post-2173","page","type-page","status-publish","hentry"],"_links":{"self":[{"href":"https:\/\/procana.org\/site\/wp-json\/wp\/v2\/pages\/2173","targetHints":{"allow":["GET"]}}],"collection":[{"href":"https:\/\/procana.org\/site\/wp-json\/wp\/v2\/pages"}],"about":[{"href":"https:\/\/procana.org\/site\/wp-json\/wp\/v2\/types\/page"}],"author":[{"embeddable":true,"href":"https:\/\/procana.org\/site\/wp-json\/wp\/v2\/users\/1"}],"replies":[{"embeddable":true,"href":"https:\/\/procana.org\/site\/wp-json\/wp\/v2\/comments?post=2173"}],"version-history":[{"count":4,"href":"https:\/\/procana.org\/site\/wp-json\/wp\/v2\/pages\/2173\/revisions"}],"predecessor-version":[{"id":2183,"href":"https:\/\/procana.org\/site\/wp-json\/wp\/v2\/pages\/2173\/revisions\/2183"}],"wp:attachment":[{"href":"https:\/\/procana.org\/site\/wp-json\/wp\/v2\/media?parent=2173"}],"curies":[{"name":"wp","href":"https:\/\/api.w.org\/{rel}","templated":true}]}}