{"id":2111,"date":"2021-03-14T22:21:29","date_gmt":"2021-03-15T03:21:29","guid":{"rendered":"https:\/\/procana.org\/site\/?page_id=2111"},"modified":"2025-12-09T15:48:38","modified_gmt":"2025-12-09T20:48:38","slug":"galeria-de-imagenes","status":"publish","type":"page","link":"https:\/\/procana.org\/site\/galeria-de-imagenes\/","title":{"rendered":"Galer\u00eda de Im\u00e1genes"},"content":{"rendered":"<p>[et_pb_section fb_built=&#8221;1&#8243; custom_padding_last_edited=&#8221;on|phone&#8221; disabled_on=&#8221;on|on|off&#8221; admin_label=&#8221;Section&#8221; _builder_version=&#8221;4.16&#8243; _module_preset=&#8221;default&#8221; background_color=&#8221;RGBA(0,0,0,0)&#8221; background_image=&#8221;https:\/\/procana.org\/site\/wp-content\/uploads\/2024\/07\/AFS8262-3-scaled.jpg&#8221; parallax=&#8221;on&#8221; min_height=&#8221;181px&#8221; custom_margin=&#8221;30px||||false|false&#8221; custom_margin_tablet=&#8221;&#8221; custom_margin_phone=&#8221;&#8221; custom_margin_last_edited=&#8221;on|phone&#8221; custom_padding=&#8221;361px||0px|0px|false|false&#8221; custom_padding_tablet=&#8221;&#8221; custom_padding_phone=&#8221;|||60px|false|false&#8221; animation_style=&#8221;fade&#8221; custom_css_main_element=&#8221;top:0px;||width:100%;&#8221; locked=&#8221;off&#8221; global_colors_info=&#8221;{}&#8221;][\/et_pb_section][et_pb_section fb_built=&#8221;1&#8243; _builder_version=&#8221;4.16&#8243; _module_preset=&#8221;default&#8221; custom_padding=&#8221;19px|||||&#8221; global_colors_info=&#8221;{}&#8221;][et_pb_row _builder_version=&#8221;4.16&#8243; _module_preset=&#8221;default&#8221; background_enable_image=&#8221;off&#8221; background_position=&#8221;top_center&#8221; width=&#8221;90%&#8221; max_width=&#8221;100%&#8221; custom_margin=&#8221;0px|auto||auto|false|false&#8221; locked=&#8221;off&#8221; global_colors_info=&#8221;{}&#8221;][et_pb_column type=&#8221;4_4&#8243; _builder_version=&#8221;4.16&#8243; _module_preset=&#8221;default&#8221; global_colors_info=&#8221;{}&#8221;][et_pb_text disabled_on=&#8221;off|off|off&#8221; _builder_version=&#8221;4.16&#8243; _module_preset=&#8221;default&#8221; text_font=&#8221;Oswald||||||||&#8221; custom_margin=&#8221;-3px||7px|-18px|false|false&#8221; custom_padding=&#8221;|||80px|false|false&#8221; global_colors_info=&#8221;{}&#8221;]<\/p>\n<h1 style=\"color: #173b72;\">Galer\u00eda de Im\u00e1genes<\/h1>\n<p>[\/et_pb_text][et_pb_text _builder_version=&#8221;4.27.0&#8243; _module_preset=&#8221;default&#8221; text_font=&#8221;Montserrat||||||||&#8221; width=&#8221;90%&#8221; module_alignment=&#8221;center&#8221; custom_padding=&#8221;||0px|||&#8221; global_colors_info=&#8221;{}&#8221;]<\/p>\n<p><strong>VAMOS AL CAMPO 2025<\/strong><\/p>\n<p>[\/et_pb_text][et_pb_gallery gallery_ids=&#8221;10036,10035,10034,10033,10032,10031,10030,10029,10028,10024,10023,10022,10021,10020,10019,10018,10017,10016,10015,10010,10008,10007,10006,10005,10004,10003,10002,10001,10000,9999,9998,9991,9992,9993,9994,9995,9997,9990,9989,9988,9987,9986,9985,9984,9983,9981,9982,9980,9979,9978,9977,9976,9974,9973,9972,9971,9970,9969,9967,9966,9965,9964,9963,9962,9960,9959,9958,9957,9956,9954,9953,9952,9951,9950,9949,9948,9942,9944,9941&#8243; posts_number=&#8221;80&#8243; show_title_and_caption=&#8221;off&#8221; show_pagination=&#8221;off&#8221; _builder_version=&#8221;4.27.0&#8243; _module_preset=&#8221;default&#8221; hover_enabled=&#8221;0&#8243; global_colors_info=&#8221;{}&#8221; sticky_enabled=&#8221;0&#8243;][\/et_pb_gallery][et_pb_text _builder_version=&#8221;4.27.0&#8243; _module_preset=&#8221;default&#8221; text_font=&#8221;Montserrat||||||||&#8221; width=&#8221;90%&#8221; module_alignment=&#8221;center&#8221; custom_padding=&#8221;||0px|||&#8221; global_colors_info=&#8221;{}&#8221;]<\/p>\n<p><strong>LII ASAMBLEA DE AFILIADOS PROCA\u00d1A<\/strong><\/p>\n<p>[\/et_pb_text][et_pb_gallery gallery_ids=&#8221;9477,9478,9479,9480,9481,9482,9483,9484,9485,9486,9487,9488,9489,9490,9491,9492,9493,9494,9495,9496,9497,9498,9499,9500,9501,9502,9503,9504,9505,9506,9507,9508,9509,9510,9511,9512,9513,9514,9515,9516,9517,9518,9519,9520,9521,9522,9523,9524,9525,9526,9527,9528,9529,9530,9531,9532,9533,9534,9535,9536,9537,9538,9539,9540,9541,9542,9543,9544,9545,9546,9547,9548,9549,9550,9551,9552,9553,9554,9555,9556,9557,9558,9559,9560,9561,9562,9563,9564,9565&#8243; posts_number=&#8221;200&#8243; show_title_and_caption=&#8221;off&#8221; _builder_version=&#8221;4.27.0&#8243; _module_preset=&#8221;default&#8221; width=&#8221;90%&#8221; module_alignment=&#8221;center&#8221; global_colors_info=&#8221;{}&#8221;][\/et_pb_gallery][et_pb_text _builder_version=&#8221;4.27.0&#8243; _module_preset=&#8221;default&#8221; text_font=&#8221;Montserrat||||||||&#8221; width=&#8221;90%&#8221; module_alignment=&#8221;center&#8221; custom_padding=&#8221;||0px|||&#8221; global_colors_info=&#8221;{}&#8221;]<\/p>\n<p><strong>VAMOS AL CAMPO 2024: <span> PLANEACI\u00d3N INTEGRAL DEL CAMPO PARA UNA COSECHA EXITOSA<\/span><\/strong><\/p>\n<p>[\/et_pb_text][et_pb_gallery gallery_ids=&#8221;8216,8215,8214,8213,8202,8195,8194,8193,8196,8191,8192,8189,8171,8153,8150,8197,8198,8177,8176,8144,8134,8127,8129,8120,8098,8099,8087,8088,8077,8082,8063,8052,8110,8132,8078,8080,8027,8041,8026,8199,8174,8104,8097,8102,8081,8074,8072,8054,8055,8181,8135,8125,8131,8121,8122,8130,8138,8115,8101,8100,8089,8093,8092,8091,8084,8076,8064,8056&#8243; posts_number=&#8221;200&#8243; show_title_and_caption=&#8221;off&#8221; _builder_version=&#8221;4.27.0&#8243; _module_preset=&#8221;default&#8221; width=&#8221;90%&#8221; module_alignment=&#8221;center&#8221; global_colors_info=&#8221;{}&#8221;][\/et_pb_gallery][et_pb_text _builder_version=&#8221;4.16&#8243; _module_preset=&#8221;default&#8221; text_font=&#8221;Montserrat||||||||&#8221; width=&#8221;90%&#8221; module_alignment=&#8221;center&#8221; custom_padding=&#8221;||0px|||&#8221; global_colors_info=&#8221;{}&#8221;]<\/p>\n<p><strong>LI ASAMBLEA PROCA\u00d1A 2024<\/strong><\/p>\n<p>[\/et_pb_text][et_pb_gallery gallery_ids=&#8221;7765,7764,7763,7762,7761,7760,7759,7752,7753,7754,7755,7756,7757,7751,7748,7747,7744,7737,7739,7740,7741,7742,7743,7745,7738,7736,7734,7726,7766,7725,7717,7718,7720,7723&#8243; posts_number=&#8221;200&#8243; show_title_and_caption=&#8221;off&#8221; _builder_version=&#8221;4.16&#8243; _module_preset=&#8221;default&#8221; width=&#8221;90%&#8221; module_alignment=&#8221;center&#8221; global_colors_info=&#8221;{}&#8221;][\/et_pb_gallery][et_pb_text _builder_version=&#8221;4.16&#8243; _module_preset=&#8221;default&#8221; text_font=&#8221;Montserrat||||||||&#8221; width=&#8221;90%&#8221; module_alignment=&#8221;center&#8221; custom_padding=&#8221;||3px|||&#8221; global_colors_info=&#8221;{}&#8221;]<\/p>\n<p><strong>ASAMBLEA VIRTUAL PROCA\u00d1A<\/strong><\/p>\n<p>[\/et_pb_text][et_pb_gallery gallery_ids=&#8221;2114,2115,2116,2117,2118,2119,2120,2121,2122,2123,2125,2126,2127&#8243; posts_number=&#8221;200&#8243; show_title_and_caption=&#8221;off&#8221; _builder_version=&#8221;4.16&#8243; _module_preset=&#8221;default&#8221; width=&#8221;90%&#8221; module_alignment=&#8221;center&#8221; global_colors_info=&#8221;{}&#8221;][\/et_pb_gallery][\/et_pb_column][\/et_pb_row][\/et_pb_section]<\/p>\n","protected":false},"excerpt":{"rendered":"<p>Galer\u00eda de Im\u00e1genesVAMOS AL CAMPO 2025LII ASAMBLEA DE AFILIADOS PROCA\u00d1AVAMOS AL CAMPO 2024: PLANEACI\u00d3N INTEGRAL DEL CAMPO PARA UNA COSECHA EXITOSALI ASAMBLEA PROCA\u00d1A 2024ASAMBLEA VIRTUAL PROCA\u00d1A<\/p>\n","protected":false},"author":1,"featured_media":0,"parent":0,"menu_order":0,"comment_status":"closed","ping_status":"closed","template":"","meta":{"_et_pb_use_builder":"on","_et_pb_old_content":"","_et_gb_content_width":"","footnotes":""},"class_list":["post-2111","page","type-page","status-publish","hentry"],"_links":{"self":[{"href":"https:\/\/procana.org\/site\/wp-json\/wp\/v2\/pages\/2111","targetHints":{"allow":["GET"]}}],"collection":[{"href":"https:\/\/procana.org\/site\/wp-json\/wp\/v2\/pages"}],"about":[{"href":"https:\/\/procana.org\/site\/wp-json\/wp\/v2\/types\/page"}],"author":[{"embeddable":true,"href":"https:\/\/procana.org\/site\/wp-json\/wp\/v2\/users\/1"}],"replies":[{"embeddable":true,"href":"https:\/\/procana.org\/site\/wp-json\/wp\/v2\/comments?post=2111"}],"version-history":[{"count":16,"href":"https:\/\/procana.org\/site\/wp-json\/wp\/v2\/pages\/2111\/revisions"}],"predecessor-version":[{"id":10196,"href":"https:\/\/procana.org\/site\/wp-json\/wp\/v2\/pages\/2111\/revisions\/10196"}],"wp:attachment":[{"href":"https:\/\/procana.org\/site\/wp-json\/wp\/v2\/media?parent=2111"}],"curies":[{"name":"wp","href":"https:\/\/api.w.org\/{rel}","templated":true}]}}