{"id":177,"date":"2021-01-21T03:15:08","date_gmt":"2021-01-21T08:15:08","guid":{"rendered":"http:\/\/localhost\/procana\/?page_id=177"},"modified":"2021-03-12T23:47:06","modified_gmt":"2021-03-13T04:47:06","slug":"menciones-y-reconocimientos","status":"publish","type":"page","link":"https:\/\/procana.org\/site\/menciones-y-reconocimientos\/","title":{"rendered":"Menciones y Reconocimientos"},"content":{"rendered":"<p>[et_pb_section fb_built=&#8221;1&#8243; custom_padding_last_edited=&#8221;on|phone&#8221; disabled_on=&#8221;on|on|off&#8221; admin_label=&#8221;Section&#8221; _builder_version=&#8221;4.8.1&#8243; _module_preset=&#8221;default&#8221; background_color=&#8221;rgba(10,10,10,0.03)&#8221; background_image=&#8221;https:\/\/procana.org\/site\/wp-content\/uploads\/2021\/03\/banner-quienes-somos-01.png&#8221; background_size=&#8221;contain&#8221; custom_margin=&#8221;30px||||false|false&#8221; custom_margin_tablet=&#8221;&#8221; custom_margin_phone=&#8221;&#8221; custom_margin_last_edited=&#8221;on|phone&#8221; custom_padding=&#8221;360px||0px|0px|false|false&#8221; custom_padding_tablet=&#8221;&#8221; custom_padding_phone=&#8221;|||60px|false|false&#8221; custom_css_main_element=&#8221;top:0px;||width:100%;&#8221; locked=&#8221;off&#8221;][\/et_pb_section][et_pb_section fb_built=&#8221;1&#8243; custom_padding_last_edited=&#8221;on|phone&#8221; disabled_on=&#8221;off|off|on&#8221; admin_label=&#8221;Section&#8221; _builder_version=&#8221;4.8.1&#8243; _module_preset=&#8221;default&#8221; background_color=&#8221;rgba(10,10,10,0.03)&#8221; background_image=&#8221;https:\/\/procana.org\/site\/wp-content\/uploads\/2021\/03\/banner-quienes-somos-01.png&#8221; background_size=&#8221;contain&#8221; background_position=&#8221;center_right&#8221; custom_margin=&#8221;0px||-15px||false|false&#8221; custom_margin_tablet=&#8221;&#8221; custom_margin_phone=&#8221;&#8221; custom_margin_last_edited=&#8221;on|phone&#8221; custom_padding=&#8221;200px||0px|0px|false|false&#8221; custom_padding_tablet=&#8221;&#8221; custom_padding_phone=&#8221;|||60px|false|false&#8221; custom_css_main_element=&#8221;top:0px;||width:100%;&#8221; locked=&#8221;off&#8221;][\/et_pb_section][et_pb_section fb_built=&#8221;1&#8243; _builder_version=&#8221;4.8.1&#8243; _module_preset=&#8221;default&#8221; custom_padding=&#8221;19px|||||&#8221;][et_pb_row _builder_version=&#8221;4.8.1&#8243; _module_preset=&#8221;default&#8221; max_width=&#8221;80%&#8221; custom_margin=&#8221;34px|auto||auto||&#8221;][et_pb_column type=&#8221;4_4&#8243; _builder_version=&#8221;4.8.1&#8243; _module_preset=&#8221;default&#8221;][et_pb_text disabled_on=&#8221;on|on|off&#8221; _builder_version=&#8221;4.8.1&#8243; _module_preset=&#8221;default&#8221; text_font=&#8221;Oswald||||||||&#8221; custom_margin=&#8221;-3px||-2px||false|false&#8221; custom_padding=&#8221;|||71px|false|false&#8221; locked=&#8221;off&#8221;]<\/p>\n<h1 style=\"color: #173b72;\">Menciones y Reconocimientos<\/h1>\n<p>[\/et_pb_text][et_pb_text disabled_on=&#8221;off|off|on&#8221; _builder_version=&#8221;4.8.1&#8243; _module_preset=&#8221;default&#8221; text_font=&#8221;Oswald||||||||&#8221; custom_margin=&#8221;-3px||-2px||false|false&#8221; custom_padding=&#8221;|||0px|false|false&#8221; locked=&#8221;off&#8221;]<\/p>\n<h1 style=\"color: #173b72;\">Menciones y Reconocimientos<\/h1>\n<p>[\/et_pb_text][\/et_pb_column][\/et_pb_row][\/et_pb_section][et_pb_section fb_built=&#8221;1&#8243; _builder_version=&#8221;4.8.1&#8243; _module_preset=&#8221;default&#8221; custom_padding=&#8221;0px||||false|false&#8221;][et_pb_row column_structure=&#8221;1_3,2_3&#8243; _builder_version=&#8221;4.8.1&#8243; _module_preset=&#8221;default&#8221; max_width=&#8221;80%&#8221; custom_margin=&#8221;-12px|auto||auto|false|false&#8221;][et_pb_column type=&#8221;1_3&#8243; _builder_version=&#8221;4.8.1&#8243; _module_preset=&#8221;default&#8221;][et_pb_image src=&#8221;https:\/\/procana.org\/site\/wp-content\/uploads\/2021\/01\/reconocimientos.png&#8221; title_text=&#8221;reconocimientos&#8221; align=&#8221;center&#8221; _builder_version=&#8221;4.8.1&#8243; _module_preset=&#8221;default&#8221;][\/et_pb_image][\/et_pb_column][et_pb_column type=&#8221;2_3&#8243; _builder_version=&#8221;4.8.1&#8243; _module_preset=&#8221;default&#8221;][et_pb_text _builder_version=&#8221;4.8.1&#8243; _module_preset=&#8221;default&#8221; text_font=&#8221;Montserrat||||||||&#8221; text_text_color=&#8221;#000000&#8243; hover_enabled=&#8221;0&#8243; sticky_enabled=&#8221;0&#8243;]<\/p>\n<p style=\"text-align: justify;\"><span>Desde este espacio recibimos con gratitud a todas aquellas personas, instituciones, organizaciones y\/o entidades que han encontrado y resaltado el trabajo que desde Proca\u00f1a se realiza en pro de los cultivadores de ca\u00f1a de az\u00facar, del medio ambiente y la b\u00fasqueda de la sostenibilidad.<\/span><\/p>\n<p>[\/et_pb_text][et_pb_gallery gallery_ids=&#8221;428,429&#8243; posts_number=&#8221;2&#8243; show_pagination=&#8221;off&#8221; zoom_icon_color=&#8221;#FFFFFF&#8221; hover_overlay_color=&#8221;rgba(0,127,61,0.2)&#8221; hover_icon=&#8221;%%15%%&#8221; _builder_version=&#8221;4.8.1&#8243; _module_preset=&#8221;default&#8221; title_font=&#8221;Oswald|500|||||||&#8221; title_font_size=&#8221;20px&#8221; custom_margin=&#8221;1px|||||&#8221; custom_padding=&#8221;35px|||||&#8221;][\/et_pb_gallery][\/et_pb_column][\/et_pb_row][\/et_pb_section]<\/p>\n","protected":false},"excerpt":{"rendered":"<p>Menciones y ReconocimientosMenciones y ReconocimientosDesde este espacio recibimos con gratitud a todas aquellas personas, instituciones, organizaciones y\/o entidades que han encontrado y resaltado el trabajo que desde Proca\u00f1a se realiza en pro de los cultivadores de ca\u00f1a de az\u00facar, del medio ambiente y la b\u00fasqueda de la sostenibilidad.<\/p>\n","protected":false},"author":1,"featured_media":0,"parent":0,"menu_order":0,"comment_status":"closed","ping_status":"closed","template":"","meta":{"_et_pb_use_builder":"on","_et_pb_old_content":"<!-- wp:divi\/placeholder \/-->","_et_gb_content_width":"","footnotes":""},"class_list":["post-177","page","type-page","status-publish","hentry"],"yoast_head":"<!-- This site is optimized with the Yoast SEO plugin v27.2 - https:\/\/yoast.com\/product\/yoast-seo-wordpress\/ -->\n<title>Menciones y Reconocimientos - Procana<\/title>\n<meta name=\"robots\" content=\"index, follow, max-snippet:-1, max-image-preview:large, max-video-preview:-1\" \/>\n<link rel=\"canonical\" href=\"https:\/\/procana.org\/site\/menciones-y-reconocimientos\/\" \/>\n<meta property=\"og:locale\" content=\"es_ES\" \/>\n<meta property=\"og:type\" content=\"article\" \/>\n<meta property=\"og:title\" content=\"Menciones y Reconocimientos - Procana\" \/>\n<meta property=\"og:description\" content=\"Menciones y ReconocimientosMenciones y ReconocimientosDesde este espacio recibimos con gratitud a todas aquellas personas, instituciones, organizaciones y\/o entidades que han encontrado y resaltado el trabajo que desde Proca\u00f1a se realiza en pro de los cultivadores de ca\u00f1a de az\u00facar, del medio ambiente y la b\u00fasqueda de la sostenibilidad.\" \/>\n<meta property=\"og:url\" content=\"https:\/\/procana.org\/site\/menciones-y-reconocimientos\/\" \/>\n<meta property=\"og:site_name\" content=\"Procana\" \/>\n<meta property=\"article:publisher\" content=\"https:\/\/www.facebook.com\/procanacol\/?ref=embed_page\" \/>\n<meta property=\"article:modified_time\" content=\"2021-03-13T04:47:06+00:00\" \/>\n<meta name=\"twitter:card\" content=\"summary_large_image\" \/>\n<meta name=\"twitter:site\" content=\"@ProcanaCol\" \/>\n<meta name=\"twitter:label1\" content=\"Tiempo de lectura\" \/>\n\t<meta name=\"twitter:data1\" content=\"2 minutos\" \/>\n<script type=\"application\/ld+json\" class=\"yoast-schema-graph\">{\"@context\":\"https:\/\/schema.org\",\"@graph\":[{\"@type\":\"WebPage\",\"@id\":\"https:\/\/procana.org\/site\/menciones-y-reconocimientos\/\",\"url\":\"https:\/\/procana.org\/site\/menciones-y-reconocimientos\/\",\"name\":\"Menciones y Reconocimientos - Procana\",\"isPartOf\":{\"@id\":\"https:\/\/procana.org\/site\/#website\"},\"datePublished\":\"2021-01-21T08:15:08+00:00\",\"dateModified\":\"2021-03-13T04:47:06+00:00\",\"breadcrumb\":{\"@id\":\"https:\/\/procana.org\/site\/menciones-y-reconocimientos\/#breadcrumb\"},\"inLanguage\":\"es-CO\",\"potentialAction\":[{\"@type\":\"ReadAction\",\"target\":[\"https:\/\/procana.org\/site\/menciones-y-reconocimientos\/\"]}]},{\"@type\":\"BreadcrumbList\",\"@id\":\"https:\/\/procana.org\/site\/menciones-y-reconocimientos\/#breadcrumb\",\"itemListElement\":[{\"@type\":\"ListItem\",\"position\":1,\"name\":\"Inicio\",\"item\":\"https:\/\/procana.org\/site\/\"},{\"@type\":\"ListItem\",\"position\":2,\"name\":\"Menciones y Reconocimientos\"}]},{\"@type\":\"WebSite\",\"@id\":\"https:\/\/procana.org\/site\/#website\",\"url\":\"https:\/\/procana.org\/site\/\",\"name\":\"Procana\",\"description\":\"Asociaci\u00f3n Colombiana de Productores y Proveedores de Ca\u00f1a de Az\u00facar\",\"publisher\":{\"@id\":\"https:\/\/procana.org\/site\/#organization\"},\"potentialAction\":[{\"@type\":\"SearchAction\",\"target\":{\"@type\":\"EntryPoint\",\"urlTemplate\":\"https:\/\/procana.org\/site\/?s={search_term_string}\"},\"query-input\":{\"@type\":\"PropertyValueSpecification\",\"valueRequired\":true,\"valueName\":\"search_term_string\"}}],\"inLanguage\":\"es-CO\"},{\"@type\":\"Organization\",\"@id\":\"https:\/\/procana.org\/site\/#organization\",\"name\":\"Procana\",\"url\":\"https:\/\/procana.org\/site\/\",\"logo\":{\"@type\":\"ImageObject\",\"inLanguage\":\"es-CO\",\"@id\":\"https:\/\/procana.org\/site\/#\/schema\/logo\/image\/\",\"url\":\"https:\/\/procana.org\/site\/wp-content\/uploads\/2023\/04\/logo-procana-corazon-cana.png\",\"contentUrl\":\"https:\/\/procana.org\/site\/wp-content\/uploads\/2023\/04\/logo-procana-corazon-cana.png\",\"width\":1769,\"height\":529,\"caption\":\"Procana\"},\"image\":{\"@id\":\"https:\/\/procana.org\/site\/#\/schema\/logo\/image\/\"},\"sameAs\":[\"https:\/\/www.facebook.com\/procanacol\/?ref=embed_page\",\"https:\/\/x.com\/ProcanaCol\",\"https:\/\/www.instagram.com\/procanacol\/\"]}]}<\/script>\n<!-- \/ Yoast SEO plugin. -->","yoast_head_json":{"title":"Menciones y Reconocimientos - Procana","robots":{"index":"index","follow":"follow","max-snippet":"max-snippet:-1","max-image-preview":"max-image-preview:large","max-video-preview":"max-video-preview:-1"},"canonical":"https:\/\/procana.org\/site\/menciones-y-reconocimientos\/","og_locale":"es_ES","og_type":"article","og_title":"Menciones y Reconocimientos - Procana","og_description":"Menciones y ReconocimientosMenciones y ReconocimientosDesde este espacio recibimos con gratitud a todas aquellas personas, instituciones, organizaciones y\/o entidades que han encontrado y resaltado el trabajo que desde Proca\u00f1a se realiza en pro de los cultivadores de ca\u00f1a de az\u00facar, del medio ambiente y la b\u00fasqueda de la sostenibilidad.","og_url":"https:\/\/procana.org\/site\/menciones-y-reconocimientos\/","og_site_name":"Procana","article_publisher":"https:\/\/www.facebook.com\/procanacol\/?ref=embed_page","article_modified_time":"2021-03-13T04:47:06+00:00","twitter_card":"summary_large_image","twitter_site":"@ProcanaCol","twitter_misc":{"Tiempo de lectura":"2 minutos"},"schema":{"@context":"https:\/\/schema.org","@graph":[{"@type":"WebPage","@id":"https:\/\/procana.org\/site\/menciones-y-reconocimientos\/","url":"https:\/\/procana.org\/site\/menciones-y-reconocimientos\/","name":"Menciones y Reconocimientos - Procana","isPartOf":{"@id":"https:\/\/procana.org\/site\/#website"},"datePublished":"2021-01-21T08:15:08+00:00","dateModified":"2021-03-13T04:47:06+00:00","breadcrumb":{"@id":"https:\/\/procana.org\/site\/menciones-y-reconocimientos\/#breadcrumb"},"inLanguage":"es-CO","potentialAction":[{"@type":"ReadAction","target":["https:\/\/procana.org\/site\/menciones-y-reconocimientos\/"]}]},{"@type":"BreadcrumbList","@id":"https:\/\/procana.org\/site\/menciones-y-reconocimientos\/#breadcrumb","itemListElement":[{"@type":"ListItem","position":1,"name":"Inicio","item":"https:\/\/procana.org\/site\/"},{"@type":"ListItem","position":2,"name":"Menciones y Reconocimientos"}]},{"@type":"WebSite","@id":"https:\/\/procana.org\/site\/#website","url":"https:\/\/procana.org\/site\/","name":"Procana","description":"Asociaci\u00f3n Colombiana de Productores y Proveedores de Ca\u00f1a de Az\u00facar","publisher":{"@id":"https:\/\/procana.org\/site\/#organization"},"potentialAction":[{"@type":"SearchAction","target":{"@type":"EntryPoint","urlTemplate":"https:\/\/procana.org\/site\/?s={search_term_string}"},"query-input":{"@type":"PropertyValueSpecification","valueRequired":true,"valueName":"search_term_string"}}],"inLanguage":"es-CO"},{"@type":"Organization","@id":"https:\/\/procana.org\/site\/#organization","name":"Procana","url":"https:\/\/procana.org\/site\/","logo":{"@type":"ImageObject","inLanguage":"es-CO","@id":"https:\/\/procana.org\/site\/#\/schema\/logo\/image\/","url":"https:\/\/procana.org\/site\/wp-content\/uploads\/2023\/04\/logo-procana-corazon-cana.png","contentUrl":"https:\/\/procana.org\/site\/wp-content\/uploads\/2023\/04\/logo-procana-corazon-cana.png","width":1769,"height":529,"caption":"Procana"},"image":{"@id":"https:\/\/procana.org\/site\/#\/schema\/logo\/image\/"},"sameAs":["https:\/\/www.facebook.com\/procanacol\/?ref=embed_page","https:\/\/x.com\/ProcanaCol","https:\/\/www.instagram.com\/procanacol\/"]}]}},"_links":{"self":[{"href":"https:\/\/procana.org\/site\/wp-json\/wp\/v2\/pages\/177","targetHints":{"allow":["GET"]}}],"collection":[{"href":"https:\/\/procana.org\/site\/wp-json\/wp\/v2\/pages"}],"about":[{"href":"https:\/\/procana.org\/site\/wp-json\/wp\/v2\/types\/page"}],"author":[{"embeddable":true,"href":"https:\/\/procana.org\/site\/wp-json\/wp\/v2\/users\/1"}],"replies":[{"embeddable":true,"href":"https:\/\/procana.org\/site\/wp-json\/wp\/v2\/comments?post=177"}],"version-history":[{"count":14,"href":"https:\/\/procana.org\/site\/wp-json\/wp\/v2\/pages\/177\/revisions"}],"predecessor-version":[{"id":1754,"href":"https:\/\/procana.org\/site\/wp-json\/wp\/v2\/pages\/177\/revisions\/1754"}],"wp:attachment":[{"href":"https:\/\/procana.org\/site\/wp-json\/wp\/v2\/media?parent=177"}],"curies":[{"name":"wp","href":"https:\/\/api.w.org\/{rel}","templated":true}]}}