{"id":1706,"date":"2021-03-12T21:13:16","date_gmt":"2021-03-13T02:13:16","guid":{"rendered":"https:\/\/procana.org\/site\/?page_id=1706"},"modified":"2021-05-12T15:02:56","modified_gmt":"2021-05-12T20:02:56","slug":"fondo-de-empleados","status":"publish","type":"page","link":"https:\/\/procana.org\/site\/fondo-de-empleados\/","title":{"rendered":"Fondo de Empleados"},"content":{"rendered":"<p>[et_pb_section fb_built=&#8221;1&#8243; custom_padding_last_edited=&#8221;on|phone&#8221; disabled_on=&#8221;on|on|off&#8221; admin_label=&#8221;Section&#8221; _builder_version=&#8221;4.8.1&#8243; _module_preset=&#8221;default&#8221; background_color=&#8221;rgba(10,10,10,0.03)&#8221; background_image=&#8221;https:\/\/procana.org\/site\/wp-content\/uploads\/2021\/03\/FotoSeccion1366x293ConveniosyAlianzas.jpg&#8221; background_size=&#8221;contain&#8221; custom_margin=&#8221;30px||||false|false&#8221; custom_margin_tablet=&#8221;&#8221; custom_margin_phone=&#8221;&#8221; custom_margin_last_edited=&#8221;on|phone&#8221; custom_padding=&#8221;360px||0px|0px|false|false&#8221; custom_padding_tablet=&#8221;&#8221; custom_padding_phone=&#8221;|||60px|false|false&#8221; custom_css_main_element=&#8221;top:0px;||width:100%;&#8221; locked=&#8221;off&#8221;][\/et_pb_section][et_pb_section fb_built=&#8221;1&#8243; custom_padding_last_edited=&#8221;on|phone&#8221; disabled_on=&#8221;off|off|on&#8221; admin_label=&#8221;Section&#8221; _builder_version=&#8221;4.8.1&#8243; _module_preset=&#8221;default&#8221; background_color=&#8221;rgba(10,10,10,0.03)&#8221; background_image=&#8221;https:\/\/procana.org\/site\/wp-content\/uploads\/2021\/03\/FotoSeccion1366x293ConveniosyAlianzas.jpg&#8221; background_size=&#8221;contain&#8221; background_position=&#8221;center_right&#8221; custom_margin=&#8221;0px||-15px||false|false&#8221; custom_margin_tablet=&#8221;&#8221; custom_margin_phone=&#8221;&#8221; custom_margin_last_edited=&#8221;on|phone&#8221; custom_padding=&#8221;200px||0px|0px|false|false&#8221; custom_padding_tablet=&#8221;&#8221; custom_padding_phone=&#8221;|||60px|false|false&#8221; custom_css_main_element=&#8221;top:0px;||width:100%;&#8221; locked=&#8221;off&#8221;][\/et_pb_section][et_pb_section fb_built=&#8221;1&#8243; _builder_version=&#8221;4.8.1&#8243; _module_preset=&#8221;default&#8221; custom_padding=&#8221;19px|||||&#8221;][et_pb_row _builder_version=&#8221;4.8.1&#8243; _module_preset=&#8221;default&#8221; background_enable_image=&#8221;off&#8221; background_position=&#8221;top_center&#8221; width=&#8221;90%&#8221; max_width=&#8221;100%&#8221; custom_margin=&#8221;0px|auto||auto|false|false&#8221;][et_pb_column type=&#8221;4_4&#8243; _builder_version=&#8221;4.8.1&#8243; _module_preset=&#8221;default&#8221;][et_pb_text disabled_on=&#8221;off|off|off&#8221; _builder_version=&#8221;4.8.1&#8243; _module_preset=&#8221;default&#8221; text_font=&#8221;Oswald||||||||&#8221; custom_margin=&#8221;-3px||10px||false|false&#8221; custom_padding=&#8221;|||0px|false|false&#8221;]<\/p>\n<h1 style=\"color: #173b72;\">Fondo de Empleados<\/h1>\n<p>[\/et_pb_text][et_pb_text _builder_version=&#8221;4.8.1&#8243; _module_preset=&#8221;default&#8221; text_font=&#8221;Montserrat||||||||&#8221; hover_enabled=&#8221;0&#8243; sticky_enabled=&#8221;0&#8243;]<\/p>\n<p style=\"text-align: justify;\">Proca\u00f1a pensando en el\u00a0 bienestar de los empleados\u00a0 de los cultivadores y proveedores de Ca\u00f1a , tiene una\u00a0 alianza con Fondea, Fondo de Empleados del Grupo Empresarial Agroav\u00edcola con sede Principal en Cali, y puntos de atenci\u00f3n en Buga, Candelaria y Pradera. El objetivo principal de la alianza es que los empleados de los afiliados a Proca\u00f1a puedan acceder a beneficios de ahorro, cr\u00e9dito, servicios colectivos y acceso a convenios especiales.\u00a0Proca\u00f1a pensado en el\u00a0 bienestar de los empleados\u00a0 de los cultivadores y proveedores de Ca\u00f1a , tiene una\u00a0 alianza con Fondea, Fondo de Empleados del Grupo Empresarial Agroav\u00edcola con sede Principal en Cali, y puntos de atenci\u00f3n en Buga, Candelaria y Pradera.<\/p>\n<p style=\"text-align: justify;\">El objetivo principal de la alianza es que los empleados de los afiliados a Proca\u00f1a puedan acceder a beneficios de ahorro, cr\u00e9dito, servicios colectivos y acceso a convenios especiales.\u00a0Inicialmente en la alianza solo pueden acceder afiliados a Proca\u00f1a bajo personer\u00eda jur\u00eddica, como empleador usted puede ofrecerles a sus empleados un beneficio de asociaci\u00f3n con un aporte el 2% de su salario base, con el cual tendr\u00e1n acceso a:<\/p>\n<p style=\"text-align: justify;\"><strong>Ahorro<\/strong><\/p>\n<p style=\"text-align: justify;\">Fomentar la cultura del Ahorro con visi\u00f3n de construir capital que permita el logro de tus metas para marcar la diferencia.<\/p>\n<p style=\"text-align: justify;\">\u2022 Ahorro Permanente<br \/> \u2022 Ahorro Voluntario<br \/> \u2022 Ahorro Programado<br \/> \u2022 Ahorro Programado Vacacional<br \/> \u2022 CDAT<\/p>\n<p style=\"text-align: justify;\"><strong>Cr\u00e9dito<\/strong><\/p>\n<p style=\"text-align: justify;\">Tiene como objetivo satisfacer las necesidades personales y familiares en busca de construir un mejor futuro planificando su inversi\u00f3n.<\/p>\n<p>\u2022 Veh\u00edculo<br \/> \u2022 Vivienda<br \/> \u2022 Reparaciones locativas<br \/> \u2022 Educaci\u00f3n<br \/> \u2022 Libre Inversi\u00f3n<br \/> \u2022 Novaci\u00f3n<br \/> \u2022 Monto aportes<\/p>\n<p style=\"text-align: justify;\"><strong>Auxilios de solidaridad<\/strong><\/p>\n<p>\u2022 Lentes<br \/> \u2022 Calamidad<br \/> \u2022 Nacimiento<br \/> \u2022 Odontol\u00f3gico (no est\u00e9tico)<br \/> \u2022 Medicamentos<br \/> \u2022 Incapacidad (mayor a 20 d\u00edas consecutivos \u2013 no laboral)<\/p>\n<p style=\"text-align: justify;\"><strong>Convenios<\/strong><\/p>\n<p>\u2022 P\u00f3liza exequial<br \/> \u2022 P\u00f3liza de vida y veh\u00edculo<br \/> \u2022 Elementos Tecnol\u00f3gicos<br \/> \u2022 Art\u00edculos para el Hogar<br \/> \u2022 SOAT<br \/> \u2022 Tecno mec\u00e1nica<\/p>\n<p style=\"text-align: justify;\">Conozca m\u00e1s sobre nuestra nueva alianza: servicios1@procana.org\u00a0 cel: 312 6045504<br \/> Sobre Fondea : <a href=\"https:\/\/www.fondea.com.co\/home\/\" target=\"_blank\" rel=\"noopener noreferrer\"><strong><span style=\"color: #008000;\">https:\/\/www.fondea.com.co\/home\/<\/span><\/strong><\/a><\/p>\n<p style=\"text-align: justify;\"><a href=\"https:\/\/procana.org\/site\/convenios-y-alianzas\/\" title=\"Servicios Gremiales\"><img loading=\"lazy\" decoding=\"async\" src=\"https:\/\/procana.org\/site\/wp-content\/uploads\/2021\/03\/BotonRegresar.png\" width=\"87\" height=\"36\" alt=\"\" class=\"wp-image-1657 alignnone size-full\" \/><\/a><\/p>\n<p>[\/et_pb_text][et_pb_code _builder_version=&#8221;4.8.1&#8243; _module_preset=&#8221;default&#8221;]<iframe class=\"responsive-iframe\" style=\"position: absolute; top: 0; left: 0; bottom: 0; right: 0; width: 100%; height: 100%;\" src=\"https:\/\/procana.org\/site\/custom\/circulo-servicios.html\"><\/iframe>[\/et_pb_code][\/et_pb_column][\/et_pb_row][\/et_pb_section]<\/p>\n","protected":false},"excerpt":{"rendered":"<p>Fondo de EmpleadosProca\u00f1a pensando en el\u00a0 bienestar de los empleados\u00a0 de los cultivadores y proveedores de Ca\u00f1a , tiene una\u00a0 alianza con Fondea, Fondo de Empleados del Grupo Empresarial Agroav\u00edcola con sede Principal en Cali, y puntos de atenci\u00f3n en Buga, Candelaria y Pradera. El objetivo principal de la alianza es que los empleados de [&hellip;]<\/p>\n","protected":false},"author":1,"featured_media":0,"parent":0,"menu_order":0,"comment_status":"closed","ping_status":"closed","template":"","meta":{"_et_pb_use_builder":"on","_et_pb_old_content":"","_et_gb_content_width":"","footnotes":""},"class_list":["post-1706","page","type-page","status-publish","hentry"],"_links":{"self":[{"href":"https:\/\/procana.org\/site\/wp-json\/wp\/v2\/pages\/1706","targetHints":{"allow":["GET"]}}],"collection":[{"href":"https:\/\/procana.org\/site\/wp-json\/wp\/v2\/pages"}],"about":[{"href":"https:\/\/procana.org\/site\/wp-json\/wp\/v2\/types\/page"}],"author":[{"embeddable":true,"href":"https:\/\/procana.org\/site\/wp-json\/wp\/v2\/users\/1"}],"replies":[{"embeddable":true,"href":"https:\/\/procana.org\/site\/wp-json\/wp\/v2\/comments?post=1706"}],"version-history":[{"count":4,"href":"https:\/\/procana.org\/site\/wp-json\/wp\/v2\/pages\/1706\/revisions"}],"predecessor-version":[{"id":2864,"href":"https:\/\/procana.org\/site\/wp-json\/wp\/v2\/pages\/1706\/revisions\/2864"}],"wp:attachment":[{"href":"https:\/\/procana.org\/site\/wp-json\/wp\/v2\/media?parent=1706"}],"curies":[{"name":"wp","href":"https:\/\/api.w.org\/{rel}","templated":true}]}}