{"id":1700,"date":"2021-03-12T21:06:02","date_gmt":"2021-03-13T02:06:02","guid":{"rendered":"https:\/\/procana.org\/site\/?page_id=1700"},"modified":"2021-03-12T21:25:11","modified_gmt":"2021-03-13T02:25:11","slug":"proteccion-de-datos","status":"publish","type":"page","link":"https:\/\/procana.org\/site\/proteccion-de-datos\/","title":{"rendered":"Protecci\u00f3n de Datos"},"content":{"rendered":"<p>[et_pb_section fb_built=&#8221;1&#8243; custom_padding_last_edited=&#8221;on|phone&#8221; disabled_on=&#8221;on|on|off&#8221; admin_label=&#8221;Section&#8221; _builder_version=&#8221;4.8.1&#8243; _module_preset=&#8221;default&#8221; background_color=&#8221;rgba(10,10,10,0.03)&#8221; background_image=&#8221;https:\/\/procana.org\/site\/wp-content\/uploads\/2021\/03\/FotoSeccion1366x293ConveniosyAlianzas.jpg&#8221; background_size=&#8221;contain&#8221; custom_margin=&#8221;30px||||false|false&#8221; custom_margin_tablet=&#8221;&#8221; custom_margin_phone=&#8221;&#8221; custom_margin_last_edited=&#8221;on|phone&#8221; custom_padding=&#8221;360px||0px|0px|false|false&#8221; custom_padding_tablet=&#8221;&#8221; custom_padding_phone=&#8221;|||60px|false|false&#8221; custom_css_main_element=&#8221;top:0px;||width:100%;&#8221; locked=&#8221;off&#8221;][\/et_pb_section][et_pb_section fb_built=&#8221;1&#8243; custom_padding_last_edited=&#8221;on|phone&#8221; disabled_on=&#8221;off|off|on&#8221; admin_label=&#8221;Section&#8221; _builder_version=&#8221;4.8.1&#8243; _module_preset=&#8221;default&#8221; background_color=&#8221;rgba(10,10,10,0.03)&#8221; background_image=&#8221;https:\/\/procana.org\/site\/wp-content\/uploads\/2021\/03\/FotoSeccion1366x293ConveniosyAlianzas.jpg&#8221; background_size=&#8221;contain&#8221; background_position=&#8221;center_right&#8221; custom_margin=&#8221;0px||-15px||false|false&#8221; custom_margin_tablet=&#8221;&#8221; custom_margin_phone=&#8221;&#8221; custom_margin_last_edited=&#8221;on|phone&#8221; custom_padding=&#8221;200px||0px|0px|false|false&#8221; custom_padding_tablet=&#8221;&#8221; custom_padding_phone=&#8221;|||60px|false|false&#8221; custom_css_main_element=&#8221;top:0px;||width:100%;&#8221; locked=&#8221;off&#8221;][\/et_pb_section][et_pb_section fb_built=&#8221;1&#8243; _builder_version=&#8221;4.8.1&#8243; _module_preset=&#8221;default&#8221; custom_padding=&#8221;19px|||||&#8221;][et_pb_row _builder_version=&#8221;4.8.1&#8243; _module_preset=&#8221;default&#8221; background_enable_image=&#8221;off&#8221; background_position=&#8221;top_center&#8221; width=&#8221;90%&#8221; max_width=&#8221;100%&#8221; custom_margin=&#8221;0px|auto||auto|false|false&#8221;][et_pb_column type=&#8221;4_4&#8243; _builder_version=&#8221;4.8.1&#8243; _module_preset=&#8221;default&#8221;][et_pb_text disabled_on=&#8221;off|off|off&#8221; _builder_version=&#8221;4.8.1&#8243; _module_preset=&#8221;default&#8221; text_font=&#8221;Oswald||||||||&#8221; custom_margin=&#8221;-3px||10px||false|false&#8221; custom_padding=&#8221;|||0px|false|false&#8221;]<\/p>\n<h1 style=\"color: #173b72;\">Protecci\u00f3n de Datos<\/h1>\n<p>[\/et_pb_text][et_pb_text _builder_version=&#8221;4.8.1&#8243; _module_preset=&#8221;default&#8221; text_font=&#8221;Montserrat||||||||&#8221; hover_enabled=&#8221;0&#8243; sticky_enabled=&#8221;0&#8243;]<\/p>\n<p style=\"text-align: justify;\">Proca\u00f1a ha consolidado una alianza estrat\u00e9gica con la compa\u00f1\u00eda Protecdata Colombia para que nuestros afiliados puedan implementar y adaptar la Ley Estatutaria 1581 de 2012 (Ley de Tratamiento de Bases de Datos) y el Sistema de Gesti\u00f3n de Seguridad y Salud en el Trabajo seg\u00fan lo establecido en el Decreto 1072 de 2015 y la Resoluci\u00f3n 1111 de 2017. Este convenio permitir\u00e1 al afiliado acceder al servicio con tarifas diferenciales y asesor\u00eda de expertos para cumplir con la normatividad de manera oportuna.<\/p>\n<p style=\"text-align: justify;\">Si desea conocer m\u00e1s informaci\u00f3n, puede comunicarse con Proca\u00f1a al correo electr\u00f3nico servicios1@procana.org, al celular 320 6968090 o al tel\u00e9fono 6644029, para que se entere de los beneficios que ofrece este convenio.<br \/> Sobre Protect Data : <strong><span style=\"color: #008000;\"><a href=\"https:\/\/protecdatalatam.com\/\" style=\"color: #008000;\">https:\/\/protecdatalatam.com\/<\/a><\/span><\/strong><\/p>\n<p style=\"text-align: justify;\">\n<p style=\"text-align: justify;\"><em>La Ley Estatutaria 1581 de 2012 tiene por objeto desarrollar el derecho constitucional que tienen todas las personas a conocer, actualizar y rectificar las informaciones que se hayan recogido sobre ellas en bases de datos o archivos. As\u00ed mismo, establece una serie de requisitos que deben ser implementados en las empresas a fin de garantizar derechos fundamentales de los titulares de los datos almacenados y tratados en bases de datos. Los principios y lineamientos contenidos en esta Ley, rigen a todos los datos personales registrados en cualquier base de datos que los haga susceptibles de tratamiento por entidades de naturaleza p\u00fablica o privada.<\/em><\/p>\n<p style=\"text-align: justify;\"><em>Es importante tener en cuenta que cualquier omisi\u00f3n a la Ley puede generar sanciones que van hasta los 2.000 SMMLV, suspensi\u00f3n de las actividades relacionadas con la informaci\u00f3n personal y cierre temporal o definitivo de la operaci\u00f3n con la misma. Dichas sanciones ser\u00e1n impuestas por la Superintendencia de Industria y Comercio \u2013 SIC- ente rector en la materia, despu\u00e9s de haber desarrollado un proceso administrativo sancionatorio.<\/em><\/p>\n<ul><\/ul>\n<p style=\"text-align: justify;\"><a href=\"https:\/\/procana.org\/site\/convenios-y-alianzas\/\" title=\"Servicios Gremiales\"><img loading=\"lazy\" decoding=\"async\" src=\"https:\/\/procana.org\/site\/wp-content\/uploads\/2021\/03\/BotonRegresar.png\" width=\"87\" height=\"36\" alt=\"\" class=\"wp-image-1657 alignnone size-full\" \/><\/a><\/p>\n<p>[\/et_pb_text][et_pb_code _builder_version=&#8221;4.8.1&#8243; _module_preset=&#8221;default&#8221;]<iframe class=\"responsive-iframe\" style=\"position: absolute; top: 0; left: 0; bottom: 0; right: 0; width: 100%; height: 100%;\" src=\"https:\/\/procana.org\/site\/custom\/circulo-servicios.html\"><\/iframe>[\/et_pb_code][\/et_pb_column][\/et_pb_row][\/et_pb_section]<\/p>\n","protected":false},"excerpt":{"rendered":"<p>Protecci\u00f3n de DatosProca\u00f1a ha consolidado una alianza estrat\u00e9gica con la compa\u00f1\u00eda Protecdata Colombia para que nuestros afiliados puedan implementar y adaptar la Ley Estatutaria 1581 de 2012 (Ley de Tratamiento de Bases de Datos) y el Sistema de Gesti\u00f3n de Seguridad y Salud en el Trabajo seg\u00fan lo establecido en el Decreto 1072 de 2015 [&hellip;]<\/p>\n","protected":false},"author":1,"featured_media":0,"parent":0,"menu_order":0,"comment_status":"closed","ping_status":"closed","template":"","meta":{"_et_pb_use_builder":"on","_et_pb_old_content":"","_et_gb_content_width":"","footnotes":""},"class_list":["post-1700","page","type-page","status-publish","hentry"],"_links":{"self":[{"href":"https:\/\/procana.org\/site\/wp-json\/wp\/v2\/pages\/1700","targetHints":{"allow":["GET"]}}],"collection":[{"href":"https:\/\/procana.org\/site\/wp-json\/wp\/v2\/pages"}],"about":[{"href":"https:\/\/procana.org\/site\/wp-json\/wp\/v2\/types\/page"}],"author":[{"embeddable":true,"href":"https:\/\/procana.org\/site\/wp-json\/wp\/v2\/users\/1"}],"replies":[{"embeddable":true,"href":"https:\/\/procana.org\/site\/wp-json\/wp\/v2\/comments?post=1700"}],"version-history":[{"count":4,"href":"https:\/\/procana.org\/site\/wp-json\/wp\/v2\/pages\/1700\/revisions"}],"predecessor-version":[{"id":1713,"href":"https:\/\/procana.org\/site\/wp-json\/wp\/v2\/pages\/1700\/revisions\/1713"}],"wp:attachment":[{"href":"https:\/\/procana.org\/site\/wp-json\/wp\/v2\/media?parent=1700"}],"curies":[{"name":"wp","href":"https:\/\/api.w.org\/{rel}","templated":true}]}}