{"id":1695,"date":"2021-03-12T21:00:32","date_gmt":"2021-03-13T02:00:32","guid":{"rendered":"https:\/\/procana.org\/site\/?page_id=1695"},"modified":"2021-03-12T21:26:18","modified_gmt":"2021-03-13T02:26:18","slug":"seguridad-y-salud-en-el-trabajo","status":"publish","type":"page","link":"https:\/\/procana.org\/site\/seguridad-y-salud-en-el-trabajo\/","title":{"rendered":"Seguridad y Salud en el Trabajo"},"content":{"rendered":"<p>[et_pb_section fb_built=&#8221;1&#8243; custom_padding_last_edited=&#8221;on|phone&#8221; disabled_on=&#8221;on|on|off&#8221; admin_label=&#8221;Section&#8221; _builder_version=&#8221;4.8.1&#8243; _module_preset=&#8221;default&#8221; background_color=&#8221;rgba(10,10,10,0.03)&#8221; background_image=&#8221;https:\/\/procana.org\/site\/wp-content\/uploads\/2021\/03\/FotoSeccion1366x293ConveniosyAlianzas.jpg&#8221; background_size=&#8221;contain&#8221; custom_margin=&#8221;30px||||false|false&#8221; custom_margin_tablet=&#8221;&#8221; custom_margin_phone=&#8221;&#8221; custom_margin_last_edited=&#8221;on|phone&#8221; custom_padding=&#8221;360px||0px|0px|false|false&#8221; custom_padding_tablet=&#8221;&#8221; custom_padding_phone=&#8221;|||60px|false|false&#8221; custom_css_main_element=&#8221;top:0px;||width:100%;&#8221; locked=&#8221;off&#8221;][\/et_pb_section][et_pb_section fb_built=&#8221;1&#8243; custom_padding_last_edited=&#8221;on|phone&#8221; disabled_on=&#8221;off|off|on&#8221; admin_label=&#8221;Section&#8221; _builder_version=&#8221;4.8.1&#8243; _module_preset=&#8221;default&#8221; background_color=&#8221;rgba(10,10,10,0.03)&#8221; background_image=&#8221;https:\/\/procana.org\/site\/wp-content\/uploads\/2021\/03\/FotoSeccion1366x293ConveniosyAlianzas.jpg&#8221; background_size=&#8221;contain&#8221; background_position=&#8221;center_right&#8221; custom_margin=&#8221;0px||-15px||false|false&#8221; custom_margin_tablet=&#8221;&#8221; custom_margin_phone=&#8221;&#8221; custom_margin_last_edited=&#8221;on|phone&#8221; custom_padding=&#8221;200px||0px|0px|false|false&#8221; custom_padding_tablet=&#8221;&#8221; custom_padding_phone=&#8221;|||60px|false|false&#8221; custom_css_main_element=&#8221;top:0px;||width:100%;&#8221; locked=&#8221;off&#8221;][\/et_pb_section][et_pb_section fb_built=&#8221;1&#8243; _builder_version=&#8221;4.8.1&#8243; _module_preset=&#8221;default&#8221; custom_padding=&#8221;19px|||||&#8221;][et_pb_row _builder_version=&#8221;4.8.1&#8243; _module_preset=&#8221;default&#8221; background_enable_image=&#8221;off&#8221; background_position=&#8221;top_center&#8221; width=&#8221;90%&#8221; max_width=&#8221;100%&#8221; custom_margin=&#8221;0px|auto||auto|false|false&#8221;][et_pb_column type=&#8221;4_4&#8243; _builder_version=&#8221;4.8.1&#8243; _module_preset=&#8221;default&#8221;][et_pb_text disabled_on=&#8221;off|off|off&#8221; _builder_version=&#8221;4.8.1&#8243; _module_preset=&#8221;default&#8221; text_font=&#8221;Oswald||||||||&#8221; custom_margin=&#8221;-3px||10px||false|false&#8221; custom_padding=&#8221;|||0px|false|false&#8221;]<\/p>\n<h1 style=\"color: #173b72;\">Seguridad y Salud en el Trabajo<\/h1>\n<p>[\/et_pb_text][et_pb_text _builder_version=&#8221;4.8.1&#8243; _module_preset=&#8221;default&#8221; text_font=&#8221;Montserrat||||||||&#8221; hover_enabled=&#8221;0&#8243; sticky_enabled=&#8221;0&#8243;]<\/p>\n<p style=\"text-align: justify;\">Desde Proca\u00f1a acompa\u00f1amos a nuestros afiliados con el cumplimiento de los requisitos legales, a trav\u00e9s de la implementaci\u00f3n de sistemas de gesti\u00f3n en las empresas para mejorar su funci\u00f3n administrativa y financiera, el ambiente laboral y la adecuada administraci\u00f3n de la informaci\u00f3n personal de la mano con los avances tecnol\u00f3gicos.<br \/> A trav\u00e9s de una mayor consistencia en las pol\u00edticas que se plantean para la seguridad y salud de sus trabajadores y el tratamiento de los datos personales, mejorando la eficacia y logrando beneficios potenciales de mayor transparencia que contribuyen en el posicionamiento de las empresas frente a sus competidores.<\/p>\n<p>Sobre Protect Data : <strong><span style=\"color: #008000;\"><a href=\"https:\/\/protecdatalatam.com\/\" style=\"color: #008000;\">https:\/\/protecdatalatam.com\/<\/a><\/span><\/strong><\/p>\n<p><em>El Decreto 1072 de 2015 es de car\u00e1cter obligatorio para todas las empresas y plantea todos los deberes que deben cumplir para disminuir y controlar los \u00edndices de accidentalidad laboral asociados a riesgos; as\u00ed como mejorar las condiciones laborales y el ambiente en el trabajo, prevenir lesiones y enfermedades laborales, promover la salud y proteger la seguridad de los trabajadores. En el sector ca\u00f1icultor, esta norma comporta un especial cuidado por la naturaleza de su actividad econ\u00f3mica, la cual, implica m\u00faltiples riesgos para los colaboradores que a simple vista no son identificables porque hacen parte de las labores propias del campo y algunas actividades administrativas, sin embargo, pueden traer graves consecuencias si no se les proporciona el control adecuado y oportuno.<\/em><\/p>\n<p><em>Para cumplir con este deber legal es necesario implementar un Sistema de Seguridad y Salud en el trabajo SG-SST, evitando sanciones econ\u00f3micas por omitirlo, las cuales, consisten en multas que van hasta los quinientos (500) SMMLV que podr\u00e1n ser graduales, de acuerdo con la gravedad de la infracci\u00f3n, tal como lo se\u00f1ala el Decreto 1072 de 2015.<\/em><\/p>\n<ul><\/ul>\n<p style=\"text-align: justify;\"><a href=\"https:\/\/procana.org\/site\/convenios-y-alianzas\/\" title=\"Servicios Gremiales\"><img loading=\"lazy\" decoding=\"async\" src=\"https:\/\/procana.org\/site\/wp-content\/uploads\/2021\/03\/BotonRegresar.png\" width=\"87\" height=\"36\" alt=\"\" class=\"wp-image-1657 alignnone size-full\" \/><\/a><\/p>\n<p>[\/et_pb_text][et_pb_code _builder_version=&#8221;4.8.1&#8243; _module_preset=&#8221;default&#8221;]<iframe class=\"responsive-iframe\" style=\"position: absolute; top: 0; left: 0; bottom: 0; right: 0; width: 100%; height: 100%;\" src=\"https:\/\/procana.org\/site\/custom\/circulo-servicios.html\"><\/iframe>[\/et_pb_code][\/et_pb_column][\/et_pb_row][\/et_pb_section]<\/p>\n","protected":false},"excerpt":{"rendered":"<p>Seguridad y Salud en el TrabajoDesde Proca\u00f1a acompa\u00f1amos a nuestros afiliados con el cumplimiento de los requisitos legales, a trav\u00e9s de la implementaci\u00f3n de sistemas de gesti\u00f3n en las empresas para mejorar su funci\u00f3n administrativa y financiera, el ambiente laboral y la adecuada administraci\u00f3n de la informaci\u00f3n personal de la mano con los avances tecnol\u00f3gicos. [&hellip;]<\/p>\n","protected":false},"author":1,"featured_media":0,"parent":0,"menu_order":0,"comment_status":"closed","ping_status":"closed","template":"","meta":{"_et_pb_use_builder":"on","_et_pb_old_content":"","_et_gb_content_width":"","footnotes":""},"class_list":["post-1695","page","type-page","status-publish","hentry"],"_links":{"self":[{"href":"https:\/\/procana.org\/site\/wp-json\/wp\/v2\/pages\/1695","targetHints":{"allow":["GET"]}}],"collection":[{"href":"https:\/\/procana.org\/site\/wp-json\/wp\/v2\/pages"}],"about":[{"href":"https:\/\/procana.org\/site\/wp-json\/wp\/v2\/types\/page"}],"author":[{"embeddable":true,"href":"https:\/\/procana.org\/site\/wp-json\/wp\/v2\/users\/1"}],"replies":[{"embeddable":true,"href":"https:\/\/procana.org\/site\/wp-json\/wp\/v2\/comments?post=1695"}],"version-history":[{"count":3,"href":"https:\/\/procana.org\/site\/wp-json\/wp\/v2\/pages\/1695\/revisions"}],"predecessor-version":[{"id":1714,"href":"https:\/\/procana.org\/site\/wp-json\/wp\/v2\/pages\/1695\/revisions\/1714"}],"wp:attachment":[{"href":"https:\/\/procana.org\/site\/wp-json\/wp\/v2\/media?parent=1695"}],"curies":[{"name":"wp","href":"https:\/\/api.w.org\/{rel}","templated":true}]}}