{"id":1681,"date":"2021-03-12T20:46:30","date_gmt":"2021-03-13T01:46:30","guid":{"rendered":"https:\/\/procana.org\/site\/?page_id=1681"},"modified":"2022-02-10T14:41:57","modified_gmt":"2022-02-10T19:41:57","slug":"creditos-y-recursos-financieros","status":"publish","type":"page","link":"https:\/\/procana.org\/site\/creditos-y-recursos-financieros\/","title":{"rendered":"Cr\u00e9ditos y recursos financieros"},"content":{"rendered":"<p>[et_pb_section fb_built=&#8221;1&#8243; custom_padding_last_edited=&#8221;on|phone&#8221; disabled_on=&#8221;on|on|off&#8221; admin_label=&#8221;Section&#8221; _builder_version=&#8221;4.8.1&#8243; _module_preset=&#8221;default&#8221; background_color=&#8221;rgba(10,10,10,0.03)&#8221; background_image=&#8221;https:\/\/procana.org\/site\/wp-content\/uploads\/2021\/03\/FotoSeccion1366x293ConveniosyAlianzas.jpg&#8221; background_size=&#8221;contain&#8221; custom_margin=&#8221;30px||||false|false&#8221; custom_margin_tablet=&#8221;&#8221; custom_margin_phone=&#8221;&#8221; custom_margin_last_edited=&#8221;on|phone&#8221; custom_padding=&#8221;360px||0px|0px|false|false&#8221; custom_padding_tablet=&#8221;&#8221; custom_padding_phone=&#8221;|||60px|false|false&#8221; custom_css_main_element=&#8221;top:0px;||width:100%;&#8221; locked=&#8221;off&#8221;][\/et_pb_section][et_pb_section fb_built=&#8221;1&#8243; _builder_version=&#8221;4.8.1&#8243; _module_preset=&#8221;default&#8221; custom_padding=&#8221;19px|||||&#8221;][et_pb_row _builder_version=&#8221;4.8.1&#8243; _module_preset=&#8221;default&#8221; background_enable_image=&#8221;off&#8221; background_position=&#8221;top_center&#8221; width=&#8221;90%&#8221; max_width=&#8221;100%&#8221; custom_margin=&#8221;0px|auto||auto|false|false&#8221; hover_enabled=&#8221;0&#8243; sticky_enabled=&#8221;0&#8243;][et_pb_column type=&#8221;4_4&#8243; _builder_version=&#8221;4.8.1&#8243; _module_preset=&#8221;default&#8221;][et_pb_text disabled_on=&#8221;off|off|off&#8221; _builder_version=&#8221;4.8.1&#8243; _module_preset=&#8221;default&#8221; text_font=&#8221;Oswald||||||||&#8221; custom_margin=&#8221;-3px||10px||false|false&#8221; custom_padding=&#8221;|||0px|false|false&#8221;]<\/p>\n<h1 style=\"color: #173b72;\">Convenios y Alianzas<\/h1>\n<p>[\/et_pb_text][et_pb_text _builder_version=&#8221;4.8.1&#8243; _module_preset=&#8221;default&#8221; text_font=&#8221;Montserrat||||||||&#8221;]<\/p>\n<p><strong>CONVENIOS FINANCIEROS:<\/strong> Nuestros afiliados cuentan con asesor\u00eda financiera para la consecuci\u00f3n de recursos FINAGRO y cr\u00e9ditos para renovaci\u00f3n y sostenimiento de cultivos; inversi\u00f3n, compra de maquinaria agr\u00edcola; compra de insumos; ICRs (Incentivos para el cr\u00e9dito rural).<\/p>\n<p>Proca\u00f1a ha logrado consolidar alianzas estrat\u00e9gicas con entidades financieras como Banco de Occidente, BBVA y Davivienda, para el beneficio de nuestros afiliados con condiciones de\u00a0cr\u00e9dito especiales:<\/p>\n<ul>\n<ul>\n<li>Tasas preferenciales para afiliados<\/li>\n<li>Planificaci\u00f3n financiera sin costo<\/li>\n<li>Atenci\u00f3n especializada<\/li>\n<\/ul>\n<\/ul>\n<p>\u00a0Desembolsos en menos de 10 d\u00edas (Una vez presentado todos los documentos)Proca\u00f1a tiene convenio con las siguientes entidades financieras<\/p>\n<ul>\n<li><strong><span style=\"color: #008000;\"><a href=\"https:\/\/www.bancodeoccidente.com.co\/wps\/portal\/banco-de-occidente\/bancodeoccidente\/\" target=\"_blank\" rel=\"noopener noreferrer\" style=\"color: #008000;\">Banco de Occidente<\/a><\/span><\/strong><\/li>\n<li><strong><span style=\"color: #008000;\"><a href=\"https:\/\/www.bbva.com.co\/\" target=\"_blank\" rel=\"noopener noreferrer\" style=\"color: #008000;\">Banco BBVA<\/a><\/span><\/strong><\/li>\n<li><span style=\"color: #008000;\"><a href=\"https:\/\/www.davivienda.com\/wps\/portal\/personas\/nuevo\" target=\"_blank\" rel=\"noopener noreferrer\" style=\"color: #008000;\"><strong>Banco Davivienda<\/strong><\/a><\/span><\/li>\n<li><span style=\"color: #008411;\"><strong>Banco Agrario<\/strong><\/span><span style=\"color: #008000;\"><strong><\/strong><\/span><\/li>\n<\/ul>\n<p style=\"text-align: justify;\"><a href=\"https:\/\/procana.org\/site\/convenios-y-alianzas\/\" title=\"Servicios Gremiales\"><img loading=\"lazy\" decoding=\"async\" src=\"https:\/\/procana.org\/site\/wp-content\/uploads\/2021\/03\/BotonRegresar.png\" width=\"87\" height=\"36\" alt=\"\" class=\"wp-image-1657 alignnone size-full\" \/><\/a><\/p>\n<p>[\/et_pb_text][et_pb_code _builder_version=&#8221;4.8.1&#8243; _module_preset=&#8221;default&#8221;]<iframe class=\"responsive-iframe\" style=\"position: absolute; top: 0; left: 0; bottom: 0; right: 0; width: 100%; height: 100%;\" src=\"https:\/\/procana.org\/site\/custom\/circulo-servicios.html\"><\/iframe>[\/et_pb_code][\/et_pb_column][\/et_pb_row][\/et_pb_section]<\/p>\n","protected":false},"excerpt":{"rendered":"<p>Convenios y AlianzasCONVENIOS FINANCIEROS: Nuestros afiliados cuentan con asesor\u00eda financiera para la consecuci\u00f3n de recursos FINAGRO y cr\u00e9ditos para renovaci\u00f3n y sostenimiento de cultivos; inversi\u00f3n, compra de maquinaria agr\u00edcola; compra de insumos; ICRs (Incentivos para el cr\u00e9dito rural). Proca\u00f1a ha logrado consolidar alianzas estrat\u00e9gicas con entidades financieras como Banco de Occidente, BBVA y Davivienda, para [&hellip;]<\/p>\n","protected":false},"author":1,"featured_media":0,"parent":0,"menu_order":0,"comment_status":"closed","ping_status":"closed","template":"","meta":{"_et_pb_use_builder":"on","_et_pb_old_content":"","_et_gb_content_width":"","footnotes":""},"class_list":["post-1681","page","type-page","status-publish","hentry"],"_links":{"self":[{"href":"https:\/\/procana.org\/site\/wp-json\/wp\/v2\/pages\/1681","targetHints":{"allow":["GET"]}}],"collection":[{"href":"https:\/\/procana.org\/site\/wp-json\/wp\/v2\/pages"}],"about":[{"href":"https:\/\/procana.org\/site\/wp-json\/wp\/v2\/types\/page"}],"author":[{"embeddable":true,"href":"https:\/\/procana.org\/site\/wp-json\/wp\/v2\/users\/1"}],"replies":[{"embeddable":true,"href":"https:\/\/procana.org\/site\/wp-json\/wp\/v2\/comments?post=1681"}],"version-history":[{"count":5,"href":"https:\/\/procana.org\/site\/wp-json\/wp\/v2\/pages\/1681\/revisions"}],"predecessor-version":[{"id":3900,"href":"https:\/\/procana.org\/site\/wp-json\/wp\/v2\/pages\/1681\/revisions\/3900"}],"wp:attachment":[{"href":"https:\/\/procana.org\/site\/wp-json\/wp\/v2\/media?parent=1681"}],"curies":[{"name":"wp","href":"https:\/\/api.w.org\/{rel}","templated":true}]}}