{"id":1671,"date":"2021-03-12T20:29:30","date_gmt":"2021-03-13T01:29:30","guid":{"rendered":"https:\/\/procana.org\/site\/?page_id=1671"},"modified":"2021-03-12T20:32:45","modified_gmt":"2021-03-13T01:32:45","slug":"polizas-de-seguros","status":"publish","type":"page","link":"https:\/\/procana.org\/site\/polizas-de-seguros\/","title":{"rendered":"P\u00f3lizas de seguros"},"content":{"rendered":"<p>[et_pb_section fb_built=&#8221;1&#8243; custom_padding_last_edited=&#8221;on|phone&#8221; disabled_on=&#8221;on|on|off&#8221; admin_label=&#8221;Section&#8221; _builder_version=&#8221;4.8.1&#8243; _module_preset=&#8221;default&#8221; background_color=&#8221;rgba(10,10,10,0.03)&#8221; background_image=&#8221;https:\/\/procana.org\/site\/wp-content\/uploads\/2021\/03\/FotoSeccion1366x293ConveniosyAlianzas.jpg&#8221; background_size=&#8221;contain&#8221; custom_margin=&#8221;30px||||false|false&#8221; custom_margin_tablet=&#8221;&#8221; custom_margin_phone=&#8221;&#8221; custom_margin_last_edited=&#8221;on|phone&#8221; custom_padding=&#8221;360px||0px|0px|false|false&#8221; custom_padding_tablet=&#8221;&#8221; custom_padding_phone=&#8221;|||60px|false|false&#8221; custom_css_main_element=&#8221;top:0px;||width:100%;&#8221; locked=&#8221;off&#8221;][\/et_pb_section][et_pb_section fb_built=&#8221;1&#8243; custom_padding_last_edited=&#8221;on|phone&#8221; disabled_on=&#8221;off|off|on&#8221; admin_label=&#8221;Section&#8221; _builder_version=&#8221;4.8.1&#8243; _module_preset=&#8221;default&#8221; background_color=&#8221;rgba(10,10,10,0.03)&#8221; background_image=&#8221;https:\/\/procana.org\/site\/wp-content\/uploads\/2021\/03\/FotoSeccion1366x293ConveniosyAlianzas.jpg&#8221; background_size=&#8221;contain&#8221; background_position=&#8221;center_right&#8221; custom_margin=&#8221;0px||-15px||false|false&#8221; custom_margin_tablet=&#8221;&#8221; custom_margin_phone=&#8221;&#8221; custom_margin_last_edited=&#8221;on|phone&#8221; custom_padding=&#8221;200px||0px|0px|false|false&#8221; custom_padding_tablet=&#8221;&#8221; custom_padding_phone=&#8221;|||60px|false|false&#8221; custom_css_main_element=&#8221;top:0px;||width:100%;&#8221; locked=&#8221;off&#8221;][\/et_pb_section][et_pb_section fb_built=&#8221;1&#8243; _builder_version=&#8221;4.8.1&#8243; _module_preset=&#8221;default&#8221; custom_padding=&#8221;19px|||||&#8221;][et_pb_row _builder_version=&#8221;4.8.1&#8243; _module_preset=&#8221;default&#8221; background_enable_image=&#8221;off&#8221; background_position=&#8221;top_center&#8221; width=&#8221;90%&#8221; max_width=&#8221;100%&#8221; custom_margin=&#8221;0px|auto||auto|false|false&#8221;][et_pb_column type=&#8221;4_4&#8243; _builder_version=&#8221;4.8.1&#8243; _module_preset=&#8221;default&#8221;][et_pb_text disabled_on=&#8221;off|off|off&#8221; _builder_version=&#8221;4.8.1&#8243; _module_preset=&#8221;default&#8221; text_font=&#8221;Oswald||||||||&#8221; custom_margin=&#8221;-3px||-7px||false|false&#8221; custom_padding=&#8221;|||0px|false|false&#8221; hover_enabled=&#8221;0&#8243; sticky_enabled=&#8221;0&#8243;]<\/p>\n<h1 style=\"color: #173b72;\">P\u00f3lizas de seguros<\/h1>\n<p>[\/et_pb_text][et_pb_text _builder_version=&#8221;4.8.1&#8243; _module_preset=&#8221;default&#8221; text_font=&#8221;Montserrat||||||||&#8221; hover_enabled=&#8221;0&#8243; sticky_enabled=&#8221;0&#8243;]<\/p>\n<p>&nbsp;<\/p>\n<p style=\"font-weight: 400;\"><strong><span>CONVENIOS POLIZAS DE SEGURO:<\/span><\/strong><\/p>\n<p style=\"font-weight: 400;\"><span>Los convenios que realiza Proca\u00f1a con terceros benefician a nuestros afiliados con tarifas preferenciales, servicio \u00e1gil, trato preferencial y personalizado, ahorro en tiempo y dinero.<\/span><\/p>\n<p style=\"font-weight: 400;\"><span>El convenio con seguros incluye diversas aseguradoras que ofrecen las mejores opciones con bajos deducibles para equipos, maquinarias, riesgo clim\u00e1tico, contenidos, salud y medicina prepagada, entre otros.<\/span><\/p>\n<p style=\"font-weight: 400;\"><strong><u>P\u00f3liza de Veh\u00edculo<\/u><\/strong><\/p>\n<p style=\"font-weight: 400;\">Asegure su veh\u00edculo y obtenga los siguientes amparos por:\u00a0<\/p>\n<ul style=\"font-weight: 400;\">\n<li>Responsabilidad civil extracontractual hasta de $ 3.000.000.000.<\/li>\n<li>P\u00e9rdida total por da\u00f1os<\/li>\n<li>P\u00e9rdida total por hurto<\/li>\n<li>P\u00e9rdida parcial por da\u00f1os<\/li>\n<li>P\u00e9rdida parcial por hurto<\/li>\n<li>Terremoto<\/li>\n<li>Protecci\u00f3n patrimonial<\/li>\n<li>Asistencia jur\u00eddica en proceso penal<\/li>\n<li>Asistencia jur\u00eddica en proceso civil<\/li>\n<\/ul>\n<p style=\"font-weight: 400;\"><strong>Amparos adicionales:<\/strong><\/p>\n<ul style=\"font-weight: 400;\">\n<li>Asistencia en viaje # 204 (desde cualquier operador m\u00f3vil)<\/li>\n<li>Gastos de transporte por p\u00e9rdida total<\/li>\n<li>Accidentes personales (Hasta 20 millones)<\/li>\n<li>Asistencia al hogar<\/li>\n<li>Asistencia exequial<\/li>\n<li>Renta diaria por hospitalizaci\u00f3n por accidente de transito<\/li>\n<li>Conductor elegido<\/li>\n<li>Chequeo de veh\u00edculo para viaje<\/li>\n<li>Veh\u00edculo de reemplazo<\/li>\n<li>Llanta estallada<\/li>\n<li>Viaje seguro<\/li>\n<li>Peque\u00f1os accesorios<\/li>\n<li><span>P\u00e9rdida de llaves<\/span><\/li>\n<\/ul>\n<p style=\"font-weight: 400;\"><strong><u>Seguro Todo Riesgo para Maquinaria Agr\u00edcola<\/u><\/strong><\/p>\n<p style=\"font-weight: 400;\">Parte esencial de la productividad de tu empresa la constituye la maquinaria para las labores agr\u00edcolas la cual<span>\u00a0<\/span><strong>est\u00e1 expuesta a diversos riesgos durante su operaci\u00f3n, frente a terceros, cuando se encuentra pernoctando o durante los desplazamientos.<\/strong><\/p>\n<p style=\"font-weight: 400;\">\n<p style=\"font-weight: 400;\">Para asegurar esta parte importante de tu patrimonio ofrecemos<span>\u00a0<\/span><strong>protecciones contra los siguientes eventos<\/strong>:<\/p>\n<p style=\"font-weight: 400;\"><strong>Coberturas principales:<\/strong><span>\u00a0<\/span>Lo protegemos frente a da\u00f1os exteriores\u00a0como:<\/p>\n<ul>\n<li style=\"font-weight: 400;\"><span><\/span>Volcamientos, incendio,\u00a0impacto de objetos exteriores o da\u00f1os por agua,\u00a0como el rompimiento de tuber\u00edas.<\/li>\n<li style=\"font-weight: 400;\"><span><\/span>Su maquinaria est\u00e1 protegida si sufre da\u00f1os por eventos de la naturaleza como:\u00a0terremoto, temblor de tierra, maremoto, erupci\u00f3n volc\u00e1nica u otros desastres naturales. Asimismo, si hay colisi\u00f3n con objetos en movimiento o estacionados, volcamiento o descarrilamiento.<\/li>\n<li style=\"font-weight: 400;\"><span><\/span>Cubre las p\u00e9rdidas en\u00a0caso de actos malintencionados cometidos individualmente por sus empleados, excepto cuando los da\u00f1os sean ocasionados mediante el uso de elementos o artefactos explosivos.<\/li>\n<li style=\"font-weight: 400;\"><span><\/span>Lo respaldamos en caso de hurto.<\/li>\n<li style=\"font-weight: 400;\"><span><\/span>Respondemos por afectaciones cuando se\u00a0presente un accidente del veh\u00edculo transportador durante los traslados de su maquinaria en el territorio nacional.<\/li>\n<li style=\"font-weight: 400;\"><span><\/span>Tendr\u00e1 derecho a\u00a0los gastos relacionados con la causa de su p\u00e9rdida, como la extinci\u00f3n del incendio, la remoci\u00f3n de escombros, etc.<\/li>\n<li style=\"font-weight: 400;\"><span><\/span>Cubrimiento en caso de da\u00f1os por\u00a0asonada, mot\u00edn, conmoci\u00f3n civil o popular, huelga, actos malintencionados de terceros y terrorismo.<\/li>\n<li style=\"font-weight: 400;\"><span><\/span>Da\u00f1os a otros: lo apoyaremos si sufre perjuicios patrimoniales y extrapatrimoniales que sean consecuencia de da\u00f1os materiales, lesiones personales y muerte de terceros durante la operaci\u00f3n de las m\u00e1quinas\u00a0y equipos\u00a0asegurados.<\/li>\n<\/ul>\n<h2><strong>\u00bfQu\u00e9 no se cubre?<\/strong><\/h2>\n<ul>\n<li style=\"font-weight: 400;\"><span><\/span>P\u00e9rdidas o da\u00f1os que sean responsabilidad del fabricante o vendedor del bien asegurado.<\/li>\n<li style=\"font-weight: 400;\"><span><\/span>Lucro cesante y demora o paralizaci\u00f3n total o parcial\u00a0del trabajo.<\/li>\n<li style=\"font-weight: 400;\"><span><\/span>Da\u00f1os est\u00e9ticos o producidos por abandono, uso inadecuado y desgaste o deterioro de los equipos a trav\u00e9s del tiempo.<\/li>\n<li style=\"font-weight: 400;\"><span><\/span>Falla,\u00a0da\u00f1o mec\u00e1nico o el\u00e9ctrico interno. Si a consecuencia de tal falla o da\u00f1o hay un accidente que produce da\u00f1os externos, s\u00ed se indemnizar\u00e1.<\/li>\n<li style=\"font-weight: 400;\"><span><\/span>P\u00e9rdida o da\u00f1os causados por sobrecarga del bien asegurado.<\/li>\n<li style=\"font-weight: 400;\"><span><\/span>Da\u00f1os de veh\u00edculos que puedan transitar en v\u00eda p\u00fablica.<\/li>\n<li style=\"font-weight: 400;\"><span><\/span>Da\u00f1os a equipos que desarrollen trabajos\u00a0<em>offshore<\/em>\u00a0(fuera de tierra),\u00a0actividades dentro de r\u00edos, lagunas u otros cuerpos de agua o que operen sobre planchones y barcazas.<\/li>\n<\/ul>\n<h2><strong>\u00bfTienes inquietudes? No dudes en contactarnos\u2026<\/strong><\/h2>\n<p style=\"font-weight: 400;\"><strong><u>Seguro Agr\u00edcola: Protege tu inversi\u00f3n ante imprevistos<\/u><\/strong><\/p>\n<p style=\"font-weight: 400;\">Sabemos que tu dinero, tiempo y esfuerzos est\u00e1n puestos en la siembra de tus cultivos de ca\u00f1a.\u00a0<strong>Perm\u00edtenos ayudarte a proteger tu inversi\u00f3n durante el ciclo productivo para que los eventos clim\u00e1ticos no afecten tus sue\u00f1os<\/strong>.<\/p>\n<p style=\"font-weight: 400;\"><strong>Qu\u00e9 se asegura<\/strong>: Los costos de producci\u00f3n invertidos en el cultivo de ca\u00f1a de az\u00facar.<\/p>\n<p style=\"font-weight: 400;\"><strong>\u00bfContra qu\u00e9 eventos?<\/strong><\/p>\n<ul>\n<li style=\"font-weight: 400;\"><span><\/span>Avalancha<\/li>\n<li style=\"font-weight: 400;\"><span><\/span>Deslizamiento<\/li>\n<li style=\"font-weight: 400;\"><span><\/span>Exceso de lluvia<\/li>\n<li style=\"font-weight: 400;\"><span><\/span>Granizo<\/li>\n<li style=\"font-weight: 400;\"><span><\/span>Incendio accidental<\/li>\n<li style=\"font-weight: 400;\"><span><\/span>Inundaci\u00f3n<\/li>\n<li style=\"font-weight: 400;\"><span><\/span>D\u00e9ficit de lluvia<\/li>\n<li style=\"font-weight: 400;\"><span><\/span>Vientos fuertes<\/li>\n<\/ul>\n<p style=\"font-weight: 400;\"><span>\u00a0<\/span><\/p>\n<h2><strong>\u00bfQu\u00e9 no se cubre?<\/strong><\/h2>\n<p style=\"font-weight: 400;\">Las p\u00e9rdidas que sean consecuencia directa o indirecta de los siguientes hechos no est\u00e1n contempladas por el seguro:<\/p>\n<ul>\n<li style=\"font-weight: 400;\"><span><\/span>Que el cultivo haya sido sembrado o trasplantado en condiciones h\u00famedas que no son las recomendadas para su desarrollo.<\/li>\n<li style=\"font-weight: 400;\"><span><\/span>Enfermedades, plagas o malezas de cualquier tipo u origen.<\/li>\n<li style=\"font-weight: 400;\"><span><\/span>Actos de guerra, huelga, mot\u00edn, conmoci\u00f3n civil, actos malintencionados de terceros y terrorismo.<\/li>\n<li style=\"font-weight: 400;\"><span><\/span>Poluci\u00f3n, contaminaci\u00f3n y gastos para limpieza o descontaminaci\u00f3n del medio ambiente.<\/li>\n<li style=\"font-weight: 400;\"><span><\/span>Que no haya adaptaci\u00f3n de la semilla a las condiciones agroclim\u00e1ticas.<\/li>\n<li style=\"font-weight: 400;\"><span><\/span>Problemas gen\u00e9ticos de la semilla usada en el cultivo.<\/li>\n<li style=\"font-weight: 400;\"><span><\/span>Acciones de animales dom\u00e9sticos o silvestres.<\/li>\n<\/ul>\n<p style=\"font-weight: 400;\"><span>\u00a0<\/span><\/p>\n<h2><strong>Finagro subsidia un porcentaje importante del pago de tu seguro<\/strong><\/h2>\n<p style=\"font-weight: 400;\">Con el diligenciamiento de un formato Finagro establecer\u00e1 que tipo de productor eres, as\u00ed podr\u00e1s contar hasta con un 70% de subsidio en la prima de seguro, el cual ser\u00e1 gestionado por la aseguradora directamente con Finagro quien otorga el subsidio de acuerdo a las condiciones estipuladas en la resoluci\u00f3n vigente al momento de la suscripci\u00f3n de tu seguro.<\/p>\n<h2><strong>\u00a0<\/strong><\/h2>\n<h2><strong>\u00bfTienes inquietudes? No dudes en contactarnos\u2026<\/strong><\/h2>\n<p style=\"font-weight: 400;\"><strong><u><span>Contenidos PYME.<\/span><\/u><\/strong><\/p>\n<p style=\"font-weight: 400;\"><strong><span>AMPAROS:<\/span><\/strong><\/p>\n<p style=\"font-weight: 400;\"><strong><span>&#8211; Amparo B\u00e1sico:<\/span><\/strong><\/p>\n<ul>\n<li style=\"font-weight: 400;\"><span><\/span><span>Todo Riesgo Incendio.<\/span><\/li>\n<\/ul>\n<p style=\"font-weight: 400;\"><strong><span>&#8211; Cobertura de Terremoto, Temblor y\/o Erupci\u00f3n Volc\u00e1nica y Maremoto.<\/span><\/strong><\/p>\n<p style=\"font-weight: 400;\"><strong><span>&#8211; Cobertura de Actos Mal Intencionados de Terceros (AMIT).<\/span><\/strong><\/p>\n<p style=\"font-weight: 400;\"><span>\u00a0<\/span><\/p>\n<p style=\"font-weight: 400;\"><strong><span>COBERTURA DE SUSTRACCION CON VIOLENCIA<\/span><\/strong><\/p>\n<p style=\"font-weight: 400;\"><span>Sustracci\u00f3n con violencia incluyendo sustracci\u00f3n con violencia sobre las personas (Atraco).<\/span><\/p>\n<p style=\"font-weight: 400;\"><span>\u00a0<\/span><\/p>\n<p style=\"font-weight: 400;\"><strong><span>COBERTURA DE ROTURA DE MAQUINARIA<\/span><\/strong><\/p>\n<p style=\"font-weight: 400;\"><strong><span>AMPAROS:<\/span><\/strong><\/p>\n<p style=\"font-weight: 400;\"><strong><span>B\u00e1sico:<\/span><\/strong><span>\u00a0Da\u00f1os internos directos.<\/span><\/p>\n<p style=\"font-weight: 400;\"><strong><span>Adicionales:<\/span><\/strong><span>\u00a0Incendio interno, explosi\u00f3n qu\u00edmica interna y ca\u00edda directa de rayo.<\/span><\/p>\n<p style=\"font-weight: 400;\"><span>\u00a0<\/span><\/p>\n<p style=\"font-weight: 400;\"><strong><span>RECONOCIMIENTO DE OTROS GASTOS A CONSECUENCIA DE SINIESTRO<\/span><\/strong><\/p>\n<ul>\n<li style=\"font-weight: 400;\"><span>Remoci\u00f3n de escombros hasta\u00a0\u00a0\u00a0\u00a0\u00a0\u00a0\u00a0\u00a0\u00a0\u00a0\u00a0\u00a0\u00a0\u00a0\u00a0\u00a0\u00a0\u00a0\u00a0\u00a0\u00a0\u00a0\u00a0\u00a0\u00a0 $600.000.000<\/span><\/li>\n<li style=\"font-weight: 400;\"><span>Gastos de extinci\u00f3n del siniestro hasta\u00a0\u00a0\u00a0\u00a0\u00a0\u00a0\u00a0\u00a0\u00a0\u00a0\u00a0\u00a0\u00a0\u00a0\u00a0\u00a0\u00a0 $600.000.000<\/span><\/li>\n<li style=\"font-weight: 400;\"><span>Gastos para la preservaci\u00f3n de bienes hasta\u00a0\u00a0\u00a0\u00a0\u00a0\u00a0\u00a0 $600.000.000<\/span><\/li>\n<li style=\"font-weight: 400;\"><span>Honorarios profesionales hasta\u00a0\u00a0\u00a0\u00a0\u00a0\u00a0\u00a0\u00a0\u00a0\u00a0\u00a0\u00a0\u00a0\u00a0\u00a0\u00a0\u00a0\u00a0\u00a0\u00a0\u00a0\u00a0\u00a0\u00a0\u00a0 $300.000.000<\/span><\/li>\n<\/ul>\n<p style=\"font-weight: 400;\"><strong><u><span>Salud<\/span><\/u><\/strong><\/p>\n<p style=\"font-weight: 400;\">Sabemos lo importante que es para ti disponer de toda la informaci\u00f3n necesaria para asegurar la salud y el bienestar de tu familia. A trav\u00e9s de nuestros servicios ofrecemos tranquilidad, respaldo y acompa\u00f1amiento.<\/p>\n<p style=\"font-weight: 400;\">Para cumplir nuestra promesa de servicio de una atenci\u00f3n integral, queremos mostrarte nuestro amplio portafolio de productos en las siguientes l\u00edneas de servicio:<\/p>\n<ul>\n<li style=\"font-weight: 400;\"><strong><\/strong>Medicina prepagada<br \/><strong>\u2022<\/strong>P\u00f3liza de Salud<br \/><strong>\u2022<\/strong>\u00a0P\u00f3liza de salud internacional<\/li>\n<\/ul>\n<p style=\"font-weight: 400;\"><span>Ac\u00e9rquese a nuestras oficinas y reciba m\u00e1s informaci\u00f3n o comun\u00edquese a los n\u00fameros 6644029 ext. 17 \u2013 3126045504 y a al correo electr\u00f3nico\u00a0<\/span><span><a href=\"mailto:servicios1@procana.org\">servicios1@procana.org<\/a><\/span><\/p>\n<p style=\"text-align: justify;\"><a href=\"https:\/\/procana.org\/site\/convenios-y-alianzas\/\" title=\"Servicios Gremiales\"><img loading=\"lazy\" decoding=\"async\" src=\"https:\/\/procana.org\/site\/wp-content\/uploads\/2021\/03\/BotonRegresar.png\" width=\"87\" height=\"36\" alt=\"\" class=\"wp-image-1657 alignnone size-full\" \/><\/a><\/p>\n<p>[\/et_pb_text][et_pb_code _builder_version=&#8221;4.8.1&#8243; _module_preset=&#8221;default&#8221;]<iframe class=\"responsive-iframe\" style=\"position: absolute; top: 0; left: 0; bottom: 0; right: 0; width: 100%; height: 100%;\" src=\"https:\/\/procana.org\/site\/custom\/circulo-servicios.html\"><\/iframe>[\/et_pb_code][\/et_pb_column][\/et_pb_row][\/et_pb_section]<\/p>\n","protected":false},"excerpt":{"rendered":"<p>P\u00f3lizas de seguros&nbsp; CONVENIOS POLIZAS DE SEGURO: Los convenios que realiza Proca\u00f1a con terceros benefician a nuestros afiliados con tarifas preferenciales, servicio \u00e1gil, trato preferencial y personalizado, ahorro en tiempo y dinero. El convenio con seguros incluye diversas aseguradoras que ofrecen las mejores opciones con bajos deducibles para equipos, maquinarias, riesgo clim\u00e1tico, contenidos, salud y [&hellip;]<\/p>\n","protected":false},"author":1,"featured_media":0,"parent":0,"menu_order":0,"comment_status":"closed","ping_status":"closed","template":"","meta":{"_et_pb_use_builder":"on","_et_pb_old_content":"","_et_gb_content_width":"","footnotes":""},"class_list":["post-1671","page","type-page","status-publish","hentry"],"_links":{"self":[{"href":"https:\/\/procana.org\/site\/wp-json\/wp\/v2\/pages\/1671","targetHints":{"allow":["GET"]}}],"collection":[{"href":"https:\/\/procana.org\/site\/wp-json\/wp\/v2\/pages"}],"about":[{"href":"https:\/\/procana.org\/site\/wp-json\/wp\/v2\/types\/page"}],"author":[{"embeddable":true,"href":"https:\/\/procana.org\/site\/wp-json\/wp\/v2\/users\/1"}],"replies":[{"embeddable":true,"href":"https:\/\/procana.org\/site\/wp-json\/wp\/v2\/comments?post=1671"}],"version-history":[{"count":2,"href":"https:\/\/procana.org\/site\/wp-json\/wp\/v2\/pages\/1671\/revisions"}],"predecessor-version":[{"id":1674,"href":"https:\/\/procana.org\/site\/wp-json\/wp\/v2\/pages\/1671\/revisions\/1674"}],"wp:attachment":[{"href":"https:\/\/procana.org\/site\/wp-json\/wp\/v2\/media?parent=1671"}],"curies":[{"name":"wp","href":"https:\/\/api.w.org\/{rel}","templated":true}]}}