{"id":1573,"date":"2021-03-12T09:13:06","date_gmt":"2021-03-12T14:13:06","guid":{"rendered":"https:\/\/procana.org\/site\/?page_id=1573"},"modified":"2021-03-25T11:20:47","modified_gmt":"2021-03-25T16:20:47","slug":"convenios-y-alianzas","status":"publish","type":"page","link":"https:\/\/procana.org\/site\/convenios-y-alianzas\/","title":{"rendered":"Convenios y Alianzas"},"content":{"rendered":"<p>[et_pb_section fb_built=&#8221;1&#8243; custom_padding_last_edited=&#8221;on|phone&#8221; disabled_on=&#8221;on|on|off&#8221; admin_label=&#8221;Section&#8221; _builder_version=&#8221;4.8.1&#8243; _module_preset=&#8221;default&#8221; background_color=&#8221;rgba(10,10,10,0.03)&#8221; background_image=&#8221;https:\/\/procana.org\/site\/wp-content\/uploads\/2021\/03\/FotoSeccion1366x293ConveniosyAlianzas.jpg&#8221; background_size=&#8221;contain&#8221; custom_margin=&#8221;30px||||false|false&#8221; custom_margin_tablet=&#8221;&#8221; custom_margin_phone=&#8221;&#8221; custom_margin_last_edited=&#8221;on|phone&#8221; custom_padding=&#8221;360px||0px|0px|false|false&#8221; custom_padding_tablet=&#8221;&#8221; custom_padding_phone=&#8221;|||60px|false|false&#8221; custom_css_main_element=&#8221;top:0px;||width:100%;&#8221; locked=&#8221;off&#8221;][\/et_pb_section][et_pb_section fb_built=&#8221;1&#8243; custom_padding_last_edited=&#8221;on|phone&#8221; disabled_on=&#8221;off|off|on&#8221; admin_label=&#8221;Section&#8221; _builder_version=&#8221;4.8.1&#8243; _module_preset=&#8221;default&#8221; background_color=&#8221;rgba(10,10,10,0.03)&#8221; background_image=&#8221;https:\/\/procana.org\/site\/wp-content\/uploads\/2021\/03\/FotoSeccion1366x293ConveniosyAlianzas.jpg&#8221; background_size=&#8221;contain&#8221; background_position=&#8221;center_right&#8221; custom_margin=&#8221;0px||-15px||false|false&#8221; custom_margin_tablet=&#8221;&#8221; custom_margin_phone=&#8221;&#8221; custom_margin_last_edited=&#8221;on|phone&#8221; custom_padding=&#8221;200px||0px|0px|false|false&#8221; custom_padding_tablet=&#8221;&#8221; custom_padding_phone=&#8221;|||60px|false|false&#8221; custom_css_main_element=&#8221;top:0px;||width:100%;&#8221; locked=&#8221;off&#8221;][\/et_pb_section][et_pb_section fb_built=&#8221;1&#8243; _builder_version=&#8221;4.8.1&#8243; _module_preset=&#8221;default&#8221; custom_padding=&#8221;19px|||||&#8221;][et_pb_row _builder_version=&#8221;4.8.1&#8243; _module_preset=&#8221;default&#8221; background_enable_image=&#8221;off&#8221; background_position=&#8221;top_center&#8221; width=&#8221;90%&#8221; max_width=&#8221;100%&#8221; custom_margin=&#8221;0px|auto||auto|false|false&#8221;][et_pb_column type=&#8221;4_4&#8243; _builder_version=&#8221;4.8.1&#8243; _module_preset=&#8221;default&#8221;][et_pb_text disabled_on=&#8221;off|off|off&#8221; _builder_version=&#8221;4.8.1&#8243; _module_preset=&#8221;default&#8221; text_font=&#8221;Oswald||||||||&#8221; custom_margin=&#8221;-3px||10px||false|false&#8221; custom_padding=&#8221;|||0px|false|false&#8221;]<\/p>\n<h1 style=\"color: #173b72;\">Convenios y Alianzas<\/h1>\n<p>[\/et_pb_text][et_pb_text _builder_version=&#8221;4.8.1&#8243; _module_preset=&#8221;default&#8221; text_font=&#8221;Montserrat||||||||&#8221; hover_enabled=&#8221;0&#8243; disabled_on=&#8221;on|on|off&#8221; sticky_enabled=&#8221;0&#8243;]<\/p>\n<table width=\"100%\" height=\"24\">\n<tbody>\n<tr>\n<td style=\"width: 20%;\"><img loading=\"lazy\" decoding=\"async\" src=\"https:\/\/procana.org\/site\/wp-content\/uploads\/2021\/03\/IconoConveniosAlianzas.png\" width=\"192\" height=\"208\" alt=\"\" class=\"wp-image-1669 alignleft size-full\" \/><\/td>\n<td style=\"width: 80%;\">\n<p>Servicios de asistencia t\u00e9cnica a trav\u00e9s de terceros especializados que complementan la oferta que Proca\u00f1a tiene para sus afiliados:<\/p>\n<p><span style=\"color: #008000;\">\u2022 <strong><a href=\"https:\/\/procana.org\/site\/polizas-de-seguros\/\" style=\"color: #008000;\">P\u00f3lizas de seguros<\/a><\/strong><\/span><br \/> <span style=\"color: #008000;\"> \u2022 <strong><a href=\"https:\/\/procana.org\/site\/creditos-y-recursos-financieros\/\" style=\"color: #008000;\">Cr\u00e9ditos y recursos financieros<\/a><\/strong><\/span><br \/> <span style=\"color: #008000;\"> \u2022 <strong><a href=\"https:\/\/procana.org\/site\/asuntos-laborales-y-juridicos\/\" style=\"color: #008000;\">Asuntos laborales y jur\u00eddicos<\/a><\/strong><\/span><br \/> <span style=\"color: #008000;\"> \u2022 <strong><a href=\"https:\/\/procana.org\/site\/seguridad-y-salud-en-el-trabajo\/\" style=\"color: #008000;\">Seguridad y Salud en el Trabajo<\/a><\/strong><\/span><br \/> <span style=\"color: #008000;\"> \u2022 Temas tributarios y fiscales<\/span><br \/> <span style=\"color: #008000;\"> \u2022 <strong><a href=\"https:\/\/procana.org\/site\/fondo-de-empleados\/\" style=\"color: #008000;\">Fondo de Empleados<\/a><\/strong><\/span><br \/> <span style=\"color: #008000;\"> \u2022 Facturaci\u00f3n y n\u00f3mina electr\u00f3nica<\/span><br \/> <span style=\"color: #008000;\"> \u2022 <strong><a href=\"https:\/\/procana.org\/site\/proteccion-de-datos\/\" style=\"color: #008000;\">Protecci\u00f3n de Datos<\/a><\/strong><\/span><\/p>\n<\/td>\n<\/tr>\n<\/tbody>\n<\/table>\n<p><strong><span style=\"color: #008000;\"><a href=\"https:\/\/procana.org\/site\/proteccion-de-datos\/\" style=\"color: #008000;\"><\/a><\/span><\/strong><\/p>\n<p style=\"text-align: justify;\"><a href=\"https:\/\/procana.org\/site\/servicios-gremiales\/\" title=\"Servicios Gremiales\"><img loading=\"lazy\" decoding=\"async\" src=\"https:\/\/procana.org\/site\/wp-content\/uploads\/2021\/03\/BotonRegresar.png\" width=\"87\" height=\"36\" alt=\"\" class=\"wp-image-1657 alignnone size-full\" \/><\/a><\/p>\n<p>[\/et_pb_text][et_pb_text _builder_version=&#8221;4.8.1&#8243; _module_preset=&#8221;default&#8221; text_font=&#8221;Montserrat||||||||&#8221; hover_enabled=&#8221;0&#8243; disabled_on=&#8221;off|off|on&#8221; sticky_enabled=&#8221;0&#8243;]<\/p>\n<table width=\"100%\" height=\"24\">\n<tbody>\n<tr>\n<td style=\"width: 80%;\"><img loading=\"lazy\" decoding=\"async\" src=\"https:\/\/procana.org\/site\/wp-content\/uploads\/2021\/03\/IconoConveniosAlianzas.png\" width=\"192\" height=\"208\" alt=\"\" style=\"display: block; margin-left: auto; margin-right: auto;\" \/><\/td>\n<\/tr>\n<tr>\n<td style=\"width: 80%;\">\n<p>Servicios de asistencia t\u00e9cnica a trav\u00e9s de terceros especializados que complementan la oferta que Proca\u00f1a tiene para sus afiliados:<\/p>\n<p><span style=\"color: #008000;\">\u2022 <strong><a href=\"https:\/\/procana.org\/site\/polizas-de-seguros\/\" style=\"color: #008000;\">P\u00f3lizas de seguros<\/a><\/strong><\/span><br \/> <span style=\"color: #008000;\"> \u2022 <strong><a href=\"https:\/\/procana.org\/site\/creditos-y-recursos-financieros\/\" style=\"color: #008000;\">Cr\u00e9ditos y recursos financieros<\/a><\/strong><\/span><br \/> <span style=\"color: #008000;\"> \u2022 <strong><a href=\"https:\/\/procana.org\/site\/asuntos-laborales-y-juridicos\/\" style=\"color: #008000;\">Asuntos laborales y jur\u00eddicos<\/a><\/strong><\/span><br \/> <span style=\"color: #008000;\"> \u2022 <strong><a href=\"https:\/\/procana.org\/site\/seguridad-y-salud-en-el-trabajo\/\" style=\"color: #008000;\">Seguridad y Salud en el Trabajo<\/a><\/strong><\/span><br \/> <span style=\"color: #008000;\"> \u2022 Temas tributarios y fiscales<\/span><br \/> <span style=\"color: #008000;\"> \u2022 <strong><a href=\"https:\/\/procana.org\/site\/fondo-de-empleados\/\" style=\"color: #008000;\">Fondo de Empleados<\/a><\/strong><\/span><br \/> <span style=\"color: #008000;\"> \u2022 Facturaci\u00f3n y n\u00f3mina electr\u00f3nica<\/span><br \/> <span style=\"color: #008000;\"> \u2022 <strong><a href=\"https:\/\/procana.org\/site\/proteccion-de-datos\/\" style=\"color: #008000;\">Protecci\u00f3n de Datos<\/a><\/strong><\/span><\/p>\n<\/td>\n<\/tr>\n<\/tbody>\n<\/table>\n<p><strong><span style=\"color: #008000;\"><a href=\"https:\/\/procana.org\/site\/proteccion-de-datos\/\" style=\"color: #008000;\"><\/a><\/span><\/strong><\/p>\n<p style=\"text-align: justify;\"><a href=\"https:\/\/procana.org\/site\/servicios-gremiales\/\" title=\"Servicios Gremiales\"><img loading=\"lazy\" decoding=\"async\" src=\"https:\/\/procana.org\/site\/wp-content\/uploads\/2021\/03\/BotonRegresar.png\" width=\"87\" height=\"36\" alt=\"\" class=\"wp-image-1657 alignnone size-full\" \/><\/a><\/p>\n<p>[\/et_pb_text][et_pb_code _builder_version=&#8221;4.8.1&#8243; _module_preset=&#8221;default&#8221;]<iframe class=\"responsive-iframe\" style=\"position: absolute; top: 0; left: 0; bottom: 0; right: 0; width: 100%; height: 100%;\" src=\"https:\/\/procana.org\/site\/custom\/circulo-servicios.html\"><\/iframe>[\/et_pb_code][\/et_pb_column][\/et_pb_row][\/et_pb_section]<\/p>\n","protected":false},"excerpt":{"rendered":"<p>Convenios y Alianzas Servicios de asistencia t\u00e9cnica a trav\u00e9s de terceros especializados que complementan la oferta que Proca\u00f1a tiene para sus afiliados: \u2022 P\u00f3lizas de seguros \u2022 Cr\u00e9ditos y recursos financieros \u2022 Asuntos laborales y jur\u00eddicos \u2022 Seguridad y Salud en el Trabajo \u2022 Temas tributarios y fiscales \u2022 Fondo de Empleados \u2022 Facturaci\u00f3n y [&hellip;]<\/p>\n","protected":false},"author":1,"featured_media":0,"parent":0,"menu_order":0,"comment_status":"closed","ping_status":"closed","template":"","meta":{"_et_pb_use_builder":"on","_et_pb_old_content":"<!-- wp:divi\/placeholder \/-->","_et_gb_content_width":"","footnotes":""},"class_list":["post-1573","page","type-page","status-publish","hentry"],"_links":{"self":[{"href":"https:\/\/procana.org\/site\/wp-json\/wp\/v2\/pages\/1573","targetHints":{"allow":["GET"]}}],"collection":[{"href":"https:\/\/procana.org\/site\/wp-json\/wp\/v2\/pages"}],"about":[{"href":"https:\/\/procana.org\/site\/wp-json\/wp\/v2\/types\/page"}],"author":[{"embeddable":true,"href":"https:\/\/procana.org\/site\/wp-json\/wp\/v2\/users\/1"}],"replies":[{"embeddable":true,"href":"https:\/\/procana.org\/site\/wp-json\/wp\/v2\/comments?post=1573"}],"version-history":[{"count":13,"href":"https:\/\/procana.org\/site\/wp-json\/wp\/v2\/pages\/1573\/revisions"}],"predecessor-version":[{"id":2430,"href":"https:\/\/procana.org\/site\/wp-json\/wp\/v2\/pages\/1573\/revisions\/2430"}],"wp:attachment":[{"href":"https:\/\/procana.org\/site\/wp-json\/wp\/v2\/media?parent=1573"}],"curies":[{"name":"wp","href":"https:\/\/api.w.org\/{rel}","templated":true}]}}