{"id":1565,"date":"2021-03-12T09:10:05","date_gmt":"2021-03-12T14:10:05","guid":{"rendered":"https:\/\/procana.org\/site\/?page_id=1565"},"modified":"2024-02-21T13:49:31","modified_gmt":"2024-02-21T18:49:31","slug":"capacitacion","status":"publish","type":"page","link":"https:\/\/procana.org\/site\/capacitacion\/","title":{"rendered":"Capacitaci\u00f3n"},"content":{"rendered":"<p>[et_pb_section fb_built=&#8221;1&#8243; custom_padding_last_edited=&#8221;on|phone&#8221; disabled_on=&#8221;on|on|off&#8221; admin_label=&#8221;Section&#8221; _builder_version=&#8221;4.8.1&#8243; _module_preset=&#8221;default&#8221; background_color=&#8221;rgba(10,10,10,0.03)&#8221; background_image=&#8221;https:\/\/procana.org\/site\/wp-content\/uploads\/2021\/03\/FotoSeccion1366x293Capacitacion.jpg&#8221; background_size=&#8221;contain&#8221; custom_margin=&#8221;30px||||false|false&#8221; custom_margin_tablet=&#8221;&#8221; custom_margin_phone=&#8221;&#8221; custom_margin_last_edited=&#8221;on|phone&#8221; custom_padding=&#8221;360px||0px|0px|false|false&#8221; custom_padding_tablet=&#8221;&#8221; custom_padding_phone=&#8221;|||60px|false|false&#8221; custom_css_main_element=&#8221;top:0px;||width:100%;&#8221; locked=&#8221;off&#8221;][\/et_pb_section][et_pb_section fb_built=&#8221;1&#8243; custom_padding_last_edited=&#8221;on|phone&#8221; disabled_on=&#8221;off|off|on&#8221; admin_label=&#8221;Section&#8221; _builder_version=&#8221;4.8.1&#8243; _module_preset=&#8221;default&#8221; background_color=&#8221;rgba(10,10,10,0.03)&#8221; background_image=&#8221;https:\/\/procana.org\/site\/wp-content\/uploads\/2021\/03\/FotoSeccion1366x293Capacitacion.jpg&#8221; background_size=&#8221;contain&#8221; background_position=&#8221;center_right&#8221; custom_margin=&#8221;0px||-15px||false|false&#8221; custom_margin_tablet=&#8221;&#8221; custom_margin_phone=&#8221;&#8221; custom_margin_last_edited=&#8221;on|phone&#8221; custom_padding=&#8221;200px||0px|0px|false|false&#8221; custom_padding_tablet=&#8221;&#8221; custom_padding_phone=&#8221;|||60px|false|false&#8221; custom_css_main_element=&#8221;top:0px;||width:100%;&#8221; locked=&#8221;off&#8221;][\/et_pb_section][et_pb_section fb_built=&#8221;1&#8243; _builder_version=&#8221;4.8.1&#8243; _module_preset=&#8221;default&#8221; custom_padding=&#8221;19px|||||&#8221;][et_pb_row _builder_version=&#8221;4.8.1&#8243; _module_preset=&#8221;default&#8221; background_enable_image=&#8221;off&#8221; background_position=&#8221;top_center&#8221; width=&#8221;90%&#8221; max_width=&#8221;100%&#8221; custom_margin=&#8221;0px|auto||auto|false|false&#8221;][et_pb_column type=&#8221;4_4&#8243; _builder_version=&#8221;4.8.1&#8243; _module_preset=&#8221;default&#8221;][et_pb_text disabled_on=&#8221;off|off|off&#8221; _builder_version=&#8221;4.8.1&#8243; _module_preset=&#8221;default&#8221; text_font=&#8221;Oswald||||||||&#8221; custom_margin=&#8221;-3px||10px||false|false&#8221; custom_padding=&#8221;|||0px|false|false&#8221;]<\/p>\n<h1 style=\"color: #173b72;\">Capacitaci\u00f3n<\/h1>\n<p>[\/et_pb_text][et_pb_text disabled_on=&#8221;on|on|off&#8221; _builder_version=&#8221;4.8.1&#8243; _module_preset=&#8221;default&#8221; text_font=&#8221;Montserrat||||||||&#8221;]<\/p>\n<table style=\"border: 0;\">\n<tbody>\n<tr>\n<td style=\"width: 20%;\"><img loading=\"lazy\" decoding=\"async\" src=\"https:\/\/procana.org\/site\/wp-content\/uploads\/2021\/03\/IconoCapacitacion.png\" width=\"210\" height=\"196\" alt=\"\" class=\"wp-image-1737 alignnone size-full\" \/><\/td>\n<td style=\"width: 80%;\">\n<p style=\"text-align: justify;\">Ofrecemos actividades de capacitaci\u00f3n y transferencia tecnol\u00f3gica con informaci\u00f3n y herramientas innovadoras que contribuyen\u00a0 a:<\/p>\n<p style=\"text-align: justify;\">\u2022 Fortalecer las competencias del talento humano<br \/>Contribuir con la sostenibilidad del sistema de producci\u00f3n.<br \/>Apoyando la rentabilidad de los productores<br \/>Siendo respetuoso con el medio ambiente y socialmente responsables.<\/p>\n<p><em>Agenda Acad\u00e9mica permanente<\/em><\/p>\n<ul>\n<li>Seminarios<\/li>\n<li>\u00a0Encuentros Ca\u00f1icultor<\/li>\n<li>Asamblea<\/li>\n<li>Congresos<\/li>\n<\/ul>\n<\/td>\n<\/tr>\n<\/tbody>\n<\/table>\n<p style=\"text-align: justify;\">Contamos con m\u00faltiples\u00a0<strong>eventos<\/strong>: Congresos, Seminarios, cursos, conversatorios y talleres, para nuestros Afiliados y el p\u00fablico en general.<\/p>\n<p style=\"text-align: justify;\">Nuestros eventos son espacios acad\u00e9micos y de relacionamiento en el que los Afiliado y el p\u00fablico\u00a0en general\u00a0podr\u00e1 conocer las tendencias del mercadeo, tecnolog\u00eda, actualizaci\u00f3n econ\u00f3mica<\/p>\n<p style=\"text-align: justify;\"><em><sub>Informamos que\u00a0mientras se mantengan las medidas de prevenci\u00f3n sanitarias del COVID\u201319, usted podr\u00e1 acceder a todos nuestros servicios virtualmente\u00a0para que su negocio no se detenga y contin\u00fae avanzando en su ruta de servicios para cumplir sus objetivos empresariales.<\/sub><\/em><\/p>\n<p>Inscr\u00edbase aqu\u00ed.\u00a0(servicios@procana.org)<br \/> <strong><br \/> SEMINARIOS: <\/strong>reuniones con temas especializados en el sector, que desarrollan un estudio profundo sobre el sector agroindustrial de la ca\u00f1a. Por lo general tienen una duraci\u00f3n de 5 horas y cuenta con entre 100 y 150 participantes.<\/p>\n<p><strong>VAMOS AL CAMPO: <\/strong>La\u00a0comunidad de agricultores principalmente ca\u00f1icultores y representantes de los ingenios se har\u00e1 presente en esta fecha con masiva asistencia para estar a la vanguardia en diferentes temas de vital importancia para mejorar la productividad y rentabilidad de los cultivos.<\/p>\n<p style=\"text-align: justify;\"><strong>ENCUENTROS CA\u00d1ICULTORES:<\/strong> Existen diversos factores que preocupan a los productores de Ca\u00f1a tales como: La ca\u00edda en los precios del az\u00facar, el aumento en las importaciones de etanol, las afectaciones del Salivazo y la obligaci\u00f3n de expedir factura electr\u00f3nica, nuevas tecnolog\u00edas, entre otros que surgen a\u00f1o tras a\u00f1o, que merecen la atenci\u00f3n del gremio.<\/p>\n<p style=\"text-align: justify;\">Por lo anterior se realizan conversatorios sin ning\u00fan costo para nuestros afiliados.<\/p>\n<p style=\"text-align: justify;\"><strong>ENLACE: MAXIMO ENCUENTRO DE CA\u00d1ICULTORES DE COLOMBIA:<\/strong>\u00a0 <span>Es el espacio dedicado a nuestra Asamblea Anual Ordinaria, acompa\u00f1ada de un evento que permite la transferencia de conocimiento con expertos invitados en temas de relevancia para el sector agroindustrial de la ca\u00f1a de az\u00facar.<\/span><\/p>\n<p style=\"text-align: justify;\"><strong>CONEXI\u00d3N INTERNACIONAL DE LA CA\u00d1A: <\/strong>Gran Encuentro del Sector Agroindustrial de la Ca\u00f1a de Az\u00facar que muestra el impacto social, las nuevas pr\u00e1cticas sostenibles, la productividad, la innovaci\u00f3n y el desarrollo econ\u00f3mico generado por cada uno de los eslabones de la cadena productiva de nuestro sector.<\/p>\n<p>&nbsp;<\/p>\n<p>&nbsp;<\/p>\n<p>&nbsp;<\/p>\n<p style=\"text-align: justify;\"><a href=\"https:\/\/procana.org\/site\/servicios-gremiales\/\" title=\"Servicios Gremiales\"><img loading=\"lazy\" decoding=\"async\" src=\"https:\/\/procana.org\/site\/wp-content\/uploads\/2021\/03\/BotonRegresar.png\" width=\"87\" height=\"36\" alt=\"\" class=\"wp-image-1657 alignnone size-full\" \/><\/a><\/p>\n<p>[\/et_pb_text][et_pb_text disabled_on=&#8221;off|off|on&#8221; _builder_version=&#8221;4.8.1&#8243; _module_preset=&#8221;default&#8221; text_font=&#8221;Montserrat||||||||&#8221;]<\/p>\n<table style=\"border: 0;\">\n<tbody>\n<tr>\n<td style=\"width: 80%;\"><img loading=\"lazy\" decoding=\"async\" src=\"https:\/\/procana.org\/site\/wp-content\/uploads\/2021\/03\/IconoCapacitacion.png\" width=\"210\" height=\"196\" alt=\"\" class=\"wp-image-1737 alignnone size-full\" style=\"display: block; margin-left: auto; margin-right: auto;\" \/><\/td>\n<\/tr>\n<tr>\n<td style=\"width: 80%;\">\n<p style=\"text-align: justify;\">Ofrecemos actividades de capacitaci\u00f3n y transferencia tecnol\u00f3gica con informaci\u00f3n y herramientas innovadoras que contribuyen\u00a0 a:<\/p>\n<p style=\"text-align: justify;\">\u2022 Fortalecer las competencias del talento humano<br \/> \u2022 Contribuir con la sostenibilidad del sistema de producci\u00f3n.<br \/> \u2022 Apoyando la rentabilidad de los productores<br \/> \u2022 Siendo respetuoso con el medio ambiente y socialmente responsables.<\/p>\n<p>Agenda Acad\u00e9mica permanente<\/p>\n<p>\u2022 Seminarios<br \/> \u2022 Encuentro Ca\u00f1icultor<br \/> \u2022 Congresos<br \/> \u2022 Asamblea<\/p>\n<\/td>\n<\/tr>\n<\/tbody>\n<\/table>\n<p style=\"text-align: justify;\">Contamos con m\u00faltiples\u00a0<strong>eventos<\/strong>: Congresos, Seminarios, cursos, conversatorios y talleres, para nuestros Afiliados y el p\u00fablico en general.<\/p>\n<p style=\"text-align: justify;\">Nuestros eventos son espacios acad\u00e9micos y de relacionamiento en el que los Afiliado y el p\u00fablico\u00a0en general\u00a0podr\u00e1 conocer las tendencias del mercadeo, tecnolog\u00eda, actualizaci\u00f3n econ\u00f3mica<\/p>\n<p style=\"text-align: justify;\"><em><sub>Informamos que\u00a0mientras se mantengan las medidas de prevenci\u00f3n sanitarias del COVID\u201319, usted podr\u00e1 acceder a todos nuestros servicios virtualmente\u00a0para que su negocio no se detenga y contin\u00fae avanzando en su ruta de servicios para cumplir sus objetivos empresariales.<\/sub><\/em><\/p>\n<p>Inscr\u00edbase aqu\u00ed.\u00a0(servicios@procana.org)<br \/> <strong><br \/> SEMINARIOS: <\/strong>reuniones con temas especializados en el sector, que desarrollan un estudio profundo sobre el sector agroindustrial de la ca\u00f1a. Por lo general tienen una duraci\u00f3n de 5 horas y cuenta con entre 100 y 150 participantes.<\/p>\n<p style=\"text-align: justify;\"><strong>ENCUENTROS CA\u00d1ICULTORES:<\/strong> Existen diversos factores que preocupan a los productores de Ca\u00f1a tales como: La ca\u00edda en los precios del az\u00facar, el aumento en las importaciones de etanol, las afectaciones del Salivazo y la obligaci\u00f3n de expedir factura electr\u00f3nica, nuevas tecnolog\u00edas, entre otros que surgen a\u00f1o tras a\u00f1o, que merecen la atenci\u00f3n del gremio.<\/p>\n<p style=\"text-align: justify;\">Por lo anterior se realizan conversatorios sin ning\u00fan costo para nuestros afiliados.<\/p>\n<p style=\"text-align: justify;\"><strong>VAMOS AL CAMPO: <\/strong>La\u00a0comunidad de agricultores principalmente ca\u00f1icultores y representantes de los ingenios se har\u00e1 presente en esta fecha con masiva asistencia para estar a la vanguardia en diferentes temas de vital importancia para mejorar la productividad y rentabilidad de los cultivos.<\/p>\n<p style=\"text-align: justify;\"><strong>ENLACE 2020: MAXIMO ENCUENTRO DE CA\u00d1ICULTORES DE COLOMBIA:<\/strong>\u00a0La extraordinaria gala en la que se rinde un sentido homenaje a los ca\u00f1icultores del pa\u00eds que se destacan por su liderazgo, integridad, compromiso e innovaci\u00f3n.<\/p>\n<p style=\"text-align: justify;\"><strong>CONEXI\u00d3N INTERNACIONAL DE LA CA\u00d1A: <\/strong>Gran Encuentro del Sector Agroindustrial de la Ca\u00f1a de Az\u00facar que muestra el impacto social, las nuevas pr\u00e1cticas sostenibles, la productividad, la innovaci\u00f3n y el desarrollo econ\u00f3mico generado por cada uno de los eslabones de la cadena productiva de nuestro sector.<\/p>\n<p><img loading=\"lazy\" decoding=\"async\" src=\"https:\/\/procana.org\/site\/wp-content\/uploads\/2021\/03\/ProgramaEventos2021-1024x408.jpg\" width=\"639\" height=\"254\" alt=\"\" class=\"wp-image-1738 alignnone size-large\" style=\"display: block; margin-left: auto; margin-right: auto;\" \/><\/p>\n<p>&nbsp;<\/p>\n<p>&nbsp;<\/p>\n<p style=\"text-align: justify;\"><a href=\"https:\/\/procana.org\/site\/servicios-gremiales\/\" title=\"Servicios Gremiales\"><img loading=\"lazy\" decoding=\"async\" src=\"https:\/\/procana.org\/site\/wp-content\/uploads\/2021\/03\/BotonRegresar.png\" width=\"87\" height=\"36\" alt=\"\" class=\"wp-image-1657 alignnone size-full\" \/><\/a><\/p>\n<p>[\/et_pb_text][et_pb_code _builder_version=&#8221;4.8.1&#8243; _module_preset=&#8221;default&#8221;]<iframe class=\"responsive-iframe\" style=\"position: absolute; top: 0; left: 0; bottom: 0; right: 0; width: 100%; height: 100%;\" src=\"https:\/\/procana.org\/site\/custom\/circulo-servicios.html\"><\/iframe>[\/et_pb_code][\/et_pb_column][\/et_pb_row][\/et_pb_section]<\/p>\n","protected":false},"excerpt":{"rendered":"<p>Capacitaci\u00f3n Ofrecemos actividades de capacitaci\u00f3n y transferencia tecnol\u00f3gica con informaci\u00f3n y herramientas innovadoras que contribuyen\u00a0 a: \u2022 Fortalecer las competencias del talento humanoContribuir con la sostenibilidad del sistema de producci\u00f3n.Apoyando la rentabilidad de los productoresSiendo respetuoso con el medio ambiente y socialmente responsables. Agenda Acad\u00e9mica permanente Seminarios \u00a0Encuentros Ca\u00f1icultor Asamblea Congresos Contamos con m\u00faltiples\u00a0eventos: Congresos, [&hellip;]<\/p>\n","protected":false},"author":1,"featured_media":0,"parent":0,"menu_order":0,"comment_status":"closed","ping_status":"closed","template":"","meta":{"_et_pb_use_builder":"on","_et_pb_old_content":"<!-- wp:divi\/placeholder \/-->","_et_gb_content_width":"","footnotes":""},"class_list":["post-1565","page","type-page","status-publish","hentry"],"_links":{"self":[{"href":"https:\/\/procana.org\/site\/wp-json\/wp\/v2\/pages\/1565","targetHints":{"allow":["GET"]}}],"collection":[{"href":"https:\/\/procana.org\/site\/wp-json\/wp\/v2\/pages"}],"about":[{"href":"https:\/\/procana.org\/site\/wp-json\/wp\/v2\/types\/page"}],"author":[{"embeddable":true,"href":"https:\/\/procana.org\/site\/wp-json\/wp\/v2\/users\/1"}],"replies":[{"embeddable":true,"href":"https:\/\/procana.org\/site\/wp-json\/wp\/v2\/comments?post=1565"}],"version-history":[{"count":7,"href":"https:\/\/procana.org\/site\/wp-json\/wp\/v2\/pages\/1565\/revisions"}],"predecessor-version":[{"id":7066,"href":"https:\/\/procana.org\/site\/wp-json\/wp\/v2\/pages\/1565\/revisions\/7066"}],"wp:attachment":[{"href":"https:\/\/procana.org\/site\/wp-json\/wp\/v2\/media?parent=1565"}],"curies":[{"name":"wp","href":"https:\/\/api.w.org\/{rel}","templated":true}]}}