{"id":1377,"date":"2021-03-10T20:26:20","date_gmt":"2021-03-11T01:26:20","guid":{"rendered":"https:\/\/procana.org\/site\/login\/"},"modified":"2024-12-09T16:44:37","modified_gmt":"2024-12-09T21:44:37","slug":"login","status":"publish","type":"page","link":"https:\/\/procana.org\/site\/login\/","title":{"rendered":"Login"},"content":{"rendered":"<p>[et_pb_section fb_built=&#8221;1&#8243; custom_padding_last_edited=&#8221;on|phone&#8221; disabled_on=&#8221;on|on|off&#8221; admin_label=&#8221;Section&#8221; _builder_version=&#8221;4.16&#8243; _module_preset=&#8221;default&#8221; background_color=&#8221;rgba(10,10,10,0.03)&#8221; background_image=&#8221;https:\/\/procana.org\/site\/wp-content\/uploads\/2021\/03\/banner-codigo-buen-gobierno-01.png&#8221; background_size=&#8221;contain&#8221; custom_margin=&#8221;30px||||false|false&#8221; custom_margin_tablet=&#8221;&#8221; custom_margin_phone=&#8221;&#8221; custom_margin_last_edited=&#8221;on|phone&#8221; custom_padding=&#8221;360px||0px|0px|false|false&#8221; custom_padding_tablet=&#8221;&#8221; custom_padding_phone=&#8221;|||60px|false|false&#8221; custom_css_main_element=&#8221;top:0px;||width:100%;&#8221; locked=&#8221;off&#8221; global_colors_info=&#8221;{}&#8221;][\/et_pb_section][et_pb_section fb_built=&#8221;1&#8243; custom_padding_last_edited=&#8221;on|phone&#8221; disabled_on=&#8221;off|off|on&#8221; admin_label=&#8221;Section&#8221; _builder_version=&#8221;4.16&#8243; _module_preset=&#8221;default&#8221; background_color=&#8221;rgba(10,10,10,0.03)&#8221; background_image=&#8221;https:\/\/procana.org\/site\/wp-content\/uploads\/2021\/03\/banner-codigo-buen-gobierno-01.png&#8221; background_size=&#8221;contain&#8221; background_position=&#8221;center_right&#8221; custom_margin=&#8221;0px||-15px||false|false&#8221; custom_margin_tablet=&#8221;&#8221; custom_margin_phone=&#8221;&#8221; custom_margin_last_edited=&#8221;on|phone&#8221; custom_padding=&#8221;200px||0px|0px|false|false&#8221; custom_padding_tablet=&#8221;&#8221; custom_padding_phone=&#8221;|||60px|false|false&#8221; custom_css_main_element=&#8221;top:0px;||width:100%;&#8221; locked=&#8221;off&#8221; global_colors_info=&#8221;{}&#8221;][\/et_pb_section][et_pb_section fb_built=&#8221;1&#8243; _builder_version=&#8221;4.16&#8243; _module_preset=&#8221;default&#8221; custom_padding=&#8221;19px|||||&#8221; global_colors_info=&#8221;{}&#8221;][et_pb_row _builder_version=&#8221;4.16&#8243; _module_preset=&#8221;default&#8221; background_enable_image=&#8221;off&#8221; background_position=&#8221;top_center&#8221; width=&#8221;90%&#8221; max_width=&#8221;100%&#8221; custom_margin=&#8221;0px|auto||auto|false|false&#8221; global_colors_info=&#8221;{}&#8221;][et_pb_column type=&#8221;4_4&#8243; _builder_version=&#8221;4.16&#8243; _module_preset=&#8221;default&#8221; global_colors_info=&#8221;{}&#8221;][et_pb_text _builder_version=&#8221;4.27.0&#8243; _module_preset=&#8221;default&#8221; text_font=&#8221;Montserrat|300|||||||&#8221; text_font_size=&#8221;19px&#8221; custom_padding=&#8221;0px|40px|0px|40px|true|false&#8221; hover_enabled=&#8221;0&#8243; global_colors_info=&#8221;{}&#8221; sticky_enabled=&#8221;0&#8243;]<\/p>\n<p style=\"text-align: center;\">APRECIADO AFILIADO<br \/>Este es un contenido desarrollado especialmente para ustedes y su equipo de trabajo, cons\u00faltelo ingresando a la secci\u00f3n exclusiva para afiliados.<\/p>\n<p style=\"text-align: center;\"><span style=\"color: #339966;\"><a href=\"https:\/\/procana.org\/site\/resumen-cursos\/\" title=\"Ver Cursos\" style=\"color: #339966;\">Ver mis cursos<\/a><\/span><\/p>\n<p>[\/et_pb_text][et_pb_code _builder_version=&#8221;4.16&#8243; _module_preset=&#8221;default&#8221; global_colors_info=&#8221;{}&#8221;]\n<div class=\"um um-login um-1373\">\n\t<div class=\"um-form\">\n\t\t<form method=\"post\" action=\"\" autocomplete=\"off\">\n\t\t\t<div class=\"um-row _um_row_1 \" style=\"margin: 0 0 30px 0;\"><div class=\"um-col-1\"><div  id=\"um_field_1373_username\" class=\"um-field um-field-text  um-field-username um-field-text um-field-type_text\" data-key=\"username\"><div class=\"um-field-label\"><label for=\"username-1373\">Usuario<\/label><div class=\"um-clear\"><\/div><\/div><div class=\"um-field-area\"><input  autocomplete=\"off\" class=\"um-form-field valid \" type=\"text\" name=\"username-1373\" id=\"username-1373\" value=\"\" placeholder=\"\" data-validate=\"unique_username_or_email\" data-key=\"username\"  aria-invalid=\"false\" \/>\n\n\t\t\t\t\t\t<\/div><\/div><div  id=\"um_field_1373_user_password\" class=\"um-field um-field-password  um-field-user_password um-field-password um-field-type_password\" data-key=\"user_password\"><div class=\"um-field-label\"><label for=\"user_password-1373\">Clave<\/label><div class=\"um-clear\"><\/div><\/div><div class=\"um-field-area\"><input class=\"um-form-field valid \" type=\"password\" name=\"user_password-1373\" id=\"user_password-1373\" value=\"\" placeholder=\"\" data-validate=\"\" data-key=\"user_password\"  aria-invalid=\"false\" \/>\n\n\t\t\t\t\t\t\t<\/div><\/div><\/div><\/div>\t<input type=\"hidden\" name=\"form_id\" id=\"form_id_1373\" value=\"1373\" \/>\n\t\t<p class=\"um_request_name\">\n\t\t<label for=\"um_request_1373\">Only fill in if you are not human<\/label>\n\t\t<input type=\"hidden\" name=\"um_request\" id=\"um_request_1373\" class=\"input\" value=\"\" size=\"25\" autocomplete=\"off\" \/>\n\t<\/p>\n\t<input type=\"hidden\" id=\"_wpnonce\" name=\"_wpnonce\" value=\"780d2a4ef6\" \/><input type=\"hidden\" name=\"_wp_http_referer\" value=\"\/site\/wp-json\/wp\/v2\/pages\/1377\" \/>\n\t<div class=\"um-col-alt\">\n\n\t\t\n\n\t\t\t<div class=\"um-field um-field-c\">\n\t\t\t\t<div class=\"um-field-area\">\n\t\t\t\t\t<label class=\"um-field-checkbox\">\n\t\t\t\t\t\t<input type=\"checkbox\" name=\"rememberme\" value=\"1\"  \/>\n\t\t\t\t\t\t<span class=\"um-field-checkbox-state\"><i class=\"um-icon-android-checkbox-outline-blank\"><\/i><\/span>\n\t\t\t\t\t\t<span class=\"um-field-checkbox-option\"> Mantenerme conectado<\/span>\n\t\t\t\t\t<\/label>\n\t\t\t\t<\/div>\n\t\t\t<\/div>\n\n\t\t\t\t\t\t<div class=\"um-clear\"><\/div>\n\t\t\n\t\t\t<div class=\"um-left um-half\">\n\t\t\t\t<input type=\"submit\" value=\"Ingresar\" class=\"um-button\" id=\"um-submit-btn\" \/>\n\t\t\t<\/div>\n\t\t\t<div class=\"um-right um-half\">\n\t\t\t\t<a href=\"https:\/\/procana.org\/site\/register\/\" class=\"um-button um-alt\">\n\t\t\t\t\tReg\u00edstrese\t\t\t\t<\/a>\n\t\t\t<\/div>\n\n\t\t\n\t\t<div class=\"um-clear\"><\/div>\n\n\t<\/div>\n\n\t\t\t<\/form>\n\t<\/div>\n<\/div>\n<style>\n\t\t\t.um-1373.um {\n\t\t\tmax-width: 450px;\n\t\t}\n\t\t<\/style>\n[\/et_pb_code][\/et_pb_column][\/et_pb_row][\/et_pb_section]<\/p>\n","protected":false},"excerpt":{"rendered":"<p>APRECIADO AFILIADOEste es un contenido desarrollado especialmente para ustedes y su equipo de trabajo, cons\u00faltelo ingresando a la secci\u00f3n exclusiva para afiliados. Ver mis cursos\n<div class=\"um um-login um-1373\">\n\t<div class=\"um-form\">\n\t\t<form method=\"post\" action=\"\" autocomplete=\"off\">\n\t\t\t<div class=\"um-row _um_row_1 \" style=\"margin: 0 0 30px 0;\"><div class=\"um-col-1\"><div  id=\"um_field_1373_username\" class=\"um-field um-field-text  um-field-username um-field-text um-field-type_text\" data-key=\"username\"><div class=\"um-field-label\"><label for=\"username-1373\">Usuario<\/label><div class=\"um-clear\"><\/div><\/div><div class=\"um-field-area\"><input  autocomplete=\"off\" class=\"um-form-field valid \" type=\"text\" name=\"username-1373\" id=\"username-1373\" value=\"\" placeholder=\"\" data-validate=\"unique_username_or_email\" data-key=\"username\"  aria-invalid=\"false\" \/>\n\n\t\t\t\t\t\t<\/div><\/div><div  id=\"um_field_1373_user_password\" class=\"um-field um-field-password  um-field-user_password um-field-password um-field-type_password\" data-key=\"user_password\"><div class=\"um-field-label\"><label for=\"user_password-1373\">Clave<\/label><div class=\"um-clear\"><\/div><\/div><div class=\"um-field-area\"><input class=\"um-form-field valid \" type=\"password\" name=\"user_password-1373\" id=\"user_password-1373\" value=\"\" placeholder=\"\" data-validate=\"\" data-key=\"user_password\"  aria-invalid=\"false\" \/>\n\n\t\t\t\t\t\t\t<\/div><\/div><\/div><\/div>\t<input type=\"hidden\" name=\"form_id\" id=\"form_id_1373\" value=\"1373\" \/>\n\t\t<p class=\"um_request_name\">\n\t\t<label for=\"um_request_1373\">Only fill in if you are not human<\/label>\n\t\t<input type=\"hidden\" name=\"um_request\" id=\"um_request_1373\" class=\"input\" value=\"\" size=\"25\" autocomplete=\"off\" \/>\n\t<\/p>\n\t<input type=\"hidden\" id=\"_wpnonce\" name=\"_wpnonce\" value=\"780d2a4ef6\" \/><input type=\"hidden\" name=\"_wp_http_referer\" value=\"\/site\/wp-json\/wp\/v2\/pages\/1377\" \/>\n\t<div class=\"um-col-alt\">\n\n\t\t\n\n\t\t\t<div class=\"um-field um-field-c\">\n\t\t\t\t<div class=\"um-field-area\">\n\t\t\t\t\t<label class=\"um-field-checkbox\">\n\t\t\t\t\t\t<input type=\"checkbox\" name=\"rememberme\" value=\"1\"  \/>\n\t\t\t\t\t\t<span class=\"um-field-checkbox-state\"><i class=\"um-icon-android-checkbox-outline-blank\"><\/i><\/span>\n\t\t\t\t\t\t<span class=\"um-field-checkbox-option\"> Mantenerme conectado<\/span>\n\t\t\t\t\t<\/label>\n\t\t\t\t<\/div>\n\t\t\t<\/div>\n\n\t\t\t\t\t\t<div class=\"um-clear\"><\/div>\n\t\t\n\t\t\t<div class=\"um-left um-half\">\n\t\t\t\t<input type=\"submit\" value=\"Ingresar\" class=\"um-button\" id=\"um-submit-btn\" \/>\n\t\t\t<\/div>\n\t\t\t<div class=\"um-right um-half\">\n\t\t\t\t<a href=\"https:\/\/procana.org\/site\/register\/\" class=\"um-button um-alt\">\n\t\t\t\t\tReg\u00edstrese\t\t\t\t<\/a>\n\t\t\t<\/div>\n\n\t\t\n\t\t<div class=\"um-clear\"><\/div>\n\n\t<\/div>\n\n\t\t\t<\/form>\n\t<\/div>\n<\/div>\n<\/p>\n","protected":false},"author":1,"featured_media":0,"parent":0,"menu_order":0,"comment_status":"closed","ping_status":"closed","template":"","meta":{"_et_pb_use_builder":"on","_et_pb_old_content":"[ultimatemember form_id=\"1373\"]","_et_gb_content_width":"","footnotes":""},"class_list":["post-1377","page","type-page","status-publish","hentry"],"yoast_head":"<!-- This site is optimized with the Yoast SEO plugin v27.2 - https:\/\/yoast.com\/product\/yoast-seo-wordpress\/ -->\n<title>Login - Procana<\/title>\n<meta name=\"robots\" content=\"index, follow, max-snippet:-1, max-image-preview:large, max-video-preview:-1\" \/>\n<link rel=\"canonical\" href=\"https:\/\/procana.org\/site\/login\/\" \/>\n<meta property=\"og:locale\" content=\"es_ES\" \/>\n<meta property=\"og:type\" content=\"article\" \/>\n<meta property=\"og:title\" content=\"Login - Procana\" \/>\n<meta property=\"og:description\" content=\"APRECIADO AFILIADOEste es un contenido desarrollado especialmente para ustedes y su equipo de trabajo, cons\u00faltelo ingresando a la secci\u00f3n exclusiva para afiliados. Ver mis cursos\" \/>\n<meta property=\"og:url\" content=\"https:\/\/procana.org\/site\/login\/\" \/>\n<meta property=\"og:site_name\" content=\"Procana\" \/>\n<meta property=\"article:publisher\" content=\"https:\/\/www.facebook.com\/procanacol\/?ref=embed_page\" \/>\n<meta property=\"article:modified_time\" content=\"2024-12-09T21:44:37+00:00\" \/>\n<meta name=\"twitter:card\" content=\"summary_large_image\" \/>\n<meta name=\"twitter:site\" content=\"@ProcanaCol\" \/>\n<meta name=\"twitter:label1\" content=\"Tiempo de lectura\" \/>\n\t<meta name=\"twitter:data1\" content=\"2 minutos\" \/>\n<script type=\"application\/ld+json\" class=\"yoast-schema-graph\">{\"@context\":\"https:\/\/schema.org\",\"@graph\":[{\"@type\":\"WebPage\",\"@id\":\"https:\/\/procana.org\/site\/login\/\",\"url\":\"https:\/\/procana.org\/site\/login\/\",\"name\":\"Login - Procana\",\"isPartOf\":{\"@id\":\"https:\/\/procana.org\/site\/#website\"},\"datePublished\":\"2021-03-11T01:26:20+00:00\",\"dateModified\":\"2024-12-09T21:44:37+00:00\",\"breadcrumb\":{\"@id\":\"https:\/\/procana.org\/site\/login\/#breadcrumb\"},\"inLanguage\":\"es-CO\",\"potentialAction\":[{\"@type\":\"ReadAction\",\"target\":[\"https:\/\/procana.org\/site\/login\/\"]}]},{\"@type\":\"BreadcrumbList\",\"@id\":\"https:\/\/procana.org\/site\/login\/#breadcrumb\",\"itemListElement\":[{\"@type\":\"ListItem\",\"position\":1,\"name\":\"Inicio\",\"item\":\"https:\/\/procana.org\/site\/\"},{\"@type\":\"ListItem\",\"position\":2,\"name\":\"Login\"}]},{\"@type\":\"WebSite\",\"@id\":\"https:\/\/procana.org\/site\/#website\",\"url\":\"https:\/\/procana.org\/site\/\",\"name\":\"Procana\",\"description\":\"Asociaci\u00f3n Colombiana de Productores y Proveedores de Ca\u00f1a de Az\u00facar\",\"publisher\":{\"@id\":\"https:\/\/procana.org\/site\/#organization\"},\"potentialAction\":[{\"@type\":\"SearchAction\",\"target\":{\"@type\":\"EntryPoint\",\"urlTemplate\":\"https:\/\/procana.org\/site\/?s={search_term_string}\"},\"query-input\":{\"@type\":\"PropertyValueSpecification\",\"valueRequired\":true,\"valueName\":\"search_term_string\"}}],\"inLanguage\":\"es-CO\"},{\"@type\":\"Organization\",\"@id\":\"https:\/\/procana.org\/site\/#organization\",\"name\":\"Procana\",\"url\":\"https:\/\/procana.org\/site\/\",\"logo\":{\"@type\":\"ImageObject\",\"inLanguage\":\"es-CO\",\"@id\":\"https:\/\/procana.org\/site\/#\/schema\/logo\/image\/\",\"url\":\"https:\/\/procana.org\/site\/wp-content\/uploads\/2023\/04\/logo-procana-corazon-cana.png\",\"contentUrl\":\"https:\/\/procana.org\/site\/wp-content\/uploads\/2023\/04\/logo-procana-corazon-cana.png\",\"width\":1769,\"height\":529,\"caption\":\"Procana\"},\"image\":{\"@id\":\"https:\/\/procana.org\/site\/#\/schema\/logo\/image\/\"},\"sameAs\":[\"https:\/\/www.facebook.com\/procanacol\/?ref=embed_page\",\"https:\/\/x.com\/ProcanaCol\",\"https:\/\/www.instagram.com\/procanacol\/\"]}]}<\/script>\n<!-- \/ Yoast SEO plugin. -->","yoast_head_json":{"title":"Login - Procana","robots":{"index":"index","follow":"follow","max-snippet":"max-snippet:-1","max-image-preview":"max-image-preview:large","max-video-preview":"max-video-preview:-1"},"canonical":"https:\/\/procana.org\/site\/login\/","og_locale":"es_ES","og_type":"article","og_title":"Login - Procana","og_description":"APRECIADO AFILIADOEste es un contenido desarrollado especialmente para ustedes y su equipo de trabajo, cons\u00faltelo ingresando a la secci\u00f3n exclusiva para afiliados. Ver mis cursos","og_url":"https:\/\/procana.org\/site\/login\/","og_site_name":"Procana","article_publisher":"https:\/\/www.facebook.com\/procanacol\/?ref=embed_page","article_modified_time":"2024-12-09T21:44:37+00:00","twitter_card":"summary_large_image","twitter_site":"@ProcanaCol","twitter_misc":{"Tiempo de lectura":"2 minutos"},"schema":{"@context":"https:\/\/schema.org","@graph":[{"@type":"WebPage","@id":"https:\/\/procana.org\/site\/login\/","url":"https:\/\/procana.org\/site\/login\/","name":"Login - Procana","isPartOf":{"@id":"https:\/\/procana.org\/site\/#website"},"datePublished":"2021-03-11T01:26:20+00:00","dateModified":"2024-12-09T21:44:37+00:00","breadcrumb":{"@id":"https:\/\/procana.org\/site\/login\/#breadcrumb"},"inLanguage":"es-CO","potentialAction":[{"@type":"ReadAction","target":["https:\/\/procana.org\/site\/login\/"]}]},{"@type":"BreadcrumbList","@id":"https:\/\/procana.org\/site\/login\/#breadcrumb","itemListElement":[{"@type":"ListItem","position":1,"name":"Inicio","item":"https:\/\/procana.org\/site\/"},{"@type":"ListItem","position":2,"name":"Login"}]},{"@type":"WebSite","@id":"https:\/\/procana.org\/site\/#website","url":"https:\/\/procana.org\/site\/","name":"Procana","description":"Asociaci\u00f3n Colombiana de Productores y Proveedores de Ca\u00f1a de Az\u00facar","publisher":{"@id":"https:\/\/procana.org\/site\/#organization"},"potentialAction":[{"@type":"SearchAction","target":{"@type":"EntryPoint","urlTemplate":"https:\/\/procana.org\/site\/?s={search_term_string}"},"query-input":{"@type":"PropertyValueSpecification","valueRequired":true,"valueName":"search_term_string"}}],"inLanguage":"es-CO"},{"@type":"Organization","@id":"https:\/\/procana.org\/site\/#organization","name":"Procana","url":"https:\/\/procana.org\/site\/","logo":{"@type":"ImageObject","inLanguage":"es-CO","@id":"https:\/\/procana.org\/site\/#\/schema\/logo\/image\/","url":"https:\/\/procana.org\/site\/wp-content\/uploads\/2023\/04\/logo-procana-corazon-cana.png","contentUrl":"https:\/\/procana.org\/site\/wp-content\/uploads\/2023\/04\/logo-procana-corazon-cana.png","width":1769,"height":529,"caption":"Procana"},"image":{"@id":"https:\/\/procana.org\/site\/#\/schema\/logo\/image\/"},"sameAs":["https:\/\/www.facebook.com\/procanacol\/?ref=embed_page","https:\/\/x.com\/ProcanaCol","https:\/\/www.instagram.com\/procanacol\/"]}]}},"_links":{"self":[{"href":"https:\/\/procana.org\/site\/wp-json\/wp\/v2\/pages\/1377","targetHints":{"allow":["GET"]}}],"collection":[{"href":"https:\/\/procana.org\/site\/wp-json\/wp\/v2\/pages"}],"about":[{"href":"https:\/\/procana.org\/site\/wp-json\/wp\/v2\/types\/page"}],"author":[{"embeddable":true,"href":"https:\/\/procana.org\/site\/wp-json\/wp\/v2\/users\/1"}],"replies":[{"embeddable":true,"href":"https:\/\/procana.org\/site\/wp-json\/wp\/v2\/comments?post=1377"}],"version-history":[{"count":5,"href":"https:\/\/procana.org\/site\/wp-json\/wp\/v2\/pages\/1377\/revisions"}],"predecessor-version":[{"id":8639,"href":"https:\/\/procana.org\/site\/wp-json\/wp\/v2\/pages\/1377\/revisions\/8639"}],"wp:attachment":[{"href":"https:\/\/procana.org\/site\/wp-json\/wp\/v2\/media?parent=1377"}],"curies":[{"name":"wp","href":"https:\/\/api.w.org\/{rel}","templated":true}]}}