{"id":1291,"date":"2021-03-08T20:17:34","date_gmt":"2021-03-09T01:17:34","guid":{"rendered":"https:\/\/procana.org\/site\/?page_id=1291"},"modified":"2024-02-21T15:58:14","modified_gmt":"2024-02-21T20:58:14","slug":"porque-afiliarse","status":"publish","type":"page","link":"https:\/\/procana.org\/site\/porque-afiliarse\/","title":{"rendered":"Porque Afiliarse"},"content":{"rendered":"<p>[et_pb_section fb_built=&#8221;1&#8243; custom_padding_last_edited=&#8221;on|phone&#8221; disabled_on=&#8221;on|on|off&#8221; admin_label=&#8221;Section&#8221; _builder_version=&#8221;4.8.1&#8243; _module_preset=&#8221;default&#8221; background_color=&#8221;rgba(10,10,10,0.03)&#8221; background_image=&#8221;https:\/\/procana.org\/site\/wp-content\/uploads\/2021\/03\/banner-afiliados-01.png&#8221; background_size=&#8221;contain&#8221; custom_margin=&#8221;30px||||false|false&#8221; custom_margin_tablet=&#8221;&#8221; custom_margin_phone=&#8221;&#8221; custom_margin_last_edited=&#8221;on|phone&#8221; custom_padding=&#8221;360px||0px|0px|false|false&#8221; custom_padding_tablet=&#8221;&#8221; custom_padding_phone=&#8221;|||60px|false|false&#8221; custom_css_main_element=&#8221;top:0px;||width:100%;&#8221; locked=&#8221;off&#8221;][\/et_pb_section][et_pb_section fb_built=&#8221;1&#8243; custom_padding_last_edited=&#8221;on|phone&#8221; disabled_on=&#8221;off|off|on&#8221; admin_label=&#8221;Section&#8221; _builder_version=&#8221;4.8.1&#8243; _module_preset=&#8221;default&#8221; background_color=&#8221;rgba(10,10,10,0.03)&#8221; background_image=&#8221;https:\/\/procana.org\/site\/wp-content\/uploads\/2021\/03\/banner-afiliados-01.png&#8221; background_size=&#8221;contain&#8221; background_position=&#8221;center_right&#8221; custom_margin=&#8221;0px||-15px||false|false&#8221; custom_margin_tablet=&#8221;&#8221; custom_margin_phone=&#8221;&#8221; custom_margin_last_edited=&#8221;on|phone&#8221; custom_padding=&#8221;200px||0px|0px|false|false&#8221; custom_padding_tablet=&#8221;&#8221; custom_padding_phone=&#8221;|||60px|false|false&#8221; custom_css_main_element=&#8221;top:0px;||width:100%;&#8221; locked=&#8221;off&#8221;][\/et_pb_section][et_pb_section fb_built=&#8221;1&#8243; _builder_version=&#8221;4.8.1&#8243; _module_preset=&#8221;default&#8221; custom_padding=&#8221;19px|||||&#8221;][et_pb_row _builder_version=&#8221;4.8.1&#8243; _module_preset=&#8221;default&#8221; background_enable_image=&#8221;off&#8221; background_position=&#8221;top_center&#8221; width=&#8221;90%&#8221; max_width=&#8221;100%&#8221; custom_margin=&#8221;0px|auto||auto|false|false&#8221; locked=&#8221;off&#8221;][et_pb_column type=&#8221;4_4&#8243; _builder_version=&#8221;4.8.1&#8243; _module_preset=&#8221;default&#8221;][et_pb_text disabled_on=&#8221;off|off|off&#8221; _builder_version=&#8221;4.8.1&#8243; _module_preset=&#8221;default&#8221; text_font=&#8221;Oswald||||||||&#8221; custom_margin=&#8221;-3px||-2px||false|false&#8221; custom_padding=&#8221;|||80px|false|false&#8221;]<\/p>\n<h1 style=\"color: #173b72;\">\u00bfPor qu\u00e9 afiliarse?<\/h1>\n<p>[\/et_pb_text][\/et_pb_column][\/et_pb_row][et_pb_row column_structure=&#8221;2_3,1_3&#8243; _builder_version=&#8221;4.8.1&#8243; _module_preset=&#8221;default&#8221; max_width=&#8221;80%&#8221; custom_margin=&#8221;0px|auto||auto|false|false&#8221;][et_pb_column type=&#8221;2_3&#8243; _builder_version=&#8221;4.8.1&#8243; _module_preset=&#8221;default&#8221;][et_pb_text disabled_on=&#8221;off|off|off&#8221; _builder_version=&#8221;4.8.1&#8243; _module_preset=&#8221;default&#8221; text_font=&#8221;Montserrat||||||||&#8221; text_text_color=&#8221;#000000&#8243; header_font=&#8221;Oswald|300|||||||&#8221; custom_css_after=&#8221;color:#13c3ca;  &#8220;]<\/p>\n<p style=\"text-align: justify;\"><span style=\"color: #036d4a;\"><strong>PROCA\u00d1A<\/strong><\/span> ejerce la representaci\u00f3n gremial de los productores de ca\u00f1a de az\u00facar de Colombia, promoviendo la sostenibilidad social, ambiental y econ\u00f3mica a trav\u00e9s de programas de mejoramiento continuo que estimulen la innovaci\u00f3n y contribuyan al desarrollo del pa\u00eds.<\/p>\n<p style=\"text-align: justify;\">\n<p style=\"text-align: justify;\">Adem\u00e1s le brinda a sus afiliados diferentes oportunidades de interacci\u00f3n gremial y actualizaci\u00f3n. Usted puede pertenecer a la agremiaci\u00f3n y recibir beneficios como:<\/p>\n<ul style=\"text-align: justify;\">\n<li>Acreditar su condici\u00f3n de afiliado a la Asociaci\u00f3n Colombiana de Productores y Proveedores de Ca\u00f1a de Az\u00facar, entidad gremial que respalda y representa a los cultivadores de ca\u00f1a de az\u00facar.<\/li>\n<li>Representaci\u00f3n ante diversas instancias p\u00fablicas y privadas de orden territorial, nacional e internacional.<\/li>\n<li>Defensa de los instrumentos de pol\u00edtica p\u00fablica como son el Fondo de estabilizaci\u00f3n de precios del Az\u00facar (Fepa) y la Franja Andina de precios.<\/li>\n<li>Incidir en las pol\u00edticas de desarrollo sectorial y en otras decisiones estrat\u00e9gicas del sector.<\/li>\n<li>Asistir, con voz y voto, a los eventos estatutarios de Proca\u00f1a y participar en la elecci\u00f3n de los \u00f3rganos directivos correspondientes.<\/li>\n<li>Recibir asistencia t\u00e9cnica integral durante el proceso de an\u00e1lisis, negociaci\u00f3n y ejecuci\u00f3n de los contratos.<\/li>\n<li>Participar en congresos, seminarios, cursos, conversatorios, d\u00edas de campo entre otras actividades con costos preferenciales.<\/li>\n<li>Actualizarse en aspectos relevantes de su actividad como ca\u00f1icultor.<\/li>\n<li>Suscripci\u00f3n inmediata a todas las publicaciones peri\u00f3dicas y anuales de Proca\u00f1a como son: Revista Proca\u00f1a (trimestral), Boletines virtuales,\u00a0 Precios Ponderados, redes sociales, p\u00e1gina web y diferentes comunicaciones en nuestras redes cerradas.<\/li>\n<\/ul>\n<p style=\"text-align: justify;\">Hacer parte de PROCA\u00d1A permitir\u00e1 trabajar unidos por un sector que trabaja en sostenibilidad, rentabilidad y utilidad.<\/p>\n<p><strong>\u00bfQui\u00e9n puede afiliarse?<\/strong><\/p>\n<p style=\"text-align: justify;\">Toda persona natural o jur\u00eddica que en Colombia se dedique al cultivo de la ca\u00f1a de az\u00facar. Por decisi\u00f3n de la junta directiva todos los cultivadores que posean cultivos de ca\u00f1a de az\u00facar que sean menores a 10 hect\u00e1reas, se afiliar\u00e1n sin cuota de sostenimiento.<\/p>\n<p><strong>REQUISITOS<br \/> <\/strong><br \/> <strong>Para ca\u00f1icultor persona jur\u00eddica:<\/strong><\/p>\n<ol>\n<li>Solicitud de Afiliaci\u00f3n diligenciada.<\/li>\n<li>Certificado de C\u00e1mara de Comercio.<\/li>\n<li>Fotocopia del contrato.<\/li>\n<li>Fotocopia de la C\u00e9dula de Ciudadan\u00eda.<strong><\/strong><\/li>\n<li><strong><a href=\"https:\/\/procana.org\/site\/wp-content\/uploads\/2021\/03\/MD03-PR05-Formato-Afiliacion-PJuridica-V4.pdf\" style=\"color: #13c3ca;\" target=\"_blank\" rel=\"noopener noreferrer\" title=\"Descargar el formulario\"><img loading=\"lazy\" decoding=\"async\" src=\"https:\/\/procana.org\/site\/wp-content\/uploads\/2021\/03\/IconoPDFDescarga-1.png\" width=\"28\" height=\"36\" alt=\"\" class=\"wp-image-1621 alignnone size-full\" \/>\u00a0Descargar el formulario de afiliaci\u00f3n para persona jur\u00eddica<\/a><\/strong><\/li>\n<\/ol>\n<p><strong>Para ca\u00f1icultor persona natural.<\/strong><\/p>\n<ol>\n<li>Solicitud de Afiliaci\u00f3n diligenciada<\/li>\n<li>Fotocopia del contrato.<\/li>\n<li>Fotocopia de la C\u00e9dula de Ciudadan\u00eda.<\/li>\n<li><strong><a href=\"https:\/\/procana.org\/site\/wp-content\/uploads\/2021\/03\/MD01-PR05-Formato-Afiliacion-P-Natural-v4.pdf\" target=\"_blank\" style=\"color: #13c3ca;\" rel=\"noopener noreferrer\" title=\"Descargar Formulario\"><img loading=\"lazy\" decoding=\"async\" src=\"https:\/\/procana.org\/site\/wp-content\/uploads\/2021\/03\/IconoPDFDescarga-1.png\" width=\"28\" height=\"36\" alt=\"\" class=\"wp-image-1621 alignnone size-full\" \/>\u00a0Descargar el formulario de afiliaci\u00f3n para persona natural.<\/a><\/strong><\/li>\n<\/ol>\n<p><strong>Para persona adscrita:<\/strong><\/p>\n<ol>\n<li>Solicitud de Afiliaci\u00f3n diligenciada.<\/li>\n<li>Certificado de C\u00e1mara de Comercio.<\/li>\n<li>Fotocopia de la C\u00e9dula de Ciudadan\u00eda.<\/li>\n<li><strong><a href=\"https:\/\/procana.org\/site\/wp-content\/uploads\/2021\/03\/MD02-PR05-Formato-Afiliacion-P-Adscrita-V3.pdf\" target=\"_blank\" style=\"color: #13c3ca;\" rel=\"noopener noreferrer\" title=\"Descargar formulario\"><img loading=\"lazy\" decoding=\"async\" src=\"https:\/\/procana.org\/site\/wp-content\/uploads\/2021\/03\/IconoPDFDescarga-1.png\" width=\"28\" height=\"36\" alt=\"\" class=\"wp-image-1621 alignnone size-full\" \/>Descargar el formulario de afiliaci\u00f3n para persona adscrita.<\/a><\/strong><\/li>\n<\/ol>\n<p><strong>Peque\u00f1os cultivadores<\/strong><\/p>\n<ol>\n<li>Solicitud de Afiliaci\u00f3n diligenciada.<\/li>\n<li>Copia de escritura en donde se evidencia que su terreno es igual o menor a 10 hect\u00e1reas.<\/li>\n<li>Fotocopia de la C\u00e9dula de Ciudadan\u00eda<\/li>\n<\/ol>\n<p>[\/et_pb_text][\/et_pb_column][et_pb_column type=&#8221;1_3&#8243; _builder_version=&#8221;4.8.1&#8243; _module_preset=&#8221;default&#8221;][et_pb_image src=&#8221;https:\/\/procana.org\/site\/wp-content\/uploads\/2021\/03\/FotoPorqueAfiliarse-250px.jpg&#8221; title_text=&#8221;FotoPorqueAfiliarse 250px&#8221; align=&#8221;center&#8221; _builder_version=&#8221;4.8.1&#8243; _module_preset=&#8221;default&#8221;][\/et_pb_image][\/et_pb_column][\/et_pb_row][\/et_pb_section]<\/p>\n","protected":false},"excerpt":{"rendered":"<p>\u00bfPor qu\u00e9 afiliarse?PROCA\u00d1A ejerce la representaci\u00f3n gremial de los productores de ca\u00f1a de az\u00facar de Colombia, promoviendo la sostenibilidad social, ambiental y econ\u00f3mica a trav\u00e9s de programas de mejoramiento continuo que estimulen la innovaci\u00f3n y contribuyan al desarrollo del pa\u00eds. Adem\u00e1s le brinda a sus afiliados diferentes oportunidades de interacci\u00f3n gremial y actualizaci\u00f3n. Usted puede [&hellip;]<\/p>\n","protected":false},"author":1,"featured_media":0,"parent":0,"menu_order":0,"comment_status":"closed","ping_status":"closed","template":"","meta":{"_et_pb_use_builder":"on","_et_pb_old_content":"<!-- wp:divi\/placeholder \/-->","_et_gb_content_width":"","footnotes":""},"class_list":["post-1291","page","type-page","status-publish","hentry"],"_links":{"self":[{"href":"https:\/\/procana.org\/site\/wp-json\/wp\/v2\/pages\/1291","targetHints":{"allow":["GET"]}}],"collection":[{"href":"https:\/\/procana.org\/site\/wp-json\/wp\/v2\/pages"}],"about":[{"href":"https:\/\/procana.org\/site\/wp-json\/wp\/v2\/types\/page"}],"author":[{"embeddable":true,"href":"https:\/\/procana.org\/site\/wp-json\/wp\/v2\/users\/1"}],"replies":[{"embeddable":true,"href":"https:\/\/procana.org\/site\/wp-json\/wp\/v2\/comments?post=1291"}],"version-history":[{"count":16,"href":"https:\/\/procana.org\/site\/wp-json\/wp\/v2\/pages\/1291\/revisions"}],"predecessor-version":[{"id":7067,"href":"https:\/\/procana.org\/site\/wp-json\/wp\/v2\/pages\/1291\/revisions\/7067"}],"wp:attachment":[{"href":"https:\/\/procana.org\/site\/wp-json\/wp\/v2\/media?parent=1291"}],"curies":[{"name":"wp","href":"https:\/\/api.w.org\/{rel}","templated":true}]}}