{"id":1255,"date":"2021-03-08T19:10:02","date_gmt":"2021-03-09T00:10:02","guid":{"rendered":"https:\/\/procana.org\/site\/?page_id=1255"},"modified":"2023-09-25T15:54:31","modified_gmt":"2023-09-25T20:54:31","slug":"gestion-de-calidad","status":"publish","type":"page","link":"https:\/\/procana.org\/site\/gestion-de-calidad\/","title":{"rendered":"Gesti\u00f3n de Calidad"},"content":{"rendered":"<p>[et_pb_section fb_built=&#8221;1&#8243; custom_padding_last_edited=&#8221;on|phone&#8221; disabled_on=&#8221;on|on|off&#8221; admin_label=&#8221;Section&#8221; _builder_version=&#8221;4.8.1&#8243; _module_preset=&#8221;default&#8221; background_color=&#8221;rgba(10,10,10,0.03)&#8221; background_image=&#8221;https:\/\/procana.org\/site\/wp-content\/uploads\/2021\/03\/banner-calidad-01.png&#8221; background_size=&#8221;contain&#8221; custom_margin=&#8221;30px||||false|false&#8221; custom_margin_tablet=&#8221;&#8221; custom_margin_phone=&#8221;&#8221; custom_margin_last_edited=&#8221;on|phone&#8221; custom_padding=&#8221;360px||0px|0px|false|false&#8221; custom_padding_tablet=&#8221;&#8221; custom_padding_phone=&#8221;|||60px|false|false&#8221; custom_css_main_element=&#8221;top:0px;||width:100%;&#8221; locked=&#8221;off&#8221;][\/et_pb_section][et_pb_section fb_built=&#8221;1&#8243; custom_padding_last_edited=&#8221;on|phone&#8221; disabled_on=&#8221;off|off|on&#8221; admin_label=&#8221;Section&#8221; _builder_version=&#8221;4.8.1&#8243; _module_preset=&#8221;default&#8221; background_color=&#8221;rgba(10,10,10,0.03)&#8221; background_image=&#8221;https:\/\/procana.org\/site\/wp-content\/uploads\/2021\/03\/banner-calidad-01.png&#8221; background_size=&#8221;contain&#8221; background_position=&#8221;center_right&#8221; custom_margin=&#8221;0px||-15px||false|false&#8221; custom_margin_tablet=&#8221;&#8221; custom_margin_phone=&#8221;&#8221; custom_margin_last_edited=&#8221;on|phone&#8221; custom_padding=&#8221;200px||0px|0px|false|false&#8221; custom_padding_tablet=&#8221;&#8221; custom_padding_phone=&#8221;|||60px|false|false&#8221; custom_css_main_element=&#8221;top:0px;||width:100%;&#8221; locked=&#8221;off&#8221;][\/et_pb_section][et_pb_section fb_built=&#8221;1&#8243; _builder_version=&#8221;4.8.1&#8243; _module_preset=&#8221;default&#8221; custom_padding=&#8221;19px|||||&#8221;][et_pb_row _builder_version=&#8221;4.8.1&#8243; _module_preset=&#8221;default&#8221; background_enable_image=&#8221;off&#8221; background_position=&#8221;top_center&#8221; width=&#8221;90%&#8221; max_width=&#8221;100%&#8221; custom_margin=&#8221;0px|auto||auto|false|false&#8221; locked=&#8221;off&#8221;][et_pb_column type=&#8221;4_4&#8243; _builder_version=&#8221;4.8.1&#8243; _module_preset=&#8221;default&#8221;][et_pb_text disabled_on=&#8221;off|off|off&#8221; _builder_version=&#8221;4.8.1&#8243; _module_preset=&#8221;default&#8221; text_font=&#8221;Oswald||||||||&#8221; custom_margin=&#8221;-3px||-2px||false|false&#8221; custom_padding=&#8221;|||80px|false|false&#8221;]<\/p>\n<h1 style=\"color: #173b72;\"><strong><span>Sistema de Gesti\u00f3n de Calidad &#8211; SGC<\/span><\/strong><\/h1>\n<p>[\/et_pb_text][\/et_pb_column][\/et_pb_row][et_pb_row _builder_version=&#8221;4.8.1&#8243; _module_preset=&#8221;default&#8221; max_width=&#8221;80%&#8221; custom_margin=&#8221;0px|auto||auto|false|false&#8221;][et_pb_column type=&#8221;4_4&#8243; _builder_version=&#8221;4.8.1&#8243; _module_preset=&#8221;default&#8221;][et_pb_text _builder_version=&#8221;4.8.1&#8243; _module_preset=&#8221;default&#8221; text_font=&#8221;Montserrat||||||||&#8221; text_text_color=&#8221;#000000&#8243; header_font=&#8221;Oswald|300|||||||&#8221; hover_enabled=&#8221;0&#8243; sticky_enabled=&#8221;0&#8243;]<\/p>\n<p><strong><span style=\"color: #173b72;\">SISTEMA DE GESTI\u00d3N DE CALIDAD &#8211; SGC<\/span><\/strong><\/p>\n<p style=\"text-align: justify;\">El direccionamiento estrat\u00e9gico de PROCA\u00d1A\u00ae establece los lineamientos para el Sistema de Gesti\u00f3n de la Calidad que ha sido implementado tomando como referencia la NTC\u2013ISO 9001:2015, con el fin de que nuestros Afiliados y dem\u00e1s partes interesadas en nuestros servicios, comprendan c\u00f3mo operamos nuestros procesos y c\u00f3mo administramos la calidad para mejorar continuamente la eficacia y eficiencia de PROCA\u00d1A\u00ae.<\/p>\n<p>A trav\u00e9s del Sistema de Gesti\u00f3n de la Calidad implementado desde 2010, se pretende garantizar la calidad de los servicios y de los procesos de la empresa, cumpliendo con el marco legal y evaluando peri\u00f3dicamente el desempe\u00f1o organizacional, enfoc\u00e1ndonos en la satisfacci\u00f3n de nuestros Afiliados.<\/p>\n<p><strong><span style=\"color: #173b72;\">Alcance y exclusiones del Sistema<\/span><\/strong><\/p>\n<p style=\"text-align: justify;\">El Sistema de Gesti\u00f3n de Calidad de la Asociaci\u00f3n Colombiana de Productores y Proveedores de Ca\u00f1a de Az\u00facar da cubrimiento a la prestaci\u00f3n de los servicios de Representaci\u00f3n Gremial, Asistencia T\u00e9cnica, Capacitaci\u00f3n y Servicios en Alianza para el cultivador de ca\u00f1a de az\u00facar, e incluye todos los procesos definidos en el mapa. En la definici\u00f3n de este alcance se han considerado el contexto definido por la organizaci\u00f3n dentro de su plan estrat\u00e9gico, enfocado en el objetivo principal que es contribuir con la <strong>Sostenibilidad del sector agroindustrial de la ca\u00f1a, <\/strong>teniendo en cuenta los requisitos de las partes interesadas y la normatividad legal.<\/p>\n<p style=\"text-align: justify;\">Teniendo en cuenta la naturaleza de los servicios prestados por PROCA\u00d1A\u00ae se consideran aplicables la totalidad de los requisitos de la norma NTC ISO 9001:2015, con excepci\u00f3n de los numerales 7.1.5.2 y 8.3.<\/p>\n<p style=\"text-align: justify;\"><strong><span style=\"color: #173b72;\">Pol\u00edtica de Calidad<\/span><\/strong><strong><span style=\"color: #173b72;\"><br \/> <\/span><\/strong>Satisfacer las necesidades y requisitos de los cultivadores de ca\u00f1a de az\u00facar, a trav\u00e9s de asistencias, capacitaci\u00f3n, representaci\u00f3n y gesti\u00f3n en pol\u00edtica p\u00fablica que impacten la sostenibilidad jur\u00eddica, social, ambiental y econ\u00f3mica del sector agroindustrial, garantizando oportunidad y eficacia de los procesos, optimizaci\u00f3n de los recursos y mejoramiento continuo.<\/p>\n<p><strong><span style=\"color: #173b72;\">Objetivos del Sistema<\/span><\/strong><\/p>\n<p><strong><span style=\"color: #173b72;\"><img loading=\"lazy\" decoding=\"async\" src=\"https:\/\/procana.org\/site\/wp-content\/uploads\/2022\/09\/objetivos-1-300x167.png\" width=\"359\" height=\"200\" alt=\"\" class=\"wp-image-4892 alignnone size-medium\" style=\"display: block; margin-left: auto; margin-right: auto;\" \/><\/span><\/strong><\/p>\n<p><strong><span style=\"color: #173b72;\">Mapa de Procesos<\/span><\/strong><\/p>\n<p><img loading=\"lazy\" decoding=\"async\" src=\"https:\/\/procana.org\/site\/wp-content\/uploads\/2023\/09\/MAPA-DE-PROCESOS-300x169.png\" width=\"403\" height=\"227\" alt=\"\" class=\"wp-image-6339 alignnone size-medium\" style=\"display: block; margin-left: auto; margin-right: auto;\" \/><\/p>\n<p>[\/et_pb_text][\/et_pb_column][\/et_pb_row][\/et_pb_section]<\/p>\n","protected":false},"excerpt":{"rendered":"<p>Sistema de Gesti\u00f3n de Calidad &#8211; SGCSISTEMA DE GESTI\u00d3N DE CALIDAD &#8211; SGC El direccionamiento estrat\u00e9gico de PROCA\u00d1A\u00ae establece los lineamientos para el Sistema de Gesti\u00f3n de la Calidad que ha sido implementado tomando como referencia la NTC\u2013ISO 9001:2015, con el fin de que nuestros Afiliados y dem\u00e1s partes interesadas en nuestros servicios, comprendan c\u00f3mo [&hellip;]<\/p>\n","protected":false},"author":1,"featured_media":0,"parent":0,"menu_order":0,"comment_status":"closed","ping_status":"closed","template":"","meta":{"_et_pb_use_builder":"on","_et_pb_old_content":"","_et_gb_content_width":"","footnotes":""},"class_list":["post-1255","page","type-page","status-publish","hentry"],"_links":{"self":[{"href":"https:\/\/procana.org\/site\/wp-json\/wp\/v2\/pages\/1255","targetHints":{"allow":["GET"]}}],"collection":[{"href":"https:\/\/procana.org\/site\/wp-json\/wp\/v2\/pages"}],"about":[{"href":"https:\/\/procana.org\/site\/wp-json\/wp\/v2\/types\/page"}],"author":[{"embeddable":true,"href":"https:\/\/procana.org\/site\/wp-json\/wp\/v2\/users\/1"}],"replies":[{"embeddable":true,"href":"https:\/\/procana.org\/site\/wp-json\/wp\/v2\/comments?post=1255"}],"version-history":[{"count":18,"href":"https:\/\/procana.org\/site\/wp-json\/wp\/v2\/pages\/1255\/revisions"}],"predecessor-version":[{"id":6340,"href":"https:\/\/procana.org\/site\/wp-json\/wp\/v2\/pages\/1255\/revisions\/6340"}],"wp:attachment":[{"href":"https:\/\/procana.org\/site\/wp-json\/wp\/v2\/media?parent=1255"}],"curies":[{"name":"wp","href":"https:\/\/api.w.org\/{rel}","templated":true}]}}